{"id":658,"date":"2025-03-31T20:16:20","date_gmt":"2025-03-31T20:16:20","guid":{"rendered":"https:\/\/ginecologacristinagarcia.com\/?page_id=658"},"modified":"2025-03-31T20:22:27","modified_gmt":"2025-03-31T20:22:27","slug":"sobre-mi","status":"publish","type":"page","link":"https:\/\/ginecologacristinagarcia.com\/index.php\/sobre-mi\/","title":{"rendered":"Sobre m\u00ed"},"content":{"rendered":"\t\t<div data-elementor-type=\"wp-page\" data-elementor-id=\"658\" class=\"elementor elementor-658\" data-elementor-post-type=\"page\">\n\t\t\t\t<div class=\"elementor-element elementor-element-ddb42cb e-flex e-con-boxed e-con e-parent\" data-id=\"ddb42cb\" data-element_type=\"container\" data-e-type=\"container\">\n\t\t\t\t\t<div class=\"e-con-inner\">\n\t\t<div class=\"elementor-element elementor-element-d4b199e e-con-full e-flex e-con e-child\" data-id=\"d4b199e\" data-element_type=\"container\" data-e-type=\"container\">\n\t\t\t\t<div class=\"elementor-element elementor-element-c5bebb9 elementor-widget elementor-widget-image\" data-id=\"c5bebb9\" data-element_type=\"widget\" data-e-type=\"widget\" data-widget_type=\"image.default\">\n\t\t\t\t<div class=\"elementor-widget-container\">\n\t\t\t\t\t\t\t\t\t\t\t\t\t\t\t<img fetchpriority=\"high\" decoding=\"async\" width=\"800\" height=\"800\" src=\"https:\/\/ginecologacristinagarcia.com\/wp-content\/uploads\/2025\/03\/Ginecologa-Cristina-Garcia-Valencia-10-1024x1024.jpg\" class=\"attachment-large size-large wp-image-661\" alt=\"\" srcset=\"https:\/\/ginecologacristinagarcia.com\/wp-content\/uploads\/2025\/03\/Ginecologa-Cristina-Garcia-Valencia-10-1024x1024.jpg 1024w, https:\/\/ginecologacristinagarcia.com\/wp-content\/uploads\/2025\/03\/Ginecologa-Cristina-Garcia-Valencia-10-300x300.jpg 300w, https:\/\/ginecologacristinagarcia.com\/wp-content\/uploads\/2025\/03\/Ginecologa-Cristina-Garcia-Valencia-10-150x150.jpg 150w, https:\/\/ginecologacristinagarcia.com\/wp-content\/uploads\/2025\/03\/Ginecologa-Cristina-Garcia-Valencia-10-768x768.jpg 768w, https:\/\/ginecologacristinagarcia.com\/wp-content\/uploads\/2025\/03\/Ginecologa-Cristina-Garcia-Valencia-10-12x12.jpg 12w, https:\/\/ginecologacristinagarcia.com\/wp-content\/uploads\/2025\/03\/Ginecologa-Cristina-Garcia-Valencia-10.jpg 1238w\" sizes=\"(max-width: 800px) 100vw, 800px\" \/>\t\t\t\t\t\t\t\t\t\t\t\t\t\t\t<\/div>\n\t\t\t\t<\/div>\n\t\t\t\t<\/div>\n\t\t<div class=\"elementor-element elementor-element-756fd2f e-con-full e-flex e-con e-child\" data-id=\"756fd2f\" data-element_type=\"container\" data-e-type=\"container\">\n\t\t\t\t<div class=\"elementor-element elementor-element-1fffaf9 elementor-widget elementor-widget-text-editor\" data-id=\"1fffaf9\" data-element_type=\"widget\" data-e-type=\"widget\" data-widget_type=\"text-editor.default\">\n\t\t\t\t<div class=\"elementor-widget-container\">\n\t\t\t\t\t\t\t\t\t<p>Bienvenidas a mi espacio web. Soy Cristina Garcia, m\u00e9dico especializada en Ginecolog\u00eda y Obstetricia y Medicina Est\u00e9tica.<\/p>\t\t\t\t\t\t\t\t<\/div>\n\t\t\t\t<\/div>\n\t\t\t\t<div class=\"elementor-element elementor-element-72dcb73 elementor-widget elementor-widget-text-editor\" data-id=\"72dcb73\" data-element_type=\"widget\" data-e-type=\"widget\" data-widget_type=\"text-editor.default\">\n\t\t\t\t<div class=\"elementor-widget-container\">\n\t\t\t\t\t\t\t\t\t<p>Mi camino profesional comenz\u00f3 en Barcelona, donde realic\u00e9 mis estudios universitarios en la<\/p><p>Universidad Aut\u00f3noma de Barcelona (UAB), y posteriormente me especialic\u00e9 en Ginecolog\u00eda y Obstetricia en Valencia, a trav\u00e9s del programa MIR. A lo largo de mi carrera, he podido perfeccionar mis conocimientos y adquirir experiencia en el cuidado de la salud femenina, desde la adolescencia hasta la menopausia, pasando por esa gran etapa que es la maternidad.<\/p><p>En\u00a0 los \u00faltimos a\u00f1os y siguiendo mi compromiso con la formaci\u00f3n continua\u00a0 he ampliado mis conocimientos con un m\u00e1ster en Medicina Est\u00e9tica a trav\u00e9s de la UDIMA. Esta nueva especializaci\u00f3n me permite combinar dos de mis pasiones: la salud integral de la mujer y el bienestar est\u00e9tico, ofreciendo a mis pacientes un enfoque integral que mejore tanto su salud f\u00edsica como su autoestima.<\/p>\t\t\t\t\t\t\t\t<\/div>\n\t\t\t\t<\/div>\n\t\t\t\t<div class=\"elementor-element elementor-element-ef9238d elementor-widget elementor-widget-text-editor\" data-id=\"ef9238d\" data-element_type=\"widget\" data-e-type=\"widget\" data-widget_type=\"text-editor.default\">\n\t\t\t\t<div class=\"elementor-widget-container\">\n\t\t\t\t\t\t\t\t\t<p>Como profesional, mi enfoque siempre ha sido proporcionar un trato cercano y personalizado, creando un espacio de confianza donde mis pacientes se sientan c\u00f3modas y seguras.\u00a0<\/p>\t\t\t\t\t\t\t\t<\/div>\n\t\t\t\t<\/div>\n\t\t\t\t<\/div>\n\t\t\t\t\t<\/div>\n\t\t\t\t<\/div>\n\t\t<div class=\"elementor-element elementor-element-18f3bdf e-flex e-con-boxed e-con e-parent\" data-id=\"18f3bdf\" data-element_type=\"container\" data-e-type=\"container\">\n\t\t\t\t\t<div class=\"e-con-inner\">\n\t\t\t\t<div class=\"elementor-element elementor-element-f4c2101 elementor-widget elementor-widget-text-editor\" data-id=\"f4c2101\" data-element_type=\"widget\" data-e-type=\"widget\" data-widget_type=\"text-editor.default\">\n\t\t\t\t<div class=\"elementor-widget-container\">\n\t\t\t\t\t\t\t\t\t<p>Fuera del \u00e1mbito profesional, soy mam\u00e1 primeriza y una apasionada de la naturaleza, me escapo siempre que puedo ya que encuentro en ella un equilibrio y una paz que me inspiran a seguir aprendiendo y creciendo, tanto en lo personal como en lo profesional.<\/p><p>Os invito a conocer m\u00e1s sobre mi trabajo y c\u00f3mo puedo ayudaros a cuidar vuestra salud y bienestar.<\/p>\t\t\t\t\t\t\t\t<\/div>\n\t\t\t\t<\/div>\n\t\t\t\t\t<\/div>\n\t\t\t\t<\/div>\n\t\t<div class=\"elementor-element elementor-element-2354ddd e-flex e-con-boxed e-con e-parent\" data-id=\"2354ddd\" data-element_type=\"container\" data-e-type=\"container\">\n\t\t\t\t\t<div class=\"e-con-inner\">\n\t\t\t\t<div class=\"elementor-element elementor-element-34c7564 elementor-widget elementor-widget-spacer\" data-id=\"34c7564\" data-element_type=\"widget\" data-e-type=\"widget\" data-widget_type=\"spacer.default\">\n\t\t\t\t<div class=\"elementor-widget-container\">\n\t\t\t\t\t\t\t<div class=\"elementor-spacer\">\n\t\t\t<div class=\"elementor-spacer-inner\"><\/div>\n\t\t<\/div>\n\t\t\t\t\t\t<\/div>\n\t\t\t\t<\/div>\n\t\t\t\t\t<\/div>\n\t\t\t\t<\/div>\n\t\t\t\t<\/div>\n\t\t","protected":false},"excerpt":{"rendered":"<p>Bienvenidas a mi espacio web. Soy Cristina Garcia, m\u00e9dico especializada en Ginecolog\u00eda y Obstetricia y Medicina Est\u00e9tica. Mi camino profesional comenz\u00f3 en Barcelona, donde realic\u00e9 mis estudios universitarios en la Universidad Aut\u00f3noma de Barcelona (UAB), y posteriormente me especialic\u00e9 en Ginecolog\u00eda y Obstetricia en Valencia, a trav\u00e9s del programa MIR. A lo largo de mi [&hellip;]<\/p>\n","protected":false},"author":1,"featured_media":0,"parent":0,"menu_order":0,"comment_status":"closed","ping_status":"closed","template":"","meta":{"footnotes":""},"class_list":["post-658","page","type-page","status-publish","hentry"],"yoast_head":"<!-- This site is optimized with the Yoast SEO plugin v27.1.1 - https:\/\/yoast.com\/product\/yoast-seo-wordpress\/ -->\n<title>Sobre m\u00ed - Ginecologa Cristina Garcia<\/title>\n<meta name=\"robots\" content=\"index, follow, max-snippet:-1, max-image-preview:large, max-video-preview:-1\" \/>\n<link rel=\"canonical\" href=\"https:\/\/ginecologacristinagarcia.com\/index.php\/sobre-mi\/\" \/>\n<meta property=\"og:locale\" content=\"es_ES\" \/>\n<meta property=\"og:type\" content=\"article\" \/>\n<meta property=\"og:title\" content=\"Sobre m\u00ed - Ginecologa Cristina Garcia\" \/>\n<meta property=\"og:description\" content=\"Bienvenidas a mi espacio web. Soy Cristina Garcia, m\u00e9dico especializada en Ginecolog\u00eda y Obstetricia y Medicina Est\u00e9tica. Mi camino profesional comenz\u00f3 en Barcelona, donde realic\u00e9 mis estudios universitarios en la Universidad Aut\u00f3noma de Barcelona (UAB), y posteriormente me especialic\u00e9 en Ginecolog\u00eda y Obstetricia en Valencia, a trav\u00e9s del programa MIR. A lo largo de mi [&hellip;]\" \/>\n<meta property=\"og:url\" content=\"https:\/\/ginecologacristinagarcia.com\/index.php\/sobre-mi\/\" \/>\n<meta property=\"og:site_name\" content=\"Ginecologa Cristina Garcia\" \/>\n<meta property=\"article:modified_time\" content=\"2025-03-31T20:22:27+00:00\" \/>\n<meta property=\"og:image\" content=\"https:\/\/ginecologacristinagarcia.com\/wp-content\/uploads\/2025\/03\/Ginecologa-Cristina-Garcia-Valencia-10.jpg\" \/>\n\t<meta property=\"og:image:width\" content=\"1238\" \/>\n\t<meta property=\"og:image:height\" content=\"1238\" \/>\n\t<meta property=\"og:image:type\" content=\"image\/jpeg\" \/>\n<meta name=\"twitter:card\" content=\"summary_large_image\" \/>\n<meta name=\"twitter:label1\" content=\"Tiempo de lectura\" \/>\n\t<meta name=\"twitter:data1\" content=\"2 minutos\" \/>\n<script type=\"application\/ld+json\" class=\"yoast-schema-graph\">{\"@context\":\"https:\/\/schema.org\",\"@graph\":[{\"@type\":\"WebPage\",\"@id\":\"https:\/\/ginecologacristinagarcia.com\/index.php\/sobre-mi\/\",\"url\":\"https:\/\/ginecologacristinagarcia.com\/index.php\/sobre-mi\/\",\"name\":\"Sobre m\u00ed - Ginecologa Cristina Garcia\",\"isPartOf\":{\"@id\":\"https:\/\/ginecologacristinagarcia.com\/#website\"},\"primaryImageOfPage\":{\"@id\":\"https:\/\/ginecologacristinagarcia.com\/index.php\/sobre-mi\/#primaryimage\"},\"image\":{\"@id\":\"https:\/\/ginecologacristinagarcia.com\/index.php\/sobre-mi\/#primaryimage\"},\"thumbnailUrl\":\"https:\/\/ginecologacristinagarcia.com\/wp-content\/uploads\/2025\/03\/Ginecologa-Cristina-Garcia-Valencia-10-1024x1024.jpg\",\"datePublished\":\"2025-03-31T20:16:20+00:00\",\"dateModified\":\"2025-03-31T20:22:27+00:00\",\"breadcrumb\":{\"@id\":\"https:\/\/ginecologacristinagarcia.com\/index.php\/sobre-mi\/#breadcrumb\"},\"inLanguage\":\"es\",\"potentialAction\":[{\"@type\":\"ReadAction\",\"target\":[\"https:\/\/ginecologacristinagarcia.com\/index.php\/sobre-mi\/\"]}]},{\"@type\":\"ImageObject\",\"inLanguage\":\"es\",\"@id\":\"https:\/\/ginecologacristinagarcia.com\/index.php\/sobre-mi\/#primaryimage\",\"url\":\"https:\/\/ginecologacristinagarcia.com\/wp-content\/uploads\/2025\/03\/Ginecologa-Cristina-Garcia-Valencia-10.jpg\",\"contentUrl\":\"https:\/\/ginecologacristinagarcia.com\/wp-content\/uploads\/2025\/03\/Ginecologa-Cristina-Garcia-Valencia-10.jpg\",\"width\":1238,\"height\":1238},{\"@type\":\"BreadcrumbList\",\"@id\":\"https:\/\/ginecologacristinagarcia.com\/index.php\/sobre-mi\/#breadcrumb\",\"itemListElement\":[{\"@type\":\"ListItem\",\"position\":1,\"name\":\"Portada\",\"item\":\"https:\/\/ginecologacristinagarcia.com\/\"},{\"@type\":\"ListItem\",\"position\":2,\"name\":\"Sobre m\u00ed\"}]},{\"@type\":\"WebSite\",\"@id\":\"https:\/\/ginecologacristinagarcia.com\/#website\",\"url\":\"https:\/\/ginecologacristinagarcia.com\/\",\"name\":\"Ginecologa Cristina Garcia\",\"description\":\"\",\"publisher\":{\"@id\":\"https:\/\/ginecologacristinagarcia.com\/#organization\"},\"potentialAction\":[{\"@type\":\"SearchAction\",\"target\":{\"@type\":\"EntryPoint\",\"urlTemplate\":\"https:\/\/ginecologacristinagarcia.com\/?s={search_term_string}\"},\"query-input\":{\"@type\":\"PropertyValueSpecification\",\"valueRequired\":true,\"valueName\":\"search_term_string\"}}],\"inLanguage\":\"es\"},{\"@type\":\"Organization\",\"@id\":\"https:\/\/ginecologacristinagarcia.com\/#organization\",\"name\":\"Ginecologa Cristina Garcia\",\"url\":\"https:\/\/ginecologacristinagarcia.com\/\",\"logo\":{\"@type\":\"ImageObject\",\"inLanguage\":\"es\",\"@id\":\"https:\/\/ginecologacristinagarcia.com\/#\/schema\/logo\/image\/\",\"url\":\"https:\/\/ginecologacristinagarcia.com\/wp-content\/uploads\/2025\/02\/cropped-logo-06.png\",\"contentUrl\":\"https:\/\/ginecologacristinagarcia.com\/wp-content\/uploads\/2025\/02\/cropped-logo-06.png\",\"width\":2001,\"height\":509,\"caption\":\"Ginecologa Cristina Garcia\"},\"image\":{\"@id\":\"https:\/\/ginecologacristinagarcia.com\/#\/schema\/logo\/image\/\"}}]}<\/script>\n<!-- \/ Yoast SEO plugin. -->","yoast_head_json":{"title":"Sobre m\u00ed - Ginecologa Cristina Garcia","robots":{"index":"index","follow":"follow","max-snippet":"max-snippet:-1","max-image-preview":"max-image-preview:large","max-video-preview":"max-video-preview:-1"},"canonical":"https:\/\/ginecologacristinagarcia.com\/index.php\/sobre-mi\/","og_locale":"es_ES","og_type":"article","og_title":"Sobre m\u00ed - Ginecologa Cristina Garcia","og_description":"Bienvenidas a mi espacio web. Soy Cristina Garcia, m\u00e9dico especializada en Ginecolog\u00eda y Obstetricia y Medicina Est\u00e9tica. Mi camino profesional comenz\u00f3 en Barcelona, donde realic\u00e9 mis estudios universitarios en la Universidad Aut\u00f3noma de Barcelona (UAB), y posteriormente me especialic\u00e9 en Ginecolog\u00eda y Obstetricia en Valencia, a trav\u00e9s del programa MIR. A lo largo de mi [&hellip;]","og_url":"https:\/\/ginecologacristinagarcia.com\/index.php\/sobre-mi\/","og_site_name":"Ginecologa Cristina Garcia","article_modified_time":"2025-03-31T20:22:27+00:00","og_image":[{"width":1238,"height":1238,"url":"https:\/\/ginecologacristinagarcia.com\/wp-content\/uploads\/2025\/03\/Ginecologa-Cristina-Garcia-Valencia-10.jpg","type":"image\/jpeg"}],"twitter_card":"summary_large_image","twitter_misc":{"Tiempo de lectura":"2 minutos"},"schema":{"@context":"https:\/\/schema.org","@graph":[{"@type":"WebPage","@id":"https:\/\/ginecologacristinagarcia.com\/index.php\/sobre-mi\/","url":"https:\/\/ginecologacristinagarcia.com\/index.php\/sobre-mi\/","name":"Sobre m\u00ed - Ginecologa Cristina Garcia","isPartOf":{"@id":"https:\/\/ginecologacristinagarcia.com\/#website"},"primaryImageOfPage":{"@id":"https:\/\/ginecologacristinagarcia.com\/index.php\/sobre-mi\/#primaryimage"},"image":{"@id":"https:\/\/ginecologacristinagarcia.com\/index.php\/sobre-mi\/#primaryimage"},"thumbnailUrl":"https:\/\/ginecologacristinagarcia.com\/wp-content\/uploads\/2025\/03\/Ginecologa-Cristina-Garcia-Valencia-10-1024x1024.jpg","datePublished":"2025-03-31T20:16:20+00:00","dateModified":"2025-03-31T20:22:27+00:00","breadcrumb":{"@id":"https:\/\/ginecologacristinagarcia.com\/index.php\/sobre-mi\/#breadcrumb"},"inLanguage":"es","potentialAction":[{"@type":"ReadAction","target":["https:\/\/ginecologacristinagarcia.com\/index.php\/sobre-mi\/"]}]},{"@type":"ImageObject","inLanguage":"es","@id":"https:\/\/ginecologacristinagarcia.com\/index.php\/sobre-mi\/#primaryimage","url":"https:\/\/ginecologacristinagarcia.com\/wp-content\/uploads\/2025\/03\/Ginecologa-Cristina-Garcia-Valencia-10.jpg","contentUrl":"https:\/\/ginecologacristinagarcia.com\/wp-content\/uploads\/2025\/03\/Ginecologa-Cristina-Garcia-Valencia-10.jpg","width":1238,"height":1238},{"@type":"BreadcrumbList","@id":"https:\/\/ginecologacristinagarcia.com\/index.php\/sobre-mi\/#breadcrumb","itemListElement":[{"@type":"ListItem","position":1,"name":"Portada","item":"https:\/\/ginecologacristinagarcia.com\/"},{"@type":"ListItem","position":2,"name":"Sobre m\u00ed"}]},{"@type":"WebSite","@id":"https:\/\/ginecologacristinagarcia.com\/#website","url":"https:\/\/ginecologacristinagarcia.com\/","name":"Ginecologa Cristina Garcia","description":"","publisher":{"@id":"https:\/\/ginecologacristinagarcia.com\/#organization"},"potentialAction":[{"@type":"SearchAction","target":{"@type":"EntryPoint","urlTemplate":"https:\/\/ginecologacristinagarcia.com\/?s={search_term_string}"},"query-input":{"@type":"PropertyValueSpecification","valueRequired":true,"valueName":"search_term_string"}}],"inLanguage":"es"},{"@type":"Organization","@id":"https:\/\/ginecologacristinagarcia.com\/#organization","name":"Ginecologa Cristina Garcia","url":"https:\/\/ginecologacristinagarcia.com\/","logo":{"@type":"ImageObject","inLanguage":"es","@id":"https:\/\/ginecologacristinagarcia.com\/#\/schema\/logo\/image\/","url":"https:\/\/ginecologacristinagarcia.com\/wp-content\/uploads\/2025\/02\/cropped-logo-06.png","contentUrl":"https:\/\/ginecologacristinagarcia.com\/wp-content\/uploads\/2025\/02\/cropped-logo-06.png","width":2001,"height":509,"caption":"Ginecologa Cristina Garcia"},"image":{"@id":"https:\/\/ginecologacristinagarcia.com\/#\/schema\/logo\/image\/"}}]}},"_links":{"self":[{"href":"https:\/\/ginecologacristinagarcia.com\/index.php\/wp-json\/wp\/v2\/pages\/658","targetHints":{"allow":["GET"]}}],"collection":[{"href":"https:\/\/ginecologacristinagarcia.com\/index.php\/wp-json\/wp\/v2\/pages"}],"about":[{"href":"https:\/\/ginecologacristinagarcia.com\/index.php\/wp-json\/wp\/v2\/types\/page"}],"author":[{"embeddable":true,"href":"https:\/\/ginecologacristinagarcia.com\/index.php\/wp-json\/wp\/v2\/users\/1"}],"replies":[{"embeddable":true,"href":"https:\/\/ginecologacristinagarcia.com\/index.php\/wp-json\/wp\/v2\/comments?post=658"}],"version-history":[{"count":10,"href":"https:\/\/ginecologacristinagarcia.com\/index.php\/wp-json\/wp\/v2\/pages\/658\/revisions"}],"predecessor-version":[{"id":671,"href":"https:\/\/ginecologacristinagarcia.com\/index.php\/wp-json\/wp\/v2\/pages\/658\/revisions\/671"}],"wp:attachment":[{"href":"https:\/\/ginecologacristinagarcia.com\/index.php\/wp-json\/wp\/v2\/media?parent=658"}],"curies":[{"name":"wp","href":"https:\/\/api.w.org\/{rel}","templated":true}]}}