{"id":586,"date":"2025-03-12T12:08:30","date_gmt":"2025-03-12T12:08:30","guid":{"rendered":"https:\/\/ginecologacristinagarcia.com\/?page_id=586"},"modified":"2025-03-12T12:09:08","modified_gmt":"2025-03-12T12:09:08","slug":"politica-de-devoluciones-y-reembolsos","status":"publish","type":"page","link":"https:\/\/ginecologacristinagarcia.com\/index.php\/politica-de-devoluciones-y-reembolsos\/","title":{"rendered":"T\u00e9rminos y condiciones"},"content":{"rendered":"\n<h1 class=\"wp-block-heading\"><\/h1>\n\n\n\n<h1 class=\"wp-block-heading\"><\/h1>\n\n\n\n<h3 class=\"wp-block-heading\">CONDICIONES DE COMPRA<\/h3>\n\n\n\n<h4 class=\"wp-block-heading\">FORMAS DE PAGO<\/h4>\n\n\n\n<p>PAGO CON TARJETA DE CR\u00c9DITO\/D\u00c9BITO<\/p>\n\n\n\n<ul class=\"wp-block-list\">\n<li>Puedes pagar con tarjeta de cr\u00e9dito\/d\u00e9bito a trav\u00e9s de la plataforma de pagos redsys. Este m\u00e9todo no tiene ning\u00fan coste adicional.<\/li>\n<\/ul>\n\n\n\n<p>PAGO CON TRANSFERENCIA BANCARIA<\/p>\n\n\n\n<ul class=\"wp-block-list\">\n<li>Puedes optar por pagar con transferencia bancaria al realizar tu pedido. El n\u00famero de cuenta aparecer\u00e1 una vez que hayas completado tu pedido. Tu pedido ser\u00e1 enviado una vez que hayamos verificado el pago. Ten en cuenta que si la transferencia se realiza desde un banco distinto, puede tardar varios d\u00edas en llegar a nuestra cuenta en Cristina Garcia Marin.<\/li>\n<\/ul>\n\n\n\n<p>PAGO CONTRA REEMBOLSO<\/p>\n\n\n\n<ul class=\"wp-block-list\">\n<li>Este m\u00e9todo de pago incluye una tasa del 5%, con un m\u00ednimo de 2,40\u20ac, que se destina \u00edntegramente a la empresa de log\u00edstica. Para utilizar este m\u00e9todo de pago, es necesario tener el dinero en efectivo y el importe exacto al momento de la entrega del paquete. Debes estar registrado en nuestro sitio web con tu usuario para beneficiarte de esta opci\u00f3n de pago. No est\u00e1 disponible para residentes en Baleares, Canarias y Portugal.<\/li>\n<\/ul>\n\n\n\n<p>PAGO CON BIZUM<\/p>\n\n\n\n<ul class=\"wp-block-list\">\n<li>Pagar con Bizum es muy sencillo. Solo tienes que ingresar a la pasarela de pagos de Redsys y continuar con la compra. Este m\u00e9todo de pago no tiene ning\u00fan coste adicional y es conveniente para tus compras en Essenza Aroma Natura S.L.<\/li>\n<\/ul>\n\n\n\n<h3 class=\"wp-block-heading\">FORMAS DE ENV\u00cdO<\/h3>\n\n\n\n<h4 class=\"wp-block-heading\">Entrega a Domicilio:<\/h4>\n\n\n\n<ul class=\"wp-block-list\">\n<li>Pen\u00ednsula:\n<ul class=\"wp-block-list\">\n<li>Gratuito en pedidos superiores a 49\u20ac.<\/li>\n\n\n\n<li>Coste de 2,99\u20ac para pedidos inferiores a 49\u20ac.<\/li>\n\n\n\n<li>Tiempo de entrega: 24\/48 horas laborables para pedidos de lunes a viernes antes de las 12h. Pedidos despu\u00e9s de las 12h o en festivos pueden tardar m\u00e1s. Los pedidos realizados el viernes o en fin de semana se entregan a partir del lunes.<\/li>\n<\/ul>\n<\/li>\n\n\n\n<li>Baleares:\n<ul class=\"wp-block-list\">\n<li>Gratuito en pedidos superiores a 99\u20ac.<\/li>\n\n\n\n<li>Coste de 6,99\u20ac para pedidos inferiores a 99\u20ac.<\/li>\n\n\n\n<li>Tiempo de entrega: 5 a 7 d\u00edas laborales.<\/li>\n<\/ul>\n<\/li>\n\n\n\n<li>Portugal:\n<ul class=\"wp-block-list\">\n<li>Gratuito en pedidos superiores a 59\u20ac.<\/li>\n\n\n\n<li>Coste de 3,99\u20ac para pedidos inferiores a 59\u20ac.<\/li>\n\n\n\n<li>Tiempo de entrega: 1 a 3 d\u00edas laborales.<\/li>\n<\/ul>\n<\/li>\n<\/ul>\n\n\n\n<p><em>En per\u00edodos de rebajas, promociones o gastos de env\u00edo gratis, las entregas pueden tardar m\u00e1s de lo habitual.<\/em><\/p>\n\n\n\n<p>Env\u00edos a toda la Pen\u00ednsula y Baleares, excepto Canarias, Ceuta y Melilla. Para env\u00edos fuera de esta zona, cont\u00e1ctanos en cristinagarcia.dra@gmail.com.<\/p>\n\n\n\n<h3 class=\"wp-block-heading\">GARANT\u00cdA<\/h3>\n\n\n\n<p>Todos nuestros productos tienen una garant\u00eda de 2 a\u00f1os por defecto de f\u00e1brica. Es &nbsp; imprescindible guardar el ticket o pedido y el embalaje original.<\/p>\n\n\n\n<p>Para hacer uso de la garant\u00eda, cont\u00e1ctanos por tel\u00e9fono o WhatsApp al &lt;&lt;WhatsApp&gt;. Somos r\u00e1pidos en contestar y solucionar incidencias. La garant\u00eda no cubre mal uso, uso inadecuado, manipulaci\u00f3n indebida, da\u00f1os por agentes externos o mantenimiento inadecuado, as\u00ed como subidas de tensi\u00f3n.<\/p>\n\n\n\n<p>Contacto para Garant\u00eda:<\/p>\n\n\n\n<ul class=\"wp-block-list\">\n<li>E-mail: cristinagarcia.dra@gmail.com<\/li>\n\n\n\n<li>WhatsApp: &lt;&lt;WhatsApp><\/li>\n<\/ul>\n\n\n\n<h3 class=\"wp-block-heading\">CAMBIOS Y DEVOLUCIONES<\/h3>\n\n\n\n<ul class=\"wp-block-list\">\n<li>Tienes 14 d\u00edas para devolver un art\u00edculo desde la fecha de compra si no est\u00e1s satisfecho\/a.<\/li>\n\n\n\n<li>Realizamos reembolsos una vez comprobada la mercanc\u00eda, utilizando el mismo m\u00e9todo de pago que usaste al realizar el pedido.<\/li>\n<\/ul>\n\n\n\n<p>Condiciones para devoluciones:<\/p>\n\n\n\n<ul class=\"wp-block-list\">\n<li>El producto debe estar en perfecto estado y con su embalaje original sin abrir.<\/li>\n\n\n\n<li>Debe ser devuelto en las mismas condiciones en las que fue recibido.<\/li>\n\n\n\n<li>La devoluci\u00f3n se puede hacer mediante correo ordinario o certificado a: Valencia 46019 634708634 Valencia Espa\u00f1a.<\/li>\n<\/ul>\n\n\n\n<p>Opciones para devoluci\u00f3n:<\/p>\n\n\n\n<ul class=\"wp-block-list\">\n<li>En Tienda F\u00edsica:\n<ul class=\"wp-block-list\">\n<li>En nuestro punto fisico Valencia 46019 634708634 Valencia Espa\u00f1a.<\/li>\n\n\n\n<li>El reembolso se realiza utilizando el mismo m\u00e9todo de pago de la compra.<\/li>\n<\/ul>\n<\/li>\n\n\n\n<li>Con Empresa de Mensajer\u00eda:\n<ul class=\"wp-block-list\">\n<li>Aseg\u00farate de empaquetar el producto adecuadamente.<\/li>\n\n\n\n<li>El coste de env\u00edo corre por cuenta del cliente, a menos que sea por defecto o rotura. Teniendo en cuenta que los portes son dobles (2.99\u20ac) ya que se cobrar\u00eda el de recogida del producto y la posterior entrega en tienda f\u00edsica.<\/li>\n<\/ul>\n<\/li>\n<\/ul>\n","protected":false},"excerpt":{"rendered":"<p>CONDICIONES DE COMPRA FORMAS DE PAGO PAGO CON TARJETA DE CR\u00c9DITO\/D\u00c9BITO PAGO CON TRANSFERENCIA BANCARIA PAGO CONTRA REEMBOLSO PAGO CON BIZUM FORMAS DE ENV\u00cdO Entrega a Domicilio: En per\u00edodos de rebajas, promociones o gastos de env\u00edo gratis, las entregas pueden tardar m\u00e1s de lo habitual. Env\u00edos a toda la Pen\u00ednsula y Baleares, excepto Canarias, Ceuta [&hellip;]<\/p>\n","protected":false},"author":1,"featured_media":0,"parent":0,"menu_order":0,"comment_status":"closed","ping_status":"closed","template":"","meta":{"footnotes":""},"class_list":["post-586","page","type-page","status-publish","hentry"],"yoast_head":"<!-- This site is optimized with the Yoast SEO plugin v27.1.1 - https:\/\/yoast.com\/product\/yoast-seo-wordpress\/ -->\n<title>T\u00e9rminos y condiciones - Ginecologa Cristina Garcia<\/title>\n<meta name=\"robots\" content=\"index, follow, max-snippet:-1, max-image-preview:large, max-video-preview:-1\" \/>\n<link rel=\"canonical\" href=\"https:\/\/ginecologacristinagarcia.com\/index.php\/politica-de-devoluciones-y-reembolsos\/\" \/>\n<meta property=\"og:locale\" content=\"es_ES\" \/>\n<meta property=\"og:type\" content=\"article\" \/>\n<meta property=\"og:title\" content=\"T\u00e9rminos y condiciones - Ginecologa Cristina Garcia\" \/>\n<meta property=\"og:description\" content=\"CONDICIONES DE COMPRA FORMAS DE PAGO PAGO CON TARJETA DE CR\u00c9DITO\/D\u00c9BITO PAGO CON TRANSFERENCIA BANCARIA PAGO CONTRA REEMBOLSO PAGO CON BIZUM FORMAS DE ENV\u00cdO Entrega a Domicilio: En per\u00edodos de rebajas, promociones o gastos de env\u00edo gratis, las entregas pueden tardar m\u00e1s de lo habitual. Env\u00edos a toda la Pen\u00ednsula y Baleares, excepto Canarias, Ceuta [&hellip;]\" \/>\n<meta property=\"og:url\" content=\"https:\/\/ginecologacristinagarcia.com\/index.php\/politica-de-devoluciones-y-reembolsos\/\" \/>\n<meta property=\"og:site_name\" content=\"Ginecologa Cristina Garcia\" \/>\n<meta property=\"article:modified_time\" content=\"2025-03-12T12:09:08+00:00\" \/>\n<meta name=\"twitter:card\" content=\"summary_large_image\" \/>\n<meta name=\"twitter:label1\" content=\"Tiempo de lectura\" \/>\n\t<meta name=\"twitter:data1\" content=\"3 minutos\" \/>\n<script type=\"application\/ld+json\" class=\"yoast-schema-graph\">{\"@context\":\"https:\/\/schema.org\",\"@graph\":[{\"@type\":\"WebPage\",\"@id\":\"https:\/\/ginecologacristinagarcia.com\/index.php\/politica-de-devoluciones-y-reembolsos\/\",\"url\":\"https:\/\/ginecologacristinagarcia.com\/index.php\/politica-de-devoluciones-y-reembolsos\/\",\"name\":\"T\u00e9rminos y condiciones - Ginecologa Cristina Garcia\",\"isPartOf\":{\"@id\":\"https:\/\/ginecologacristinagarcia.com\/#website\"},\"datePublished\":\"2025-03-12T12:08:30+00:00\",\"dateModified\":\"2025-03-12T12:09:08+00:00\",\"breadcrumb\":{\"@id\":\"https:\/\/ginecologacristinagarcia.com\/index.php\/politica-de-devoluciones-y-reembolsos\/#breadcrumb\"},\"inLanguage\":\"es\",\"potentialAction\":[{\"@type\":\"ReadAction\",\"target\":[\"https:\/\/ginecologacristinagarcia.com\/index.php\/politica-de-devoluciones-y-reembolsos\/\"]}]},{\"@type\":\"BreadcrumbList\",\"@id\":\"https:\/\/ginecologacristinagarcia.com\/index.php\/politica-de-devoluciones-y-reembolsos\/#breadcrumb\",\"itemListElement\":[{\"@type\":\"ListItem\",\"position\":1,\"name\":\"Portada\",\"item\":\"https:\/\/ginecologacristinagarcia.com\/\"},{\"@type\":\"ListItem\",\"position\":2,\"name\":\"T\u00e9rminos y condiciones\"}]},{\"@type\":\"WebSite\",\"@id\":\"https:\/\/ginecologacristinagarcia.com\/#website\",\"url\":\"https:\/\/ginecologacristinagarcia.com\/\",\"name\":\"Ginecologa Cristina Garcia\",\"description\":\"\",\"publisher\":{\"@id\":\"https:\/\/ginecologacristinagarcia.com\/#organization\"},\"potentialAction\":[{\"@type\":\"SearchAction\",\"target\":{\"@type\":\"EntryPoint\",\"urlTemplate\":\"https:\/\/ginecologacristinagarcia.com\/?s={search_term_string}\"},\"query-input\":{\"@type\":\"PropertyValueSpecification\",\"valueRequired\":true,\"valueName\":\"search_term_string\"}}],\"inLanguage\":\"es\"},{\"@type\":\"Organization\",\"@id\":\"https:\/\/ginecologacristinagarcia.com\/#organization\",\"name\":\"Ginecologa Cristina Garcia\",\"url\":\"https:\/\/ginecologacristinagarcia.com\/\",\"logo\":{\"@type\":\"ImageObject\",\"inLanguage\":\"es\",\"@id\":\"https:\/\/ginecologacristinagarcia.com\/#\/schema\/logo\/image\/\",\"url\":\"https:\/\/ginecologacristinagarcia.com\/wp-content\/uploads\/2025\/02\/cropped-logo-06.png\",\"contentUrl\":\"https:\/\/ginecologacristinagarcia.com\/wp-content\/uploads\/2025\/02\/cropped-logo-06.png\",\"width\":2001,\"height\":509,\"caption\":\"Ginecologa Cristina Garcia\"},\"image\":{\"@id\":\"https:\/\/ginecologacristinagarcia.com\/#\/schema\/logo\/image\/\"}}]}<\/script>\n<!-- \/ Yoast SEO plugin. -->","yoast_head_json":{"title":"T\u00e9rminos y condiciones - Ginecologa Cristina Garcia","robots":{"index":"index","follow":"follow","max-snippet":"max-snippet:-1","max-image-preview":"max-image-preview:large","max-video-preview":"max-video-preview:-1"},"canonical":"https:\/\/ginecologacristinagarcia.com\/index.php\/politica-de-devoluciones-y-reembolsos\/","og_locale":"es_ES","og_type":"article","og_title":"T\u00e9rminos y condiciones - Ginecologa Cristina Garcia","og_description":"CONDICIONES DE COMPRA FORMAS DE PAGO PAGO CON TARJETA DE CR\u00c9DITO\/D\u00c9BITO PAGO CON TRANSFERENCIA BANCARIA PAGO CONTRA REEMBOLSO PAGO CON BIZUM FORMAS DE ENV\u00cdO Entrega a Domicilio: En per\u00edodos de rebajas, promociones o gastos de env\u00edo gratis, las entregas pueden tardar m\u00e1s de lo habitual. Env\u00edos a toda la Pen\u00ednsula y Baleares, excepto Canarias, Ceuta [&hellip;]","og_url":"https:\/\/ginecologacristinagarcia.com\/index.php\/politica-de-devoluciones-y-reembolsos\/","og_site_name":"Ginecologa Cristina Garcia","article_modified_time":"2025-03-12T12:09:08+00:00","twitter_card":"summary_large_image","twitter_misc":{"Tiempo de lectura":"3 minutos"},"schema":{"@context":"https:\/\/schema.org","@graph":[{"@type":"WebPage","@id":"https:\/\/ginecologacristinagarcia.com\/index.php\/politica-de-devoluciones-y-reembolsos\/","url":"https:\/\/ginecologacristinagarcia.com\/index.php\/politica-de-devoluciones-y-reembolsos\/","name":"T\u00e9rminos y condiciones - Ginecologa Cristina Garcia","isPartOf":{"@id":"https:\/\/ginecologacristinagarcia.com\/#website"},"datePublished":"2025-03-12T12:08:30+00:00","dateModified":"2025-03-12T12:09:08+00:00","breadcrumb":{"@id":"https:\/\/ginecologacristinagarcia.com\/index.php\/politica-de-devoluciones-y-reembolsos\/#breadcrumb"},"inLanguage":"es","potentialAction":[{"@type":"ReadAction","target":["https:\/\/ginecologacristinagarcia.com\/index.php\/politica-de-devoluciones-y-reembolsos\/"]}]},{"@type":"BreadcrumbList","@id":"https:\/\/ginecologacristinagarcia.com\/index.php\/politica-de-devoluciones-y-reembolsos\/#breadcrumb","itemListElement":[{"@type":"ListItem","position":1,"name":"Portada","item":"https:\/\/ginecologacristinagarcia.com\/"},{"@type":"ListItem","position":2,"name":"T\u00e9rminos y condiciones"}]},{"@type":"WebSite","@id":"https:\/\/ginecologacristinagarcia.com\/#website","url":"https:\/\/ginecologacristinagarcia.com\/","name":"Ginecologa Cristina Garcia","description":"","publisher":{"@id":"https:\/\/ginecologacristinagarcia.com\/#organization"},"potentialAction":[{"@type":"SearchAction","target":{"@type":"EntryPoint","urlTemplate":"https:\/\/ginecologacristinagarcia.com\/?s={search_term_string}"},"query-input":{"@type":"PropertyValueSpecification","valueRequired":true,"valueName":"search_term_string"}}],"inLanguage":"es"},{"@type":"Organization","@id":"https:\/\/ginecologacristinagarcia.com\/#organization","name":"Ginecologa Cristina Garcia","url":"https:\/\/ginecologacristinagarcia.com\/","logo":{"@type":"ImageObject","inLanguage":"es","@id":"https:\/\/ginecologacristinagarcia.com\/#\/schema\/logo\/image\/","url":"https:\/\/ginecologacristinagarcia.com\/wp-content\/uploads\/2025\/02\/cropped-logo-06.png","contentUrl":"https:\/\/ginecologacristinagarcia.com\/wp-content\/uploads\/2025\/02\/cropped-logo-06.png","width":2001,"height":509,"caption":"Ginecologa Cristina Garcia"},"image":{"@id":"https:\/\/ginecologacristinagarcia.com\/#\/schema\/logo\/image\/"}}]}},"_links":{"self":[{"href":"https:\/\/ginecologacristinagarcia.com\/index.php\/wp-json\/wp\/v2\/pages\/586","targetHints":{"allow":["GET"]}}],"collection":[{"href":"https:\/\/ginecologacristinagarcia.com\/index.php\/wp-json\/wp\/v2\/pages"}],"about":[{"href":"https:\/\/ginecologacristinagarcia.com\/index.php\/wp-json\/wp\/v2\/types\/page"}],"author":[{"embeddable":true,"href":"https:\/\/ginecologacristinagarcia.com\/index.php\/wp-json\/wp\/v2\/users\/1"}],"replies":[{"embeddable":true,"href":"https:\/\/ginecologacristinagarcia.com\/index.php\/wp-json\/wp\/v2\/comments?post=586"}],"version-history":[{"count":2,"href":"https:\/\/ginecologacristinagarcia.com\/index.php\/wp-json\/wp\/v2\/pages\/586\/revisions"}],"predecessor-version":[{"id":589,"href":"https:\/\/ginecologacristinagarcia.com\/index.php\/wp-json\/wp\/v2\/pages\/586\/revisions\/589"}],"wp:attachment":[{"href":"https:\/\/ginecologacristinagarcia.com\/index.php\/wp-json\/wp\/v2\/media?parent=586"}],"curies":[{"name":"wp","href":"https:\/\/api.w.org\/{rel}","templated":true}]}}