{"id":457,"date":"2025-02-24T07:56:25","date_gmt":"2025-02-24T07:56:25","guid":{"rendered":"https:\/\/ginecologacristinagarcia.com\/?page_id=457"},"modified":"2025-02-24T08:18:26","modified_gmt":"2025-02-24T08:18:26","slug":"consulta-online","status":"publish","type":"page","link":"https:\/\/ginecologacristinagarcia.com\/index.php\/consulta-online\/","title":{"rendered":"Consulta Online"},"content":{"rendered":"\t\t<div data-elementor-type=\"wp-page\" data-elementor-id=\"457\" class=\"elementor elementor-457\" data-elementor-post-type=\"page\">\n\t\t\t\t<div class=\"elementor-element elementor-element-1c35c23 e-flex e-con-boxed e-con e-parent\" data-id=\"1c35c23\" data-element_type=\"container\" data-e-type=\"container\">\n\t\t\t\t\t<div class=\"e-con-inner\">\n\t\t<div class=\"elementor-element elementor-element-776d693 e-con-full e-flex e-con e-child\" data-id=\"776d693\" data-element_type=\"container\" data-e-type=\"container\">\n\t\t\t\t<div class=\"elementor-element elementor-element-f0473f0 elementor-widget elementor-widget-heading\" data-id=\"f0473f0\" data-element_type=\"widget\" data-e-type=\"widget\" data-widget_type=\"heading.default\">\n\t\t\t\t<div class=\"elementor-widget-container\">\n\t\t\t\t\t<h2 class=\"elementor-heading-title elementor-size-default\">CONSULTA ONLINE<\/h2>\t\t\t\t<\/div>\n\t\t\t\t<\/div>\n\t\t\t\t<div class=\"elementor-element elementor-element-594f57d elementor-widget elementor-widget-text-editor\" data-id=\"594f57d\" data-element_type=\"widget\" data-e-type=\"widget\" data-widget_type=\"text-editor.default\">\n\t\t\t\t<div class=\"elementor-widget-container\">\n\t\t\t\t\t\t\t\t\t<p>Deber\u00e1s responder un breve cuestionario y concertaremos una cita. <br \/>La consulta online no sustituye en ning\u00fan caso una consulta tradicional con su correspondiente <br \/>exploraci\u00f3n f\u00edsica. Puedo atender con esta modalidad dudas diagn\u00f3sticas, segundas opiniones, <br \/>interpretaci\u00f3n de resultados, o peque\u00f1as consultas que no necesiten de exploraci\u00f3n f\u00edsica. <br \/>Si en el transcurso de la visita, bajo criterio m\u00e9dico, se decide que no es apta para consulta online se <br \/>finalizar\u00e1 dicha consulta y se remitir\u00e1 al centro m\u00e9dico correspondiente.<\/p>\t\t\t\t\t\t\t\t<\/div>\n\t\t\t\t<\/div>\n\t\t\t\t<div class=\"elementor-element elementor-element-152cb2a elementor-widget elementor-widget-heading\" data-id=\"152cb2a\" data-element_type=\"widget\" data-e-type=\"widget\" data-widget_type=\"heading.default\">\n\t\t\t\t<div class=\"elementor-widget-container\">\n\t\t\t\t\t<h2 class=\"elementor-heading-title elementor-size-default\">Precio de la consulta 70 \u20ac (Duraci\u00f3n 20 min)  <\/h2>\t\t\t\t<\/div>\n\t\t\t\t<\/div>\n\t\t\t\t<\/div>\n\t\t<div class=\"elementor-element elementor-element-be2eafa e-con-full e-flex e-con e-child\" data-id=\"be2eafa\" data-element_type=\"container\" data-e-type=\"container\">\n\t\t\t\t<div class=\"elementor-element elementor-element-f367a3b elementor-widget elementor-widget-text-editor\" data-id=\"f367a3b\" data-element_type=\"widget\" data-e-type=\"widget\" data-widget_type=\"text-editor.default\">\n\t\t\t\t<div class=\"elementor-widget-container\">\n\t\t\t\t\t\t\t\t\t<p>cristinagarcia.dra@gmail.com<\/p>\t\t\t\t\t\t\t\t<\/div>\n\t\t\t\t<\/div>\n\t\t\t\t<div class=\"elementor-element elementor-element-2128e31 elementor-button-align-stretch elementor-widget elementor-widget-form\" data-id=\"2128e31\" data-element_type=\"widget\" data-e-type=\"widget\" data-settings=\"{&quot;step_next_label&quot;:&quot;Siguiente&quot;,&quot;step_previous_label&quot;:&quot;Anterior&quot;,&quot;button_width&quot;:&quot;100&quot;,&quot;step_type&quot;:&quot;number_text&quot;,&quot;step_icon_shape&quot;:&quot;circle&quot;}\" data-widget_type=\"form.default\">\n\t\t\t\t<div class=\"elementor-widget-container\">\n\t\t\t\t\t\t\t<form class=\"elementor-form\" method=\"post\" name=\"Nuevo formulario\">\n\t\t\t<input type=\"hidden\" name=\"post_id\" value=\"457\"\/>\n\t\t\t<input type=\"hidden\" name=\"form_id\" value=\"2128e31\"\/>\n\t\t\t<input type=\"hidden\" name=\"referer_title\" value=\"Consulta Online - Ginecologa Cristina Garcia\" \/>\n\n\t\t\t\t\t\t\t<input type=\"hidden\" name=\"queried_id\" value=\"457\"\/>\n\t\t\t\n\t\t\t<div class=\"elementor-form-fields-wrapper elementor-labels-above\">\n\t\t\t\t\t\t\t\t<div class=\"elementor-field-type-text elementor-field-group elementor-column elementor-field-group-name elementor-col-100\">\n\t\t\t\t\t\t\t\t\t\t\t\t<label for=\"form-field-name\" class=\"elementor-field-label\">\n\t\t\t\t\t\t\t\tNombre\t\t\t\t\t\t\t<\/label>\n\t\t\t\t\t\t\t\t\t\t\t\t\t\t<input size=\"1\" type=\"text\" name=\"form_fields[name]\" id=\"form-field-name\" class=\"elementor-field elementor-size-sm  elementor-field-textual\" placeholder=\"Nombre\">\n\t\t\t\t\t\t\t\t\t\t\t<\/div>\n\t\t\t\t\t\t\t\t<div class=\"elementor-field-type-email elementor-field-group elementor-column elementor-field-group-email elementor-col-100 elementor-field-required\">\n\t\t\t\t\t\t\t\t\t\t\t\t<label for=\"form-field-email\" class=\"elementor-field-label\">\n\t\t\t\t\t\t\t\tCorreo electr\u00f3nico\t\t\t\t\t\t\t<\/label>\n\t\t\t\t\t\t\t\t\t\t\t\t\t\t<input size=\"1\" type=\"email\" name=\"form_fields[email]\" id=\"form-field-email\" class=\"elementor-field elementor-size-sm  elementor-field-textual\" placeholder=\"Correo electr\u00f3nico\" required=\"required\">\n\t\t\t\t\t\t\t\t\t\t\t<\/div>\n\t\t\t\t\t\t\t\t<div class=\"elementor-field-type-textarea elementor-field-group elementor-column elementor-field-group-message elementor-col-100\">\n\t\t\t\t\t\t\t\t\t\t\t\t<label for=\"form-field-message\" class=\"elementor-field-label\">\n\t\t\t\t\t\t\t\tMensaje\t\t\t\t\t\t\t<\/label>\n\t\t\t\t\t\t<textarea class=\"elementor-field-textual elementor-field  elementor-size-sm\" name=\"form_fields[message]\" id=\"form-field-message\" rows=\"4\" placeholder=\"Mensaje\"><\/textarea>\t\t\t\t<\/div>\n\t\t\t\t\t\t\t\t<div class=\"elementor-field-group elementor-column elementor-field-type-submit elementor-col-100 e-form__buttons\">\n\t\t\t\t\t<button class=\"elementor-button elementor-size-sm\" type=\"submit\">\n\t\t\t\t\t\t<span class=\"elementor-button-content-wrapper\">\n\t\t\t\t\t\t\t\t\t\t\t\t\t\t\t\t\t\t\t\t\t\t<span class=\"elementor-button-text\">Enviar<\/span>\n\t\t\t\t\t\t\t\t\t\t\t\t\t<\/span>\n\t\t\t\t\t<\/button>\n\t\t\t\t<\/div>\n\t\t\t<\/div>\n\t\t<\/form>\n\t\t\t\t\t\t<\/div>\n\t\t\t\t<\/div>\n\t\t\t\t<\/div>\n\t\t\t\t\t<\/div>\n\t\t\t\t<\/div>\n\t\t<div class=\"elementor-element elementor-element-f572461 e-flex e-con-boxed e-con e-parent\" data-id=\"f572461\" data-element_type=\"container\" data-e-type=\"container\">\n\t\t\t\t\t<div class=\"e-con-inner\">\n\t\t\t\t<div class=\"elementor-element elementor-element-db2be36 elementor-widget elementor-widget-spacer\" data-id=\"db2be36\" data-element_type=\"widget\" data-e-type=\"widget\" data-widget_type=\"spacer.default\">\n\t\t\t\t<div class=\"elementor-widget-container\">\n\t\t\t\t\t\t\t<div class=\"elementor-spacer\">\n\t\t\t<div class=\"elementor-spacer-inner\"><\/div>\n\t\t<\/div>\n\t\t\t\t\t\t<\/div>\n\t\t\t\t<\/div>\n\t\t\t\t\t<\/div>\n\t\t\t\t<\/div>\n\t\t<div class=\"elementor-element elementor-element-3c98572 e-flex e-con-boxed e-con e-parent\" data-id=\"3c98572\" data-element_type=\"container\" data-e-type=\"container\">\n\t\t\t\t\t<div class=\"e-con-inner\">\n\t\t<div class=\"elementor-element elementor-element-1f6b400 e-con-full e-flex e-con e-child\" data-id=\"1f6b400\" data-element_type=\"container\" data-e-type=\"container\">\n\t\t\t\t<div class=\"elementor-element elementor-element-10f8da3 elementor-widget elementor-widget-heading\" data-id=\"10f8da3\" data-element_type=\"widget\" data-e-type=\"widget\" data-widget_type=\"heading.default\">\n\t\t\t\t<div class=\"elementor-widget-container\">\n\t\t\t\t\t<h2 class=\"elementor-heading-title elementor-size-default\">CONSULTA GINECOLOGI\u00c1 Y OBSTETRICIA<\/h2>\t\t\t\t<\/div>\n\t\t\t\t<\/div>\n\t\t\t\t<div class=\"elementor-element elementor-element-819e8c9 elementor-widget elementor-widget-text-editor\" data-id=\"819e8c9\" data-element_type=\"widget\" data-e-type=\"widget\" data-widget_type=\"text-editor.default\">\n\t\t\t\t<div class=\"elementor-widget-container\">\n\t\t\t\t\t\t\t\t\t<p>IMED VALENCIA: 963003000 \/ WWW.IMEDVALENCIA.COM<\/p><p>CLINICA ATENEA EL OSITO: 960600070 \/WWW.CLINICA-ATENEA.COM<\/p><p>CONSULTAS ONLINE: cuestionario<\/p>\t\t\t\t\t\t\t\t<\/div>\n\t\t\t\t<\/div>\n\t\t\t\t<\/div>\n\t\t<div class=\"elementor-element elementor-element-5008f2b e-con-full e-flex e-con e-child\" data-id=\"5008f2b\" data-element_type=\"container\" data-e-type=\"container\">\n\t\t\t\t<div class=\"elementor-element elementor-element-efb28e8 elementor-widget elementor-widget-heading\" data-id=\"efb28e8\" data-element_type=\"widget\" data-e-type=\"widget\" data-widget_type=\"heading.default\">\n\t\t\t\t<div class=\"elementor-widget-container\">\n\t\t\t\t\t<h2 class=\"elementor-heading-title elementor-size-default\">MEDICINA EST\u00c9TICA<\/h2>\t\t\t\t<\/div>\n\t\t\t\t<\/div>\n\t\t\t\t<div class=\"elementor-element elementor-element-f0eef7f elementor-widget elementor-widget-text-editor\" data-id=\"f0eef7f\" data-element_type=\"widget\" data-e-type=\"widget\" data-widget_type=\"text-editor.default\">\n\t\t\t\t<div class=\"elementor-widget-container\">\n\t\t\t\t\t\t\t\t\t<p>TAMADENTAL: 673183408<\/p>\t\t\t\t\t\t\t\t<\/div>\n\t\t\t\t<\/div>\n\t\t\t\t<\/div>\n\t\t\t\t\t<\/div>\n\t\t\t\t<\/div>\n\t\t<div class=\"elementor-element elementor-element-aa582d3 e-flex e-con-boxed e-con e-parent\" data-id=\"aa582d3\" data-element_type=\"container\" data-e-type=\"container\">\n\t\t\t\t\t<div class=\"e-con-inner\">\n\t\t<div class=\"elementor-element elementor-element-be25d92 e-con-full e-flex e-con e-child\" data-id=\"be25d92\" data-element_type=\"container\" data-e-type=\"container\">\n\t\t\t\t<div class=\"elementor-element elementor-element-cd491f4 elementor-widget elementor-widget-heading\" data-id=\"cd491f4\" data-element_type=\"widget\" data-e-type=\"widget\" data-widget_type=\"heading.default\">\n\t\t\t\t<div class=\"elementor-widget-container\">\n\t\t\t\t\t<h2 class=\"elementor-heading-title elementor-size-default\">REDES SOCIALES<\/h2>\t\t\t\t<\/div>\n\t\t\t\t<\/div>\n\t\t\t\t<div class=\"elementor-element elementor-element-776c9b5 elementor-shape-circle elementor-grid-0 e-grid-align-center elementor-widget elementor-widget-social-icons\" data-id=\"776c9b5\" data-element_type=\"widget\" data-e-type=\"widget\" data-widget_type=\"social-icons.default\">\n\t\t\t\t<div class=\"elementor-widget-container\">\n\t\t\t\t\t\t\t<div class=\"elementor-social-icons-wrapper elementor-grid\">\n\t\t\t\t\t\t\t<span class=\"elementor-grid-item\">\n\t\t\t\t\t<a class=\"elementor-icon elementor-social-icon elementor-social-icon-instagram elementor-repeater-item-8ae25ea\" href=\"https:\/\/www.instagram.com\/cristinagarcia.dra\" target=\"_blank\">\n\t\t\t\t\t\t<span class=\"elementor-screen-only\">Instagram<\/span>\n\t\t\t\t\t\t<svg aria-hidden=\"true\" class=\"e-font-icon-svg e-fab-instagram\" viewBox=\"0 0 448 512\" xmlns=\"http:\/\/www.w3.org\/2000\/svg\"><path d=\"M224.1 141c-63.6 0-114.9 51.3-114.9 114.9s51.3 114.9 114.9 114.9S339 319.5 339 255.9 287.7 141 224.1 141zm0 189.6c-41.1 0-74.7-33.5-74.7-74.7s33.5-74.7 74.7-74.7 74.7 33.5 74.7 74.7-33.6 74.7-74.7 74.7zm146.4-194.3c0 14.9-12 26.8-26.8 26.8-14.9 0-26.8-12-26.8-26.8s12-26.8 26.8-26.8 26.8 12 26.8 26.8zm76.1 27.2c-1.7-35.9-9.9-67.7-36.2-93.9-26.2-26.2-58-34.4-93.9-36.2-37-2.1-147.9-2.1-184.9 0-35.8 1.7-67.6 9.9-93.9 36.1s-34.4 58-36.2 93.9c-2.1 37-2.1 147.9 0 184.9 1.7 35.9 9.9 67.7 36.2 93.9s58 34.4 93.9 36.2c37 2.1 147.9 2.1 184.9 0 35.9-1.7 67.7-9.9 93.9-36.2 26.2-26.2 34.4-58 36.2-93.9 2.1-37 2.1-147.8 0-184.8zM398.8 388c-7.8 19.6-22.9 34.7-42.6 42.6-29.5 11.7-99.5 9-132.1 9s-102.7 2.6-132.1-9c-19.6-7.8-34.7-22.9-42.6-42.6-11.7-29.5-9-99.5-9-132.1s-2.6-102.7 9-132.1c7.8-19.6 22.9-34.7 42.6-42.6 29.5-11.7 99.5-9 132.1-9s102.7-2.6 132.1 9c19.6 7.8 34.7 22.9 42.6 42.6 11.7 29.5 9 99.5 9 132.1s2.7 102.7-9 132.1z\"><\/path><\/svg>\t\t\t\t\t<\/a>\n\t\t\t\t<\/span>\n\t\t\t\t\t<\/div>\n\t\t\t\t\t\t<\/div>\n\t\t\t\t<\/div>\n\t\t\t\t<\/div>\n\t\t<div class=\"elementor-element elementor-element-bb0d955 e-con-full e-flex e-con e-child\" data-id=\"bb0d955\" data-element_type=\"container\" data-e-type=\"container\">\n\t\t\t\t<\/div>\n\t\t\t\t\t<\/div>\n\t\t\t\t<\/div>\n\t\t\t\t<\/div>\n\t\t","protected":false},"excerpt":{"rendered":"<p>CONSULTA ONLINE Deber\u00e1s responder un breve cuestionario y concertaremos una cita. La consulta online no sustituye en ning\u00fan caso una consulta tradicional con su correspondiente exploraci\u00f3n f\u00edsica. Puedo atender con esta modalidad dudas diagn\u00f3sticas, segundas opiniones, interpretaci\u00f3n de resultados, o peque\u00f1as consultas que no necesiten de exploraci\u00f3n f\u00edsica. Si en el transcurso de la visita, [&hellip;]<\/p>\n","protected":false},"author":1,"featured_media":0,"parent":0,"menu_order":0,"comment_status":"closed","ping_status":"closed","template":"","meta":{"footnotes":""},"class_list":["post-457","page","type-page","status-publish","hentry"],"yoast_head":"<!-- This site is optimized with the Yoast SEO plugin v27.1.1 - https:\/\/yoast.com\/product\/yoast-seo-wordpress\/ -->\n<title>Consulta Online - Ginecologa Cristina Garcia<\/title>\n<meta name=\"robots\" content=\"index, follow, max-snippet:-1, max-image-preview:large, max-video-preview:-1\" \/>\n<link rel=\"canonical\" href=\"https:\/\/ginecologacristinagarcia.com\/index.php\/consulta-online\/\" \/>\n<meta property=\"og:locale\" content=\"es_ES\" \/>\n<meta property=\"og:type\" content=\"article\" \/>\n<meta property=\"og:title\" content=\"Consulta Online - Ginecologa Cristina Garcia\" \/>\n<meta property=\"og:description\" content=\"CONSULTA ONLINE Deber\u00e1s responder un breve cuestionario y concertaremos una cita. La consulta online no sustituye en ning\u00fan caso una consulta tradicional con su correspondiente exploraci\u00f3n f\u00edsica. Puedo atender con esta modalidad dudas diagn\u00f3sticas, segundas opiniones, interpretaci\u00f3n de resultados, o peque\u00f1as consultas que no necesiten de exploraci\u00f3n f\u00edsica. Si en el transcurso de la visita, [&hellip;]\" \/>\n<meta property=\"og:url\" content=\"https:\/\/ginecologacristinagarcia.com\/index.php\/consulta-online\/\" \/>\n<meta property=\"og:site_name\" content=\"Ginecologa Cristina Garcia\" \/>\n<meta property=\"article:modified_time\" content=\"2025-02-24T08:18:26+00:00\" \/>\n<meta name=\"twitter:card\" content=\"summary_large_image\" \/>\n<meta name=\"twitter:label1\" content=\"Tiempo de lectura\" \/>\n\t<meta name=\"twitter:data1\" content=\"1 minuto\" \/>\n<script type=\"application\/ld+json\" class=\"yoast-schema-graph\">{\"@context\":\"https:\/\/schema.org\",\"@graph\":[{\"@type\":\"WebPage\",\"@id\":\"https:\/\/ginecologacristinagarcia.com\/index.php\/consulta-online\/\",\"url\":\"https:\/\/ginecologacristinagarcia.com\/index.php\/consulta-online\/\",\"name\":\"Consulta Online - Ginecologa Cristina Garcia\",\"isPartOf\":{\"@id\":\"https:\/\/ginecologacristinagarcia.com\/#website\"},\"datePublished\":\"2025-02-24T07:56:25+00:00\",\"dateModified\":\"2025-02-24T08:18:26+00:00\",\"breadcrumb\":{\"@id\":\"https:\/\/ginecologacristinagarcia.com\/index.php\/consulta-online\/#breadcrumb\"},\"inLanguage\":\"es\",\"potentialAction\":[{\"@type\":\"ReadAction\",\"target\":[\"https:\/\/ginecologacristinagarcia.com\/index.php\/consulta-online\/\"]}]},{\"@type\":\"BreadcrumbList\",\"@id\":\"https:\/\/ginecologacristinagarcia.com\/index.php\/consulta-online\/#breadcrumb\",\"itemListElement\":[{\"@type\":\"ListItem\",\"position\":1,\"name\":\"Portada\",\"item\":\"https:\/\/ginecologacristinagarcia.com\/\"},{\"@type\":\"ListItem\",\"position\":2,\"name\":\"Consulta Online\"}]},{\"@type\":\"WebSite\",\"@id\":\"https:\/\/ginecologacristinagarcia.com\/#website\",\"url\":\"https:\/\/ginecologacristinagarcia.com\/\",\"name\":\"Ginecologa Cristina Garcia\",\"description\":\"\",\"publisher\":{\"@id\":\"https:\/\/ginecologacristinagarcia.com\/#organization\"},\"potentialAction\":[{\"@type\":\"SearchAction\",\"target\":{\"@type\":\"EntryPoint\",\"urlTemplate\":\"https:\/\/ginecologacristinagarcia.com\/?s={search_term_string}\"},\"query-input\":{\"@type\":\"PropertyValueSpecification\",\"valueRequired\":true,\"valueName\":\"search_term_string\"}}],\"inLanguage\":\"es\"},{\"@type\":\"Organization\",\"@id\":\"https:\/\/ginecologacristinagarcia.com\/#organization\",\"name\":\"Ginecologa Cristina Garcia\",\"url\":\"https:\/\/ginecologacristinagarcia.com\/\",\"logo\":{\"@type\":\"ImageObject\",\"inLanguage\":\"es\",\"@id\":\"https:\/\/ginecologacristinagarcia.com\/#\/schema\/logo\/image\/\",\"url\":\"https:\/\/ginecologacristinagarcia.com\/wp-content\/uploads\/2025\/02\/cropped-logo-06.png\",\"contentUrl\":\"https:\/\/ginecologacristinagarcia.com\/wp-content\/uploads\/2025\/02\/cropped-logo-06.png\",\"width\":2001,\"height\":509,\"caption\":\"Ginecologa Cristina Garcia\"},\"image\":{\"@id\":\"https:\/\/ginecologacristinagarcia.com\/#\/schema\/logo\/image\/\"}}]}<\/script>\n<!-- \/ Yoast SEO plugin. -->","yoast_head_json":{"title":"Consulta Online - Ginecologa Cristina Garcia","robots":{"index":"index","follow":"follow","max-snippet":"max-snippet:-1","max-image-preview":"max-image-preview:large","max-video-preview":"max-video-preview:-1"},"canonical":"https:\/\/ginecologacristinagarcia.com\/index.php\/consulta-online\/","og_locale":"es_ES","og_type":"article","og_title":"Consulta Online - Ginecologa Cristina Garcia","og_description":"CONSULTA ONLINE Deber\u00e1s responder un breve cuestionario y concertaremos una cita. La consulta online no sustituye en ning\u00fan caso una consulta tradicional con su correspondiente exploraci\u00f3n f\u00edsica. Puedo atender con esta modalidad dudas diagn\u00f3sticas, segundas opiniones, interpretaci\u00f3n de resultados, o peque\u00f1as consultas que no necesiten de exploraci\u00f3n f\u00edsica. Si en el transcurso de la visita, [&hellip;]","og_url":"https:\/\/ginecologacristinagarcia.com\/index.php\/consulta-online\/","og_site_name":"Ginecologa Cristina Garcia","article_modified_time":"2025-02-24T08:18:26+00:00","twitter_card":"summary_large_image","twitter_misc":{"Tiempo de lectura":"1 minuto"},"schema":{"@context":"https:\/\/schema.org","@graph":[{"@type":"WebPage","@id":"https:\/\/ginecologacristinagarcia.com\/index.php\/consulta-online\/","url":"https:\/\/ginecologacristinagarcia.com\/index.php\/consulta-online\/","name":"Consulta Online - Ginecologa Cristina Garcia","isPartOf":{"@id":"https:\/\/ginecologacristinagarcia.com\/#website"},"datePublished":"2025-02-24T07:56:25+00:00","dateModified":"2025-02-24T08:18:26+00:00","breadcrumb":{"@id":"https:\/\/ginecologacristinagarcia.com\/index.php\/consulta-online\/#breadcrumb"},"inLanguage":"es","potentialAction":[{"@type":"ReadAction","target":["https:\/\/ginecologacristinagarcia.com\/index.php\/consulta-online\/"]}]},{"@type":"BreadcrumbList","@id":"https:\/\/ginecologacristinagarcia.com\/index.php\/consulta-online\/#breadcrumb","itemListElement":[{"@type":"ListItem","position":1,"name":"Portada","item":"https:\/\/ginecologacristinagarcia.com\/"},{"@type":"ListItem","position":2,"name":"Consulta Online"}]},{"@type":"WebSite","@id":"https:\/\/ginecologacristinagarcia.com\/#website","url":"https:\/\/ginecologacristinagarcia.com\/","name":"Ginecologa Cristina Garcia","description":"","publisher":{"@id":"https:\/\/ginecologacristinagarcia.com\/#organization"},"potentialAction":[{"@type":"SearchAction","target":{"@type":"EntryPoint","urlTemplate":"https:\/\/ginecologacristinagarcia.com\/?s={search_term_string}"},"query-input":{"@type":"PropertyValueSpecification","valueRequired":true,"valueName":"search_term_string"}}],"inLanguage":"es"},{"@type":"Organization","@id":"https:\/\/ginecologacristinagarcia.com\/#organization","name":"Ginecologa Cristina Garcia","url":"https:\/\/ginecologacristinagarcia.com\/","logo":{"@type":"ImageObject","inLanguage":"es","@id":"https:\/\/ginecologacristinagarcia.com\/#\/schema\/logo\/image\/","url":"https:\/\/ginecologacristinagarcia.com\/wp-content\/uploads\/2025\/02\/cropped-logo-06.png","contentUrl":"https:\/\/ginecologacristinagarcia.com\/wp-content\/uploads\/2025\/02\/cropped-logo-06.png","width":2001,"height":509,"caption":"Ginecologa Cristina Garcia"},"image":{"@id":"https:\/\/ginecologacristinagarcia.com\/#\/schema\/logo\/image\/"}}]}},"_links":{"self":[{"href":"https:\/\/ginecologacristinagarcia.com\/index.php\/wp-json\/wp\/v2\/pages\/457","targetHints":{"allow":["GET"]}}],"collection":[{"href":"https:\/\/ginecologacristinagarcia.com\/index.php\/wp-json\/wp\/v2\/pages"}],"about":[{"href":"https:\/\/ginecologacristinagarcia.com\/index.php\/wp-json\/wp\/v2\/types\/page"}],"author":[{"embeddable":true,"href":"https:\/\/ginecologacristinagarcia.com\/index.php\/wp-json\/wp\/v2\/users\/1"}],"replies":[{"embeddable":true,"href":"https:\/\/ginecologacristinagarcia.com\/index.php\/wp-json\/wp\/v2\/comments?post=457"}],"version-history":[{"count":11,"href":"https:\/\/ginecologacristinagarcia.com\/index.php\/wp-json\/wp\/v2\/pages\/457\/revisions"}],"predecessor-version":[{"id":481,"href":"https:\/\/ginecologacristinagarcia.com\/index.php\/wp-json\/wp\/v2\/pages\/457\/revisions\/481"}],"wp:attachment":[{"href":"https:\/\/ginecologacristinagarcia.com\/index.php\/wp-json\/wp\/v2\/media?parent=457"}],"curies":[{"name":"wp","href":"https:\/\/api.w.org\/{rel}","templated":true}]}}