{"id":424,"date":"2025-02-16T20:43:31","date_gmt":"2025-02-16T20:43:31","guid":{"rendered":"https:\/\/ginecologacristinagarcia.com\/?page_id=424"},"modified":"2025-05-08T10:43:02","modified_gmt":"2025-05-08T10:43:02","slug":"cuidado-de-la-piel-mantenimiento-y-proteccion-para-una-piel-saludable","status":"publish","type":"page","link":"https:\/\/ginecologacristinagarcia.com\/index.php\/cuidado-de-la-piel-mantenimiento-y-proteccion-para-una-piel-saludable\/","title":{"rendered":"Cuidado de la piel &#8211; Mantenimiento y protecci\u00f3n para una piel saludable\u200b"},"content":{"rendered":"\t\t<div data-elementor-type=\"wp-page\" data-elementor-id=\"424\" class=\"elementor elementor-424\" data-elementor-post-type=\"page\">\n\t\t\t\t<div class=\"elementor-element elementor-element-77355cb3 e-flex e-con-boxed e-con e-parent\" data-id=\"77355cb3\" data-element_type=\"container\" data-e-type=\"container\">\n\t\t\t\t\t<div class=\"e-con-inner\">\n\t\t<div class=\"elementor-element elementor-element-631e4ab0 e-con-full e-flex e-con e-child\" data-id=\"631e4ab0\" data-element_type=\"container\" data-e-type=\"container\">\n\t\t\t\t<div class=\"elementor-element elementor-element-41bb121d elementor-widget elementor-widget-heading\" data-id=\"41bb121d\" data-element_type=\"widget\" data-e-type=\"widget\" data-widget_type=\"heading.default\">\n\t\t\t\t<div class=\"elementor-widget-container\">\n\t\t\t\t\t<h2 class=\"elementor-heading-title elementor-size-default\">CUIDADO DE LA PIEL: MANTENIMIENTO Y PROTECCI\u00d3N PARA UNA PIEL SALUDABLE<\/h2>\t\t\t\t<\/div>\n\t\t\t\t<\/div>\n\t\t\t\t<div class=\"elementor-element elementor-element-4fd751e2 elementor-widget elementor-widget-text-editor\" data-id=\"4fd751e2\" data-element_type=\"widget\" data-e-type=\"widget\" data-widget_type=\"text-editor.default\">\n\t\t\t\t<div class=\"elementor-widget-container\">\n\t\t\t\t\t\t\t\t\t<p data-start=\"78\" data-end=\"393\">La piel es el \u00f3rgano m\u00e1s grande del cuerpo y act\u00faa como una barrera de protecci\u00f3n frente a factores externos como la contaminaci\u00f3n, la radiaci\u00f3n solar y el envejecimiento natural. Mantener una rutina adecuada de cuidado de la piel es esencial para conservar su salud, luminosidad y juventud a lo largo del tiempo.<\/p><p data-start=\"395\" data-end=\"614\">A trav\u00e9s de una combinaci\u00f3n de tratamientos profesionales, productos adecuados y h\u00e1bitos saludables, es posible prevenir el envejecimiento prematuro, mejorar la hidrataci\u00f3n y proteger la piel de los da\u00f1os ambientales.<\/p>\t\t\t\t\t\t\t\t<\/div>\n\t\t\t\t<\/div>\n\t\t\t\t<\/div>\n\t\t<div class=\"elementor-element elementor-element-30a6a1f9 e-con-full e-flex e-con e-child\" data-id=\"30a6a1f9\" data-element_type=\"container\" data-e-type=\"container\">\n\t\t\t\t<div class=\"elementor-element elementor-element-78cc07a7 elementor-widget elementor-widget-image\" data-id=\"78cc07a7\" data-element_type=\"widget\" data-e-type=\"widget\" data-widget_type=\"image.default\">\n\t\t\t\t<div class=\"elementor-widget-container\">\n\t\t\t\t\t\t\t\t\t\t\t\t\t\t\t<img fetchpriority=\"high\" decoding=\"async\" width=\"480\" height=\"251\" src=\"https:\/\/ginecologacristinagarcia.com\/wp-content\/uploads\/2025\/02\/Cuidado-de-la-piel-en-Valencia-.webp\" class=\"attachment-large size-large wp-image-427\" alt=\"\" srcset=\"https:\/\/ginecologacristinagarcia.com\/wp-content\/uploads\/2025\/02\/Cuidado-de-la-piel-en-Valencia-.webp 480w, https:\/\/ginecologacristinagarcia.com\/wp-content\/uploads\/2025\/02\/Cuidado-de-la-piel-en-Valencia--300x157.webp 300w\" sizes=\"(max-width: 480px) 100vw, 480px\" \/>\t\t\t\t\t\t\t\t\t\t\t\t\t\t\t<\/div>\n\t\t\t\t<\/div>\n\t\t\t\t<div class=\"elementor-element elementor-element-1b99e47e elementor-align-center elementor-widget elementor-widget-button\" data-id=\"1b99e47e\" data-element_type=\"widget\" data-e-type=\"widget\" data-widget_type=\"button.default\">\n\t\t\t\t<div class=\"elementor-widget-container\">\n\t\t\t\t\t\t\t\t\t<div class=\"elementor-button-wrapper\">\n\t\t\t\t\t<a class=\"elementor-button elementor-button-link elementor-size-sm\" href=\"https:\/\/wa.me\/34634708634\">\n\t\t\t\t\t\t<span class=\"elementor-button-content-wrapper\">\n\t\t\t\t\t\t\t\t\t<span class=\"elementor-button-text\">PIDE CITA<\/span>\n\t\t\t\t\t<\/span>\n\t\t\t\t\t<\/a>\n\t\t\t\t<\/div>\n\t\t\t\t\t\t\t\t<\/div>\n\t\t\t\t<\/div>\n\t\t\t\t<\/div>\n\t\t\t\t\t<\/div>\n\t\t\t\t<\/div>\n\t\t<div class=\"elementor-element elementor-element-4391c0c6 e-flex e-con-boxed e-con e-parent\" data-id=\"4391c0c6\" data-element_type=\"container\" data-e-type=\"container\">\n\t\t\t\t\t<div class=\"e-con-inner\">\n\t\t\t\t<div class=\"elementor-element elementor-element-17e0f9f5 elementor-widget elementor-widget-heading\" data-id=\"17e0f9f5\" data-element_type=\"widget\" data-e-type=\"widget\" data-widget_type=\"heading.default\">\n\t\t\t\t<div class=\"elementor-widget-container\">\n\t\t\t\t\t<h2 class=\"elementor-heading-title elementor-size-default\">\u00bfPor qu\u00e9 es importante el cuidado de la piel?\n\n<\/h2>\t\t\t\t<\/div>\n\t\t\t\t<\/div>\n\t\t\t\t<div class=\"elementor-element elementor-element-14ea56ec elementor-widget elementor-widget-text-editor\" data-id=\"14ea56ec\" data-element_type=\"widget\" data-e-type=\"widget\" data-widget_type=\"text-editor.default\">\n\t\t\t\t<div class=\"elementor-widget-container\">\n\t\t\t\t\t\t\t\t\t<p data-start=\"672\" data-end=\"941\">Una piel bien cuidada no solo luce m\u00e1s radiante y saludable, sino que tambi\u00e9n se mantiene fuerte y protegida frente a factores que pueden acelerar el envejecimiento o provocar afecciones cut\u00e1neas. Algunos de los principales beneficios de una rutina adecuada incluyen:<\/p><ul data-start=\"943\" data-end=\"1431\"><li data-start=\"943\" data-end=\"1033\"><strong data-start=\"945\" data-end=\"969\">Hidrataci\u00f3n profunda<\/strong>, esencial para mantener la elasticidad y suavidad de la piel.<\/li><li data-start=\"1034\" data-end=\"1142\"><strong data-start=\"1036\" data-end=\"1070\">Protecci\u00f3n contra los rayos UV<\/strong>, reduciendo el riesgo de manchas, arrugas y envejecimiento prematuro.<\/li><li data-start=\"1143\" data-end=\"1248\"><strong data-start=\"1145\" data-end=\"1178\">Prevenci\u00f3n del da\u00f1o oxidativo<\/strong>, gracias al uso de antioxidantes que combaten los radicales libres.<\/li><li data-start=\"1249\" data-end=\"1324\"><strong data-start=\"1251\" data-end=\"1275\">Regeneraci\u00f3n celular<\/strong>, ayudando a mantener la piel firme y luminosa.<\/li><li data-start=\"1325\" data-end=\"1431\"><strong data-start=\"1327\" data-end=\"1356\">Control de imperfecciones<\/strong>, equilibrando la producci\u00f3n de grasa y evitando la obstrucci\u00f3n de poros.<\/li><\/ul>\t\t\t\t\t\t\t\t<\/div>\n\t\t\t\t<\/div>\n\t\t\t\t<div class=\"elementor-element elementor-element-1bdbcd76 elementor-widget elementor-widget-heading\" data-id=\"1bdbcd76\" data-element_type=\"widget\" data-e-type=\"widget\" data-widget_type=\"heading.default\">\n\t\t\t\t<div class=\"elementor-widget-container\">\n\t\t\t\t\t<h2 class=\"elementor-heading-title elementor-size-default\">Elementos clave para una piel sana<\/h2>\t\t\t\t<\/div>\n\t\t\t\t<\/div>\n\t\t\t\t<div class=\"elementor-element elementor-element-4d8252bc elementor-widget elementor-widget-text-editor\" data-id=\"4d8252bc\" data-element_type=\"widget\" data-e-type=\"widget\" data-widget_type=\"text-editor.default\">\n\t\t\t\t<div class=\"elementor-widget-container\">\n\t\t\t\t\t\t\t\t\t<p data-start=\"1478\" data-end=\"1701\">El mantenimiento y la protecci\u00f3n de la piel requieren una combinaci\u00f3n de buenos h\u00e1bitos, productos adecuados y, en ocasiones, tratamientos espec\u00edficos. Algunos de los pilares fundamentales del cuidado de la piel incluyen:<\/p><ul data-start=\"1703\" data-end=\"2430\"><li data-start=\"1703\" data-end=\"1824\"><strong data-start=\"1705\" data-end=\"1725\">Limpieza diaria:<\/strong> Elimina impurezas, restos de maquillaje y exceso de grasa, evitando la obstrucci\u00f3n de los poros.<\/li><li data-start=\"1825\" data-end=\"1940\"><strong data-start=\"1827\" data-end=\"1843\">Hidrataci\u00f3n:<\/strong> Mantiene el equilibrio de agua en la piel, previniendo la sequedad y mejorando la elasticidad.<\/li><li data-start=\"1941\" data-end=\"2051\"><strong data-start=\"1943\" data-end=\"1964\">Protecci\u00f3n solar:<\/strong> Uso diario de protector solar para prevenir el fotoenvejecimiento y el da\u00f1o celular.<\/li><li data-start=\"2052\" data-end=\"2163\"><strong data-start=\"2054\" data-end=\"2086\">Nutrici\u00f3n con antioxidantes:<\/strong> Vitaminas como la C y la E ayudan a proteger la piel del estr\u00e9s oxidativo.<\/li><li data-start=\"2164\" data-end=\"2257\"><strong data-start=\"2166\" data-end=\"2192\">Exfoliaci\u00f3n peri\u00f3dica:<\/strong> Favorece la renovaci\u00f3n celular y mejora la textura de la piel.<\/li><li data-start=\"2258\" data-end=\"2430\"><strong data-start=\"2260\" data-end=\"2292\">Tratamientos personalizados:<\/strong> Desde hidrataciones profundas hasta t\u00e9cnicas avanzadas como la mesoterapia o los inductores de col\u00e1geno para potenciar la regeneraci\u00f3n.<\/li><\/ul>\t\t\t\t\t\t\t\t<\/div>\n\t\t\t\t<\/div>\n\t\t\t\t<div class=\"elementor-element elementor-element-50d3b0c7 elementor-widget elementor-widget-heading\" data-id=\"50d3b0c7\" data-element_type=\"widget\" data-e-type=\"widget\" data-widget_type=\"heading.default\">\n\t\t\t\t<div class=\"elementor-widget-container\">\n\t\t\t\t\t<h2 class=\"elementor-heading-title elementor-size-default\">Tratamientos para mejorar y proteger la piel<\/h2>\t\t\t\t<\/div>\n\t\t\t\t<\/div>\n\t\t\t\t<div class=\"elementor-element elementor-element-58cfa204 elementor-widget elementor-widget-text-editor\" data-id=\"58cfa204\" data-element_type=\"widget\" data-e-type=\"widget\" data-widget_type=\"text-editor.default\">\n\t\t\t\t<div class=\"elementor-widget-container\">\n\t\t\t\t\t\t\t\t\t<p data-start=\"2487\" data-end=\"2603\">Adem\u00e1s de los cuidados diarios, existen tratamientos profesionales que potencian la salud y apariencia de la piel:<\/p><ul data-start=\"2605\" data-end=\"3084\"><li data-start=\"2605\" data-end=\"2698\"><strong data-start=\"2607\" data-end=\"2653\">Hidrataci\u00f3n profunda con \u00e1cido hialur\u00f3nico<\/strong>, para restaurar la frescura y elasticidad.<\/li><li data-start=\"2699\" data-end=\"2783\"><strong data-start=\"2701\" data-end=\"2722\">Peelings qu\u00edmicos<\/strong>, que eliminan c\u00e9lulas muertas y promueven la regeneraci\u00f3n.<\/li><li data-start=\"2784\" data-end=\"2884\"><strong data-start=\"2786\" data-end=\"2808\">Mesoterapia facial<\/strong>, con vitaminas y antioxidantes que revitalizan la piel desde el interior.<\/li><li data-start=\"2885\" data-end=\"2964\"><strong data-start=\"2887\" data-end=\"2913\">Inductores de col\u00e1geno<\/strong>, para mejorar la firmeza y prevenir la flacidez.<\/li><li data-start=\"2965\" data-end=\"3084\"><strong data-start=\"2967\" data-end=\"2994\">Fotoprotecci\u00f3n avanzada<\/strong>, con tratamientos que refuerzan la barrera de defensa contra el sol y la contaminaci\u00f3n.<\/li><\/ul>\t\t\t\t\t\t\t\t<\/div>\n\t\t\t\t<\/div>\n\t\t\t\t<div class=\"elementor-element elementor-element-795097b3 elementor-widget elementor-widget-heading\" data-id=\"795097b3\" data-element_type=\"widget\" data-e-type=\"widget\" data-widget_type=\"heading.default\">\n\t\t\t\t<div class=\"elementor-widget-container\">\n\t\t\t\t\t<h2 class=\"elementor-heading-title elementor-size-default\">Agenda tu consulta y cuida tu piel de manera profesional<\/h2>\t\t\t\t<\/div>\n\t\t\t\t<\/div>\n\t\t\t\t<div class=\"elementor-element elementor-element-1a3e6994 elementor-widget elementor-widget-text-editor\" data-id=\"1a3e6994\" data-element_type=\"widget\" data-e-type=\"widget\" data-widget_type=\"text-editor.default\">\n\t\t\t\t<div class=\"elementor-widget-container\">\n\t\t\t\t\t\t\t\t\t<p data-start=\"3153\" data-end=\"3419\">Si deseas mejorar el estado de tu piel y protegerla de los factores externos que pueden da\u00f1arla, te invitamos a programar una consulta. Nuestros especialistas te guiar\u00e1n en el cuidado ideal para tu tipo de piel, ayud\u00e1ndote a mantenerla joven, luminosa y saludable.<\/p><p data-start=\"3421\" data-end=\"3524\">Dale a tu piel el cuidado que se merece y descubre c\u00f3mo mantener su belleza y bienestar en el tiempo.<\/p>\t\t\t\t\t\t\t\t<\/div>\n\t\t\t\t<\/div>\n\t\t\t\t<div class=\"elementor-element elementor-element-7b3710cb elementor-align-center elementor-widget elementor-widget-button\" data-id=\"7b3710cb\" data-element_type=\"widget\" data-e-type=\"widget\" data-widget_type=\"button.default\">\n\t\t\t\t<div class=\"elementor-widget-container\">\n\t\t\t\t\t\t\t\t\t<div class=\"elementor-button-wrapper\">\n\t\t\t\t\t<a class=\"elementor-button elementor-button-link elementor-size-sm\" href=\"https:\/\/wa.me\/34634708634\">\n\t\t\t\t\t\t<span class=\"elementor-button-content-wrapper\">\n\t\t\t\t\t\t\t\t\t<span class=\"elementor-button-text\">PIDE CITA<\/span>\n\t\t\t\t\t<\/span>\n\t\t\t\t\t<\/a>\n\t\t\t\t<\/div>\n\t\t\t\t\t\t\t\t<\/div>\n\t\t\t\t<\/div>\n\t\t\t\t\t<\/div>\n\t\t\t\t<\/div>\n\t\t\t\t<\/div>\n\t\t","protected":false},"excerpt":{"rendered":"<p>CUIDADO DE LA PIEL: MANTENIMIENTO Y PROTECCI\u00d3N PARA UNA PIEL SALUDABLE La piel es el \u00f3rgano m\u00e1s grande del cuerpo y act\u00faa como una barrera de protecci\u00f3n frente a factores externos como la contaminaci\u00f3n, la radiaci\u00f3n solar y el envejecimiento natural. Mantener una rutina adecuada de cuidado de la piel es esencial para conservar su [&hellip;]<\/p>\n","protected":false},"author":1,"featured_media":0,"parent":0,"menu_order":0,"comment_status":"closed","ping_status":"closed","template":"","meta":{"footnotes":""},"class_list":["post-424","page","type-page","status-publish","hentry"],"yoast_head":"<!-- This site is optimized with the Yoast SEO plugin v27.1.1 - https:\/\/yoast.com\/product\/yoast-seo-wordpress\/ -->\n<title>Cuidado de la piel - Mantenimiento y protecci\u00f3n para una piel saludable\u200b - Ginecologa Cristina Garcia<\/title>\n<meta name=\"robots\" content=\"index, follow, max-snippet:-1, max-image-preview:large, max-video-preview:-1\" \/>\n<link rel=\"canonical\" href=\"https:\/\/ginecologacristinagarcia.com\/index.php\/cuidado-de-la-piel-mantenimiento-y-proteccion-para-una-piel-saludable\/\" \/>\n<meta property=\"og:locale\" content=\"es_ES\" \/>\n<meta property=\"og:type\" content=\"article\" \/>\n<meta property=\"og:title\" content=\"Cuidado de la piel - Mantenimiento y protecci\u00f3n para una piel saludable\u200b - Ginecologa Cristina Garcia\" \/>\n<meta property=\"og:description\" content=\"CUIDADO DE LA PIEL: MANTENIMIENTO Y PROTECCI\u00d3N PARA UNA PIEL SALUDABLE La piel es el \u00f3rgano m\u00e1s grande del cuerpo y act\u00faa como una barrera de protecci\u00f3n frente a factores externos como la contaminaci\u00f3n, la radiaci\u00f3n solar y el envejecimiento natural. Mantener una rutina adecuada de cuidado de la piel es esencial para conservar su [&hellip;]\" \/>\n<meta property=\"og:url\" content=\"https:\/\/ginecologacristinagarcia.com\/index.php\/cuidado-de-la-piel-mantenimiento-y-proteccion-para-una-piel-saludable\/\" \/>\n<meta property=\"og:site_name\" content=\"Ginecologa Cristina Garcia\" \/>\n<meta property=\"article:modified_time\" content=\"2025-05-08T10:43:02+00:00\" \/>\n<meta property=\"og:image\" content=\"https:\/\/ginecologacristinagarcia.com\/wp-content\/uploads\/2025\/02\/Cuidado-de-la-piel-en-Valencia-.webp\" \/>\n\t<meta property=\"og:image:width\" content=\"480\" \/>\n\t<meta property=\"og:image:height\" content=\"251\" \/>\n\t<meta property=\"og:image:type\" content=\"image\/webp\" \/>\n<meta name=\"twitter:card\" content=\"summary_large_image\" \/>\n<meta name=\"twitter:label1\" content=\"Tiempo de lectura\" \/>\n\t<meta name=\"twitter:data1\" content=\"3 minutos\" \/>\n<script type=\"application\/ld+json\" class=\"yoast-schema-graph\">{\"@context\":\"https:\/\/schema.org\",\"@graph\":[{\"@type\":\"WebPage\",\"@id\":\"https:\/\/ginecologacristinagarcia.com\/index.php\/cuidado-de-la-piel-mantenimiento-y-proteccion-para-una-piel-saludable\/\",\"url\":\"https:\/\/ginecologacristinagarcia.com\/index.php\/cuidado-de-la-piel-mantenimiento-y-proteccion-para-una-piel-saludable\/\",\"name\":\"Cuidado de la piel - Mantenimiento y protecci\u00f3n para una piel saludable\u200b - Ginecologa Cristina Garcia\",\"isPartOf\":{\"@id\":\"https:\/\/ginecologacristinagarcia.com\/#website\"},\"primaryImageOfPage\":{\"@id\":\"https:\/\/ginecologacristinagarcia.com\/index.php\/cuidado-de-la-piel-mantenimiento-y-proteccion-para-una-piel-saludable\/#primaryimage\"},\"image\":{\"@id\":\"https:\/\/ginecologacristinagarcia.com\/index.php\/cuidado-de-la-piel-mantenimiento-y-proteccion-para-una-piel-saludable\/#primaryimage\"},\"thumbnailUrl\":\"https:\/\/ginecologacristinagarcia.com\/wp-content\/uploads\/2025\/02\/Cuidado-de-la-piel-en-Valencia-.webp\",\"datePublished\":\"2025-02-16T20:43:31+00:00\",\"dateModified\":\"2025-05-08T10:43:02+00:00\",\"breadcrumb\":{\"@id\":\"https:\/\/ginecologacristinagarcia.com\/index.php\/cuidado-de-la-piel-mantenimiento-y-proteccion-para-una-piel-saludable\/#breadcrumb\"},\"inLanguage\":\"es\",\"potentialAction\":[{\"@type\":\"ReadAction\",\"target\":[\"https:\/\/ginecologacristinagarcia.com\/index.php\/cuidado-de-la-piel-mantenimiento-y-proteccion-para-una-piel-saludable\/\"]}]},{\"@type\":\"ImageObject\",\"inLanguage\":\"es\",\"@id\":\"https:\/\/ginecologacristinagarcia.com\/index.php\/cuidado-de-la-piel-mantenimiento-y-proteccion-para-una-piel-saludable\/#primaryimage\",\"url\":\"https:\/\/ginecologacristinagarcia.com\/wp-content\/uploads\/2025\/02\/Cuidado-de-la-piel-en-Valencia-.webp\",\"contentUrl\":\"https:\/\/ginecologacristinagarcia.com\/wp-content\/uploads\/2025\/02\/Cuidado-de-la-piel-en-Valencia-.webp\",\"width\":480,\"height\":251},{\"@type\":\"BreadcrumbList\",\"@id\":\"https:\/\/ginecologacristinagarcia.com\/index.php\/cuidado-de-la-piel-mantenimiento-y-proteccion-para-una-piel-saludable\/#breadcrumb\",\"itemListElement\":[{\"@type\":\"ListItem\",\"position\":1,\"name\":\"Portada\",\"item\":\"https:\/\/ginecologacristinagarcia.com\/\"},{\"@type\":\"ListItem\",\"position\":2,\"name\":\"Cuidado de la piel &#8211; Mantenimiento y protecci\u00f3n para una piel saludable\u200b\"}]},{\"@type\":\"WebSite\",\"@id\":\"https:\/\/ginecologacristinagarcia.com\/#website\",\"url\":\"https:\/\/ginecologacristinagarcia.com\/\",\"name\":\"Ginecologa Cristina Garcia\",\"description\":\"\",\"publisher\":{\"@id\":\"https:\/\/ginecologacristinagarcia.com\/#organization\"},\"potentialAction\":[{\"@type\":\"SearchAction\",\"target\":{\"@type\":\"EntryPoint\",\"urlTemplate\":\"https:\/\/ginecologacristinagarcia.com\/?s={search_term_string}\"},\"query-input\":{\"@type\":\"PropertyValueSpecification\",\"valueRequired\":true,\"valueName\":\"search_term_string\"}}],\"inLanguage\":\"es\"},{\"@type\":\"Organization\",\"@id\":\"https:\/\/ginecologacristinagarcia.com\/#organization\",\"name\":\"Ginecologa Cristina Garcia\",\"url\":\"https:\/\/ginecologacristinagarcia.com\/\",\"logo\":{\"@type\":\"ImageObject\",\"inLanguage\":\"es\",\"@id\":\"https:\/\/ginecologacristinagarcia.com\/#\/schema\/logo\/image\/\",\"url\":\"https:\/\/ginecologacristinagarcia.com\/wp-content\/uploads\/2025\/02\/cropped-logo-06.png\",\"contentUrl\":\"https:\/\/ginecologacristinagarcia.com\/wp-content\/uploads\/2025\/02\/cropped-logo-06.png\",\"width\":2001,\"height\":509,\"caption\":\"Ginecologa Cristina Garcia\"},\"image\":{\"@id\":\"https:\/\/ginecologacristinagarcia.com\/#\/schema\/logo\/image\/\"}}]}<\/script>\n<!-- \/ Yoast SEO plugin. -->","yoast_head_json":{"title":"Cuidado de la piel - Mantenimiento y protecci\u00f3n para una piel saludable\u200b - Ginecologa Cristina Garcia","robots":{"index":"index","follow":"follow","max-snippet":"max-snippet:-1","max-image-preview":"max-image-preview:large","max-video-preview":"max-video-preview:-1"},"canonical":"https:\/\/ginecologacristinagarcia.com\/index.php\/cuidado-de-la-piel-mantenimiento-y-proteccion-para-una-piel-saludable\/","og_locale":"es_ES","og_type":"article","og_title":"Cuidado de la piel - Mantenimiento y protecci\u00f3n para una piel saludable\u200b - Ginecologa Cristina Garcia","og_description":"CUIDADO DE LA PIEL: MANTENIMIENTO Y PROTECCI\u00d3N PARA UNA PIEL SALUDABLE La piel es el \u00f3rgano m\u00e1s grande del cuerpo y act\u00faa como una barrera de protecci\u00f3n frente a factores externos como la contaminaci\u00f3n, la radiaci\u00f3n solar y el envejecimiento natural. Mantener una rutina adecuada de cuidado de la piel es esencial para conservar su [&hellip;]","og_url":"https:\/\/ginecologacristinagarcia.com\/index.php\/cuidado-de-la-piel-mantenimiento-y-proteccion-para-una-piel-saludable\/","og_site_name":"Ginecologa Cristina Garcia","article_modified_time":"2025-05-08T10:43:02+00:00","og_image":[{"width":480,"height":251,"url":"https:\/\/ginecologacristinagarcia.com\/wp-content\/uploads\/2025\/02\/Cuidado-de-la-piel-en-Valencia-.webp","type":"image\/webp"}],"twitter_card":"summary_large_image","twitter_misc":{"Tiempo de lectura":"3 minutos"},"schema":{"@context":"https:\/\/schema.org","@graph":[{"@type":"WebPage","@id":"https:\/\/ginecologacristinagarcia.com\/index.php\/cuidado-de-la-piel-mantenimiento-y-proteccion-para-una-piel-saludable\/","url":"https:\/\/ginecologacristinagarcia.com\/index.php\/cuidado-de-la-piel-mantenimiento-y-proteccion-para-una-piel-saludable\/","name":"Cuidado de la piel - Mantenimiento y protecci\u00f3n para una piel saludable\u200b - Ginecologa Cristina Garcia","isPartOf":{"@id":"https:\/\/ginecologacristinagarcia.com\/#website"},"primaryImageOfPage":{"@id":"https:\/\/ginecologacristinagarcia.com\/index.php\/cuidado-de-la-piel-mantenimiento-y-proteccion-para-una-piel-saludable\/#primaryimage"},"image":{"@id":"https:\/\/ginecologacristinagarcia.com\/index.php\/cuidado-de-la-piel-mantenimiento-y-proteccion-para-una-piel-saludable\/#primaryimage"},"thumbnailUrl":"https:\/\/ginecologacristinagarcia.com\/wp-content\/uploads\/2025\/02\/Cuidado-de-la-piel-en-Valencia-.webp","datePublished":"2025-02-16T20:43:31+00:00","dateModified":"2025-05-08T10:43:02+00:00","breadcrumb":{"@id":"https:\/\/ginecologacristinagarcia.com\/index.php\/cuidado-de-la-piel-mantenimiento-y-proteccion-para-una-piel-saludable\/#breadcrumb"},"inLanguage":"es","potentialAction":[{"@type":"ReadAction","target":["https:\/\/ginecologacristinagarcia.com\/index.php\/cuidado-de-la-piel-mantenimiento-y-proteccion-para-una-piel-saludable\/"]}]},{"@type":"ImageObject","inLanguage":"es","@id":"https:\/\/ginecologacristinagarcia.com\/index.php\/cuidado-de-la-piel-mantenimiento-y-proteccion-para-una-piel-saludable\/#primaryimage","url":"https:\/\/ginecologacristinagarcia.com\/wp-content\/uploads\/2025\/02\/Cuidado-de-la-piel-en-Valencia-.webp","contentUrl":"https:\/\/ginecologacristinagarcia.com\/wp-content\/uploads\/2025\/02\/Cuidado-de-la-piel-en-Valencia-.webp","width":480,"height":251},{"@type":"BreadcrumbList","@id":"https:\/\/ginecologacristinagarcia.com\/index.php\/cuidado-de-la-piel-mantenimiento-y-proteccion-para-una-piel-saludable\/#breadcrumb","itemListElement":[{"@type":"ListItem","position":1,"name":"Portada","item":"https:\/\/ginecologacristinagarcia.com\/"},{"@type":"ListItem","position":2,"name":"Cuidado de la piel &#8211; Mantenimiento y protecci\u00f3n para una piel saludable\u200b"}]},{"@type":"WebSite","@id":"https:\/\/ginecologacristinagarcia.com\/#website","url":"https:\/\/ginecologacristinagarcia.com\/","name":"Ginecologa Cristina Garcia","description":"","publisher":{"@id":"https:\/\/ginecologacristinagarcia.com\/#organization"},"potentialAction":[{"@type":"SearchAction","target":{"@type":"EntryPoint","urlTemplate":"https:\/\/ginecologacristinagarcia.com\/?s={search_term_string}"},"query-input":{"@type":"PropertyValueSpecification","valueRequired":true,"valueName":"search_term_string"}}],"inLanguage":"es"},{"@type":"Organization","@id":"https:\/\/ginecologacristinagarcia.com\/#organization","name":"Ginecologa Cristina Garcia","url":"https:\/\/ginecologacristinagarcia.com\/","logo":{"@type":"ImageObject","inLanguage":"es","@id":"https:\/\/ginecologacristinagarcia.com\/#\/schema\/logo\/image\/","url":"https:\/\/ginecologacristinagarcia.com\/wp-content\/uploads\/2025\/02\/cropped-logo-06.png","contentUrl":"https:\/\/ginecologacristinagarcia.com\/wp-content\/uploads\/2025\/02\/cropped-logo-06.png","width":2001,"height":509,"caption":"Ginecologa Cristina Garcia"},"image":{"@id":"https:\/\/ginecologacristinagarcia.com\/#\/schema\/logo\/image\/"}}]}},"_links":{"self":[{"href":"https:\/\/ginecologacristinagarcia.com\/index.php\/wp-json\/wp\/v2\/pages\/424","targetHints":{"allow":["GET"]}}],"collection":[{"href":"https:\/\/ginecologacristinagarcia.com\/index.php\/wp-json\/wp\/v2\/pages"}],"about":[{"href":"https:\/\/ginecologacristinagarcia.com\/index.php\/wp-json\/wp\/v2\/types\/page"}],"author":[{"embeddable":true,"href":"https:\/\/ginecologacristinagarcia.com\/index.php\/wp-json\/wp\/v2\/users\/1"}],"replies":[{"embeddable":true,"href":"https:\/\/ginecologacristinagarcia.com\/index.php\/wp-json\/wp\/v2\/comments?post=424"}],"version-history":[{"count":10,"href":"https:\/\/ginecologacristinagarcia.com\/index.php\/wp-json\/wp\/v2\/pages\/424\/revisions"}],"predecessor-version":[{"id":749,"href":"https:\/\/ginecologacristinagarcia.com\/index.php\/wp-json\/wp\/v2\/pages\/424\/revisions\/749"}],"wp:attachment":[{"href":"https:\/\/ginecologacristinagarcia.com\/index.php\/wp-json\/wp\/v2\/media?parent=424"}],"curies":[{"name":"wp","href":"https:\/\/api.w.org\/{rel}","templated":true}]}}