{"id":414,"date":"2025-02-16T20:36:34","date_gmt":"2025-02-16T20:36:34","guid":{"rendered":"https:\/\/ginecologacristinagarcia.com\/?page_id=414"},"modified":"2025-05-08T10:42:42","modified_gmt":"2025-05-08T10:42:42","slug":"inductores-de-colageno-estimulacion-de-la-regeneracion-celular","status":"publish","type":"page","link":"https:\/\/ginecologacristinagarcia.com\/index.php\/inductores-de-colageno-estimulacion-de-la-regeneracion-celular\/","title":{"rendered":"Inductores de col\u00e1geno &#8211; Estimulaci\u00f3n de la regeneraci\u00f3n celular\u200b"},"content":{"rendered":"\t\t<div data-elementor-type=\"wp-page\" data-elementor-id=\"414\" class=\"elementor elementor-414\" data-elementor-post-type=\"page\">\n\t\t\t\t<div class=\"elementor-element elementor-element-70475aa3 e-flex e-con-boxed e-con e-parent\" data-id=\"70475aa3\" data-element_type=\"container\" data-e-type=\"container\">\n\t\t\t\t\t<div class=\"e-con-inner\">\n\t\t<div class=\"elementor-element elementor-element-3b7faa6d e-con-full e-flex e-con e-child\" data-id=\"3b7faa6d\" data-element_type=\"container\" data-e-type=\"container\">\n\t\t\t\t<div class=\"elementor-element elementor-element-64b67fc0 elementor-widget elementor-widget-heading\" data-id=\"64b67fc0\" data-element_type=\"widget\" data-e-type=\"widget\" data-widget_type=\"heading.default\">\n\t\t\t\t<div class=\"elementor-widget-container\">\n\t\t\t\t\t<h2 class=\"elementor-heading-title elementor-size-default\">INDUCTORES DE COL\u00c1GENO: ESTIMULACI\u00d3N Y REGENERACI\u00d3N CELULAR EN VALENCIA<\/h2>\t\t\t\t<\/div>\n\t\t\t\t<\/div>\n\t\t\t\t<div class=\"elementor-element elementor-element-52df8676 elementor-widget elementor-widget-text-editor\" data-id=\"52df8676\" data-element_type=\"widget\" data-e-type=\"widget\" data-widget_type=\"text-editor.default\">\n\t\t\t\t<div class=\"elementor-widget-container\">\n\t\t\t\t\t\t\t\t\t<p>El col\u00e1geno es una de las prote\u00ednas clave para mantener la firmeza, elasticidad y juventud de la piel. Con el paso del tiempo, su producci\u00f3n natural disminuye, dando lugar a la p\u00e9rdida de volumen, flacidez y arrugas. Los inductores de col\u00e1geno son un tratamiento innovador dise\u00f1ado para estimular la regeneraci\u00f3n celular desde el interior, restaurando la estructura de la piel y proporcionando un efecto rejuvenecedor progresivo y duradero.<\/p>\t\t\t\t\t\t\t\t<\/div>\n\t\t\t\t<\/div>\n\t\t\t\t<div class=\"elementor-element elementor-element-3aebfde1 elementor-align-center elementor-widget elementor-widget-button\" data-id=\"3aebfde1\" data-element_type=\"widget\" data-e-type=\"widget\" data-widget_type=\"button.default\">\n\t\t\t\t<div class=\"elementor-widget-container\">\n\t\t\t\t\t\t\t\t\t<div class=\"elementor-button-wrapper\">\n\t\t\t\t\t<a class=\"elementor-button elementor-button-link elementor-size-sm\" href=\"https:\/\/wa.me\/34634708634\">\n\t\t\t\t\t\t<span class=\"elementor-button-content-wrapper\">\n\t\t\t\t\t\t\t\t\t<span class=\"elementor-button-text\">PIDE CITA<\/span>\n\t\t\t\t\t<\/span>\n\t\t\t\t\t<\/a>\n\t\t\t\t<\/div>\n\t\t\t\t\t\t\t\t<\/div>\n\t\t\t\t<\/div>\n\t\t\t\t<\/div>\n\t\t<div class=\"elementor-element elementor-element-74c24901 e-con-full e-flex e-con e-child\" data-id=\"74c24901\" data-element_type=\"container\" data-e-type=\"container\">\n\t\t\t\t<div class=\"elementor-element elementor-element-e51bcf1 elementor-widget elementor-widget-image\" data-id=\"e51bcf1\" data-element_type=\"widget\" data-e-type=\"widget\" data-widget_type=\"image.default\">\n\t\t\t\t<div class=\"elementor-widget-container\">\n\t\t\t\t\t\t\t\t\t\t\t\t\t\t\t<img fetchpriority=\"high\" decoding=\"async\" width=\"800\" height=\"538\" src=\"https:\/\/ginecologacristinagarcia.com\/wp-content\/uploads\/2025\/02\/INDUCTORES-DE-COLAGENO-ESTIMULACION-Y-REGENERACION-CELULAR-EN-VALENCIA-1024x688.jpg\" class=\"attachment-large size-large wp-image-417\" alt=\"\" srcset=\"https:\/\/ginecologacristinagarcia.com\/wp-content\/uploads\/2025\/02\/INDUCTORES-DE-COLAGENO-ESTIMULACION-Y-REGENERACION-CELULAR-EN-VALENCIA-1024x688.jpg 1024w, https:\/\/ginecologacristinagarcia.com\/wp-content\/uploads\/2025\/02\/INDUCTORES-DE-COLAGENO-ESTIMULACION-Y-REGENERACION-CELULAR-EN-VALENCIA-300x202.jpg 300w, https:\/\/ginecologacristinagarcia.com\/wp-content\/uploads\/2025\/02\/INDUCTORES-DE-COLAGENO-ESTIMULACION-Y-REGENERACION-CELULAR-EN-VALENCIA-768x516.jpg 768w, https:\/\/ginecologacristinagarcia.com\/wp-content\/uploads\/2025\/02\/INDUCTORES-DE-COLAGENO-ESTIMULACION-Y-REGENERACION-CELULAR-EN-VALENCIA-1536x1032.jpg 1536w, https:\/\/ginecologacristinagarcia.com\/wp-content\/uploads\/2025\/02\/INDUCTORES-DE-COLAGENO-ESTIMULACION-Y-REGENERACION-CELULAR-EN-VALENCIA.jpg 2048w\" sizes=\"(max-width: 800px) 100vw, 800px\" \/>\t\t\t\t\t\t\t\t\t\t\t\t\t\t\t<\/div>\n\t\t\t\t<\/div>\n\t\t\t\t<\/div>\n\t\t\t\t\t<\/div>\n\t\t\t\t<\/div>\n\t\t<div class=\"elementor-element elementor-element-16a22039 e-flex e-con-boxed e-con e-parent\" data-id=\"16a22039\" data-element_type=\"container\" data-e-type=\"container\">\n\t\t\t\t\t<div class=\"e-con-inner\">\n\t\t\t\t<div class=\"elementor-element elementor-element-49f36237 elementor-widget elementor-widget-heading\" data-id=\"49f36237\" data-element_type=\"widget\" data-e-type=\"widget\" data-widget_type=\"heading.default\">\n\t\t\t\t<div class=\"elementor-widget-container\">\n\t\t\t\t\t<h2 class=\"elementor-heading-title elementor-size-default\">\u00bfQu\u00e9 son los inductores de col\u00e1geno y c\u00f3mo funcionan?<\/h2>\t\t\t\t<\/div>\n\t\t\t\t<\/div>\n\t\t\t\t<div class=\"elementor-element elementor-element-3a59d5b9 elementor-widget elementor-widget-text-editor\" data-id=\"3a59d5b9\" data-element_type=\"widget\" data-e-type=\"widget\" data-widget_type=\"text-editor.default\">\n\t\t\t\t<div class=\"elementor-widget-container\">\n\t\t\t\t\t\t\t\t\t<p data-start=\"587\" data-end=\"802\">Los inductores de col\u00e1geno son sustancias biocompatibles que, al ser inyectadas en la piel, activan la producci\u00f3n natural de col\u00e1geno, promoviendo la regeneraci\u00f3n celular y mejorando la calidad del tejido cut\u00e1neo.<\/p><p data-start=\"804\" data-end=\"988\">A diferencia de otros tratamientos, su efecto es gradual y duradero, logrando una piel m\u00e1s firme, tersa y revitalizada con resultados que pueden prolongarse por meses o incluso a\u00f1os.<\/p>\t\t\t\t\t\t\t\t<\/div>\n\t\t\t\t<\/div>\n\t\t\t\t<div class=\"elementor-element elementor-element-2b01e6d elementor-widget elementor-widget-heading\" data-id=\"2b01e6d\" data-element_type=\"widget\" data-e-type=\"widget\" data-widget_type=\"heading.default\">\n\t\t\t\t<div class=\"elementor-widget-container\">\n\t\t\t\t\t<h2 class=\"elementor-heading-title elementor-size-default\">Beneficios de los inductores de col\u00e1geno<\/h2>\t\t\t\t<\/div>\n\t\t\t\t<\/div>\n\t\t\t\t<div class=\"elementor-element elementor-element-2b0c6d8f elementor-widget elementor-widget-text-editor\" data-id=\"2b0c6d8f\" data-element_type=\"widget\" data-e-type=\"widget\" data-widget_type=\"text-editor.default\">\n\t\t\t\t<div class=\"elementor-widget-container\">\n\t\t\t\t\t\t\t\t\t<p data-start=\"1041\" data-end=\"1167\">Este tratamiento ofrece m\u00faltiples ventajas para quienes buscan mejorar la firmeza y estructura de su piel de manera natural:<\/p><ul data-start=\"1169\" data-end=\"1664\"><li data-start=\"1169\" data-end=\"1261\"><strong data-start=\"1171\" data-end=\"1208\">Estimulaci\u00f3n natural del col\u00e1geno<\/strong>, restaurando la densidad y elasticidad de la piel.<\/li><li data-start=\"1262\" data-end=\"1359\"><strong data-start=\"1264\" data-end=\"1310\">Reducci\u00f3n de arrugas y l\u00edneas de expresi\u00f3n<\/strong>, aportando un efecto rejuvenecedor progresivo.<\/li><li data-start=\"1360\" data-end=\"1472\"><strong data-start=\"1362\" data-end=\"1405\">Mejora de la flacidez facial y corporal<\/strong>, ayudando a redefinir contornos y mejorar la textura de la piel.<\/li><li data-start=\"1473\" data-end=\"1562\"><strong data-start=\"1475\" data-end=\"1516\">Rejuvenecimiento sin volumen excesivo<\/strong>, logrando un resultado natural y armonioso.<\/li><li data-start=\"1563\" data-end=\"1664\"><strong data-start=\"1565\" data-end=\"1597\">Resultados de larga duraci\u00f3n<\/strong>, con mejoras visibles en las semanas posteriores al tratamiento.<\/li><\/ul><h4 data-start=\"1666\" data-end=\"1695\">\u00a0<\/h4>\t\t\t\t\t\t\t\t<\/div>\n\t\t\t\t<\/div>\n\t\t\t\t<div class=\"elementor-element elementor-element-2b763973 elementor-widget elementor-widget-heading\" data-id=\"2b763973\" data-element_type=\"widget\" data-e-type=\"widget\" data-widget_type=\"heading.default\">\n\t\t\t\t<div class=\"elementor-widget-container\">\n\t\t\t\t\t<h2 class=\"elementor-heading-title elementor-size-default\">\u00c1reas de aplicaci\u00f3n<\/h2>\t\t\t\t<\/div>\n\t\t\t\t<\/div>\n\t\t\t\t<div class=\"elementor-element elementor-element-2a93f533 elementor-widget elementor-widget-text-editor\" data-id=\"2a93f533\" data-element_type=\"widget\" data-e-type=\"widget\" data-widget_type=\"text-editor.default\">\n\t\t\t\t<div class=\"elementor-widget-container\">\n\t\t\t\t\t\t\t\t\t<p data-start=\"1696\" data-end=\"1818\">Los inductores de col\u00e1geno pueden aplicarse en diversas zonas del rostro y el cuerpo para mejorar la calidad de la piel:<\/p><ul data-start=\"1820\" data-end=\"2245\"><li data-start=\"1820\" data-end=\"1916\"><strong data-start=\"1822\" data-end=\"1832\">Rostro<\/strong>: Mejora la firmeza, textura y luminosidad en p\u00f3mulos, mand\u00edbula, ment\u00f3n y cuello.<\/li><li data-start=\"1917\" data-end=\"1996\"><strong data-start=\"1919\" data-end=\"1938\">Cuello y escote<\/strong>: Redensifica la piel y aten\u00faa signos de envejecimiento.<\/li><li data-start=\"1997\" data-end=\"2078\"><strong data-start=\"1999\" data-end=\"2008\">Manos<\/strong>: Restaura la hidrataci\u00f3n y reduce la apariencia de piel envejecida.<\/li><li data-start=\"2079\" data-end=\"2169\"><strong data-start=\"2081\" data-end=\"2101\">Brazos y abdomen<\/strong>: Ayuda a mejorar la flacidez y la textura cut\u00e1nea en estas zonas.<\/li><li data-start=\"2170\" data-end=\"2245\"><strong data-start=\"2172\" data-end=\"2192\">Gl\u00fateos y muslos<\/strong>: Aporta firmeza y mejora la apariencia de la piel.<\/li><\/ul><h4 data-start=\"2247\" data-end=\"2315\">\u00a0<\/h4>\t\t\t\t\t\t\t\t<\/div>\n\t\t\t\t<\/div>\n\t\t\t\t<div class=\"elementor-element elementor-element-37411de elementor-widget elementor-widget-heading\" data-id=\"37411de\" data-element_type=\"widget\" data-e-type=\"widget\" data-widget_type=\"heading.default\">\n\t\t\t\t<div class=\"elementor-widget-container\">\n\t\t\t\t\t<h2 class=\"elementor-heading-title elementor-size-default\">Programa tu consulta y potencia la regeneraci\u00f3n de tu piel<\/h2>\t\t\t\t<\/div>\n\t\t\t\t<\/div>\n\t\t\t\t<div class=\"elementor-element elementor-element-570d7281 elementor-widget elementor-widget-text-editor\" data-id=\"570d7281\" data-element_type=\"widget\" data-e-type=\"widget\" data-widget_type=\"text-editor.default\">\n\t\t\t\t<div class=\"elementor-widget-container\">\n\t\t\t\t\t\t\t\t\t<p data-start=\"2316\" data-end=\"2669\">Si buscas una soluci\u00f3n eficaz y natural para estimular la producci\u00f3n de col\u00e1geno y mejorar la calidad de tu piel, los inductores de col\u00e1geno pueden ser la opci\u00f3n ideal. Reserva tu cita con nuestros especialistas y descubre c\u00f3mo este tratamiento puede ayudarte a recuperar firmeza, elasticidad y un aspecto rejuvenecido de manera progresiva y duradera.<\/p><p data-start=\"2671\" data-end=\"2774\">Activa la regeneraci\u00f3n celular y revitaliza tu piel desde el interior con los inductores de col\u00e1geno.<\/p>\t\t\t\t\t\t\t\t<\/div>\n\t\t\t\t<\/div>\n\t\t\t\t<div class=\"elementor-element elementor-element-799a5ddc elementor-align-center elementor-widget elementor-widget-button\" data-id=\"799a5ddc\" data-element_type=\"widget\" data-e-type=\"widget\" data-widget_type=\"button.default\">\n\t\t\t\t<div class=\"elementor-widget-container\">\n\t\t\t\t\t\t\t\t\t<div class=\"elementor-button-wrapper\">\n\t\t\t\t\t<a class=\"elementor-button elementor-button-link elementor-size-sm\" href=\"https:\/\/wa.me\/34634708634\">\n\t\t\t\t\t\t<span class=\"elementor-button-content-wrapper\">\n\t\t\t\t\t\t\t\t\t<span class=\"elementor-button-text\">PIDE CITA<\/span>\n\t\t\t\t\t<\/span>\n\t\t\t\t\t<\/a>\n\t\t\t\t<\/div>\n\t\t\t\t\t\t\t\t<\/div>\n\t\t\t\t<\/div>\n\t\t\t\t\t<\/div>\n\t\t\t\t<\/div>\n\t\t\t\t<\/div>\n\t\t","protected":false},"excerpt":{"rendered":"<p>INDUCTORES DE COL\u00c1GENO: ESTIMULACI\u00d3N Y REGENERACI\u00d3N CELULAR EN VALENCIA El col\u00e1geno es una de las prote\u00ednas clave para mantener la firmeza, elasticidad y juventud de la piel. Con el paso del tiempo, su producci\u00f3n natural disminuye, dando lugar a la p\u00e9rdida de volumen, flacidez y arrugas. Los inductores de col\u00e1geno son un tratamiento innovador dise\u00f1ado [&hellip;]<\/p>\n","protected":false},"author":1,"featured_media":0,"parent":0,"menu_order":0,"comment_status":"closed","ping_status":"closed","template":"","meta":{"footnotes":""},"class_list":["post-414","page","type-page","status-publish","hentry"],"yoast_head":"<!-- This site is optimized with the Yoast SEO plugin v27.1.1 - https:\/\/yoast.com\/product\/yoast-seo-wordpress\/ -->\n<title>Inductores de col\u00e1geno - Estimulaci\u00f3n de la regeneraci\u00f3n celular\u200b - Ginecologa Cristina Garcia<\/title>\n<meta name=\"robots\" content=\"index, follow, max-snippet:-1, max-image-preview:large, max-video-preview:-1\" \/>\n<link rel=\"canonical\" href=\"https:\/\/ginecologacristinagarcia.com\/index.php\/inductores-de-colageno-estimulacion-de-la-regeneracion-celular\/\" \/>\n<meta property=\"og:locale\" content=\"es_ES\" \/>\n<meta property=\"og:type\" content=\"article\" \/>\n<meta property=\"og:title\" content=\"Inductores de col\u00e1geno - Estimulaci\u00f3n de la regeneraci\u00f3n celular\u200b - Ginecologa Cristina Garcia\" \/>\n<meta property=\"og:description\" content=\"INDUCTORES DE COL\u00c1GENO: ESTIMULACI\u00d3N Y REGENERACI\u00d3N CELULAR EN VALENCIA El col\u00e1geno es una de las prote\u00ednas clave para mantener la firmeza, elasticidad y juventud de la piel. Con el paso del tiempo, su producci\u00f3n natural disminuye, dando lugar a la p\u00e9rdida de volumen, flacidez y arrugas. Los inductores de col\u00e1geno son un tratamiento innovador dise\u00f1ado [&hellip;]\" \/>\n<meta property=\"og:url\" content=\"https:\/\/ginecologacristinagarcia.com\/index.php\/inductores-de-colageno-estimulacion-de-la-regeneracion-celular\/\" \/>\n<meta property=\"og:site_name\" content=\"Ginecologa Cristina Garcia\" \/>\n<meta property=\"article:modified_time\" content=\"2025-05-08T10:42:42+00:00\" \/>\n<meta property=\"og:image\" content=\"https:\/\/ginecologacristinagarcia.com\/wp-content\/uploads\/2025\/02\/INDUCTORES-DE-COLAGENO-ESTIMULACION-Y-REGENERACION-CELULAR-EN-VALENCIA.jpg\" \/>\n\t<meta property=\"og:image:width\" content=\"2048\" \/>\n\t<meta property=\"og:image:height\" content=\"1376\" \/>\n\t<meta property=\"og:image:type\" content=\"image\/jpeg\" \/>\n<meta name=\"twitter:card\" content=\"summary_large_image\" \/>\n<meta name=\"twitter:label1\" content=\"Tiempo de lectura\" \/>\n\t<meta name=\"twitter:data1\" content=\"3 minutos\" \/>\n<script type=\"application\/ld+json\" class=\"yoast-schema-graph\">{\"@context\":\"https:\/\/schema.org\",\"@graph\":[{\"@type\":\"WebPage\",\"@id\":\"https:\/\/ginecologacristinagarcia.com\/index.php\/inductores-de-colageno-estimulacion-de-la-regeneracion-celular\/\",\"url\":\"https:\/\/ginecologacristinagarcia.com\/index.php\/inductores-de-colageno-estimulacion-de-la-regeneracion-celular\/\",\"name\":\"Inductores de col\u00e1geno - Estimulaci\u00f3n de la regeneraci\u00f3n celular\u200b - Ginecologa Cristina Garcia\",\"isPartOf\":{\"@id\":\"https:\/\/ginecologacristinagarcia.com\/#website\"},\"primaryImageOfPage\":{\"@id\":\"https:\/\/ginecologacristinagarcia.com\/index.php\/inductores-de-colageno-estimulacion-de-la-regeneracion-celular\/#primaryimage\"},\"image\":{\"@id\":\"https:\/\/ginecologacristinagarcia.com\/index.php\/inductores-de-colageno-estimulacion-de-la-regeneracion-celular\/#primaryimage\"},\"thumbnailUrl\":\"https:\/\/ginecologacristinagarcia.com\/wp-content\/uploads\/2025\/02\/INDUCTORES-DE-COLAGENO-ESTIMULACION-Y-REGENERACION-CELULAR-EN-VALENCIA-1024x688.jpg\",\"datePublished\":\"2025-02-16T20:36:34+00:00\",\"dateModified\":\"2025-05-08T10:42:42+00:00\",\"breadcrumb\":{\"@id\":\"https:\/\/ginecologacristinagarcia.com\/index.php\/inductores-de-colageno-estimulacion-de-la-regeneracion-celular\/#breadcrumb\"},\"inLanguage\":\"es\",\"potentialAction\":[{\"@type\":\"ReadAction\",\"target\":[\"https:\/\/ginecologacristinagarcia.com\/index.php\/inductores-de-colageno-estimulacion-de-la-regeneracion-celular\/\"]}]},{\"@type\":\"ImageObject\",\"inLanguage\":\"es\",\"@id\":\"https:\/\/ginecologacristinagarcia.com\/index.php\/inductores-de-colageno-estimulacion-de-la-regeneracion-celular\/#primaryimage\",\"url\":\"https:\/\/ginecologacristinagarcia.com\/wp-content\/uploads\/2025\/02\/INDUCTORES-DE-COLAGENO-ESTIMULACION-Y-REGENERACION-CELULAR-EN-VALENCIA.jpg\",\"contentUrl\":\"https:\/\/ginecologacristinagarcia.com\/wp-content\/uploads\/2025\/02\/INDUCTORES-DE-COLAGENO-ESTIMULACION-Y-REGENERACION-CELULAR-EN-VALENCIA.jpg\",\"width\":2048,\"height\":1376},{\"@type\":\"BreadcrumbList\",\"@id\":\"https:\/\/ginecologacristinagarcia.com\/index.php\/inductores-de-colageno-estimulacion-de-la-regeneracion-celular\/#breadcrumb\",\"itemListElement\":[{\"@type\":\"ListItem\",\"position\":1,\"name\":\"Portada\",\"item\":\"https:\/\/ginecologacristinagarcia.com\/\"},{\"@type\":\"ListItem\",\"position\":2,\"name\":\"Inductores de col\u00e1geno &#8211; Estimulaci\u00f3n de la regeneraci\u00f3n celular\u200b\"}]},{\"@type\":\"WebSite\",\"@id\":\"https:\/\/ginecologacristinagarcia.com\/#website\",\"url\":\"https:\/\/ginecologacristinagarcia.com\/\",\"name\":\"Ginecologa Cristina Garcia\",\"description\":\"\",\"publisher\":{\"@id\":\"https:\/\/ginecologacristinagarcia.com\/#organization\"},\"potentialAction\":[{\"@type\":\"SearchAction\",\"target\":{\"@type\":\"EntryPoint\",\"urlTemplate\":\"https:\/\/ginecologacristinagarcia.com\/?s={search_term_string}\"},\"query-input\":{\"@type\":\"PropertyValueSpecification\",\"valueRequired\":true,\"valueName\":\"search_term_string\"}}],\"inLanguage\":\"es\"},{\"@type\":\"Organization\",\"@id\":\"https:\/\/ginecologacristinagarcia.com\/#organization\",\"name\":\"Ginecologa Cristina Garcia\",\"url\":\"https:\/\/ginecologacristinagarcia.com\/\",\"logo\":{\"@type\":\"ImageObject\",\"inLanguage\":\"es\",\"@id\":\"https:\/\/ginecologacristinagarcia.com\/#\/schema\/logo\/image\/\",\"url\":\"https:\/\/ginecologacristinagarcia.com\/wp-content\/uploads\/2025\/02\/cropped-logo-06.png\",\"contentUrl\":\"https:\/\/ginecologacristinagarcia.com\/wp-content\/uploads\/2025\/02\/cropped-logo-06.png\",\"width\":2001,\"height\":509,\"caption\":\"Ginecologa Cristina Garcia\"},\"image\":{\"@id\":\"https:\/\/ginecologacristinagarcia.com\/#\/schema\/logo\/image\/\"}}]}<\/script>\n<!-- \/ Yoast SEO plugin. -->","yoast_head_json":{"title":"Inductores de col\u00e1geno - Estimulaci\u00f3n de la regeneraci\u00f3n celular\u200b - Ginecologa Cristina Garcia","robots":{"index":"index","follow":"follow","max-snippet":"max-snippet:-1","max-image-preview":"max-image-preview:large","max-video-preview":"max-video-preview:-1"},"canonical":"https:\/\/ginecologacristinagarcia.com\/index.php\/inductores-de-colageno-estimulacion-de-la-regeneracion-celular\/","og_locale":"es_ES","og_type":"article","og_title":"Inductores de col\u00e1geno - Estimulaci\u00f3n de la regeneraci\u00f3n celular\u200b - Ginecologa Cristina Garcia","og_description":"INDUCTORES DE COL\u00c1GENO: ESTIMULACI\u00d3N Y REGENERACI\u00d3N CELULAR EN VALENCIA El col\u00e1geno es una de las prote\u00ednas clave para mantener la firmeza, elasticidad y juventud de la piel. Con el paso del tiempo, su producci\u00f3n natural disminuye, dando lugar a la p\u00e9rdida de volumen, flacidez y arrugas. Los inductores de col\u00e1geno son un tratamiento innovador dise\u00f1ado [&hellip;]","og_url":"https:\/\/ginecologacristinagarcia.com\/index.php\/inductores-de-colageno-estimulacion-de-la-regeneracion-celular\/","og_site_name":"Ginecologa Cristina Garcia","article_modified_time":"2025-05-08T10:42:42+00:00","og_image":[{"width":2048,"height":1376,"url":"https:\/\/ginecologacristinagarcia.com\/wp-content\/uploads\/2025\/02\/INDUCTORES-DE-COLAGENO-ESTIMULACION-Y-REGENERACION-CELULAR-EN-VALENCIA.jpg","type":"image\/jpeg"}],"twitter_card":"summary_large_image","twitter_misc":{"Tiempo de lectura":"3 minutos"},"schema":{"@context":"https:\/\/schema.org","@graph":[{"@type":"WebPage","@id":"https:\/\/ginecologacristinagarcia.com\/index.php\/inductores-de-colageno-estimulacion-de-la-regeneracion-celular\/","url":"https:\/\/ginecologacristinagarcia.com\/index.php\/inductores-de-colageno-estimulacion-de-la-regeneracion-celular\/","name":"Inductores de col\u00e1geno - Estimulaci\u00f3n de la regeneraci\u00f3n celular\u200b - Ginecologa Cristina Garcia","isPartOf":{"@id":"https:\/\/ginecologacristinagarcia.com\/#website"},"primaryImageOfPage":{"@id":"https:\/\/ginecologacristinagarcia.com\/index.php\/inductores-de-colageno-estimulacion-de-la-regeneracion-celular\/#primaryimage"},"image":{"@id":"https:\/\/ginecologacristinagarcia.com\/index.php\/inductores-de-colageno-estimulacion-de-la-regeneracion-celular\/#primaryimage"},"thumbnailUrl":"https:\/\/ginecologacristinagarcia.com\/wp-content\/uploads\/2025\/02\/INDUCTORES-DE-COLAGENO-ESTIMULACION-Y-REGENERACION-CELULAR-EN-VALENCIA-1024x688.jpg","datePublished":"2025-02-16T20:36:34+00:00","dateModified":"2025-05-08T10:42:42+00:00","breadcrumb":{"@id":"https:\/\/ginecologacristinagarcia.com\/index.php\/inductores-de-colageno-estimulacion-de-la-regeneracion-celular\/#breadcrumb"},"inLanguage":"es","potentialAction":[{"@type":"ReadAction","target":["https:\/\/ginecologacristinagarcia.com\/index.php\/inductores-de-colageno-estimulacion-de-la-regeneracion-celular\/"]}]},{"@type":"ImageObject","inLanguage":"es","@id":"https:\/\/ginecologacristinagarcia.com\/index.php\/inductores-de-colageno-estimulacion-de-la-regeneracion-celular\/#primaryimage","url":"https:\/\/ginecologacristinagarcia.com\/wp-content\/uploads\/2025\/02\/INDUCTORES-DE-COLAGENO-ESTIMULACION-Y-REGENERACION-CELULAR-EN-VALENCIA.jpg","contentUrl":"https:\/\/ginecologacristinagarcia.com\/wp-content\/uploads\/2025\/02\/INDUCTORES-DE-COLAGENO-ESTIMULACION-Y-REGENERACION-CELULAR-EN-VALENCIA.jpg","width":2048,"height":1376},{"@type":"BreadcrumbList","@id":"https:\/\/ginecologacristinagarcia.com\/index.php\/inductores-de-colageno-estimulacion-de-la-regeneracion-celular\/#breadcrumb","itemListElement":[{"@type":"ListItem","position":1,"name":"Portada","item":"https:\/\/ginecologacristinagarcia.com\/"},{"@type":"ListItem","position":2,"name":"Inductores de col\u00e1geno &#8211; Estimulaci\u00f3n de la regeneraci\u00f3n celular\u200b"}]},{"@type":"WebSite","@id":"https:\/\/ginecologacristinagarcia.com\/#website","url":"https:\/\/ginecologacristinagarcia.com\/","name":"Ginecologa Cristina Garcia","description":"","publisher":{"@id":"https:\/\/ginecologacristinagarcia.com\/#organization"},"potentialAction":[{"@type":"SearchAction","target":{"@type":"EntryPoint","urlTemplate":"https:\/\/ginecologacristinagarcia.com\/?s={search_term_string}"},"query-input":{"@type":"PropertyValueSpecification","valueRequired":true,"valueName":"search_term_string"}}],"inLanguage":"es"},{"@type":"Organization","@id":"https:\/\/ginecologacristinagarcia.com\/#organization","name":"Ginecologa Cristina Garcia","url":"https:\/\/ginecologacristinagarcia.com\/","logo":{"@type":"ImageObject","inLanguage":"es","@id":"https:\/\/ginecologacristinagarcia.com\/#\/schema\/logo\/image\/","url":"https:\/\/ginecologacristinagarcia.com\/wp-content\/uploads\/2025\/02\/cropped-logo-06.png","contentUrl":"https:\/\/ginecologacristinagarcia.com\/wp-content\/uploads\/2025\/02\/cropped-logo-06.png","width":2001,"height":509,"caption":"Ginecologa Cristina Garcia"},"image":{"@id":"https:\/\/ginecologacristinagarcia.com\/#\/schema\/logo\/image\/"}}]}},"_links":{"self":[{"href":"https:\/\/ginecologacristinagarcia.com\/index.php\/wp-json\/wp\/v2\/pages\/414","targetHints":{"allow":["GET"]}}],"collection":[{"href":"https:\/\/ginecologacristinagarcia.com\/index.php\/wp-json\/wp\/v2\/pages"}],"about":[{"href":"https:\/\/ginecologacristinagarcia.com\/index.php\/wp-json\/wp\/v2\/types\/page"}],"author":[{"embeddable":true,"href":"https:\/\/ginecologacristinagarcia.com\/index.php\/wp-json\/wp\/v2\/users\/1"}],"replies":[{"embeddable":true,"href":"https:\/\/ginecologacristinagarcia.com\/index.php\/wp-json\/wp\/v2\/comments?post=414"}],"version-history":[{"count":7,"href":"https:\/\/ginecologacristinagarcia.com\/index.php\/wp-json\/wp\/v2\/pages\/414\/revisions"}],"predecessor-version":[{"id":746,"href":"https:\/\/ginecologacristinagarcia.com\/index.php\/wp-json\/wp\/v2\/pages\/414\/revisions\/746"}],"wp:attachment":[{"href":"https:\/\/ginecologacristinagarcia.com\/index.php\/wp-json\/wp\/v2\/media?parent=414"}],"curies":[{"name":"wp","href":"https:\/\/api.w.org\/{rel}","templated":true}]}}