{"id":401,"date":"2025-02-16T20:22:08","date_gmt":"2025-02-16T20:22:08","guid":{"rendered":"https:\/\/ginecologacristinagarcia.com\/?page_id=401"},"modified":"2025-05-08T10:42:23","modified_gmt":"2025-05-08T10:42:23","slug":"mesoterapia-rejuvenecimiento-e-hidratacion-profunda-de-la-piel","status":"publish","type":"page","link":"https:\/\/ginecologacristinagarcia.com\/index.php\/mesoterapia-rejuvenecimiento-e-hidratacion-profunda-de-la-piel\/","title":{"rendered":"Mesoterapia &#8211; Rejuvenecimiento e hidrataci\u00f3n profunda de la piel\u200b"},"content":{"rendered":"\t\t<div data-elementor-type=\"wp-page\" data-elementor-id=\"401\" class=\"elementor elementor-401\" data-elementor-post-type=\"page\">\n\t\t\t\t<div class=\"elementor-element elementor-element-33e343a4 e-flex e-con-boxed e-con e-parent\" data-id=\"33e343a4\" data-element_type=\"container\" data-e-type=\"container\">\n\t\t\t\t\t<div class=\"e-con-inner\">\n\t\t<div class=\"elementor-element elementor-element-1c328cda e-con-full e-flex e-con e-child\" data-id=\"1c328cda\" data-element_type=\"container\" data-e-type=\"container\">\n\t\t\t\t<div class=\"elementor-element elementor-element-c82469c elementor-widget elementor-widget-image\" data-id=\"c82469c\" data-element_type=\"widget\" data-e-type=\"widget\" data-widget_type=\"image.default\">\n\t\t\t\t<div class=\"elementor-widget-container\">\n\t\t\t\t\t\t\t\t\t\t\t\t\t\t\t<img fetchpriority=\"high\" decoding=\"async\" width=\"800\" height=\"463\" src=\"https:\/\/ginecologacristinagarcia.com\/wp-content\/uploads\/2025\/02\/MESOTERAPIA-FACIAL-EN-VALENCIA-1024x592.webp\" class=\"attachment-large size-large wp-image-404\" alt=\"\" srcset=\"https:\/\/ginecologacristinagarcia.com\/wp-content\/uploads\/2025\/02\/MESOTERAPIA-FACIAL-EN-VALENCIA-1024x592.webp 1024w, https:\/\/ginecologacristinagarcia.com\/wp-content\/uploads\/2025\/02\/MESOTERAPIA-FACIAL-EN-VALENCIA-300x173.webp 300w, https:\/\/ginecologacristinagarcia.com\/wp-content\/uploads\/2025\/02\/MESOTERAPIA-FACIAL-EN-VALENCIA-768x444.webp 768w, https:\/\/ginecologacristinagarcia.com\/wp-content\/uploads\/2025\/02\/MESOTERAPIA-FACIAL-EN-VALENCIA.webp 1280w\" sizes=\"(max-width: 800px) 100vw, 800px\" \/>\t\t\t\t\t\t\t\t\t\t\t\t\t\t\t<\/div>\n\t\t\t\t<\/div>\n\t\t\t\t<div class=\"elementor-element elementor-element-b6a30d6 elementor-align-center elementor-widget elementor-widget-button\" data-id=\"b6a30d6\" data-element_type=\"widget\" data-e-type=\"widget\" data-widget_type=\"button.default\">\n\t\t\t\t<div class=\"elementor-widget-container\">\n\t\t\t\t\t\t\t\t\t<div class=\"elementor-button-wrapper\">\n\t\t\t\t\t<a class=\"elementor-button elementor-button-link elementor-size-sm\" href=\"https:\/\/wa.me\/34634708634\">\n\t\t\t\t\t\t<span class=\"elementor-button-content-wrapper\">\n\t\t\t\t\t\t\t\t\t<span class=\"elementor-button-text\">PIDE CITA<\/span>\n\t\t\t\t\t<\/span>\n\t\t\t\t\t<\/a>\n\t\t\t\t<\/div>\n\t\t\t\t\t\t\t\t<\/div>\n\t\t\t\t<\/div>\n\t\t\t\t<\/div>\n\t\t<div class=\"elementor-element elementor-element-98aba7b e-con-full e-flex e-con e-child\" data-id=\"98aba7b\" data-element_type=\"container\" data-e-type=\"container\">\n\t\t\t\t<div class=\"elementor-element elementor-element-4f6b68c elementor-widget elementor-widget-heading\" data-id=\"4f6b68c\" data-element_type=\"widget\" data-e-type=\"widget\" data-widget_type=\"heading.default\">\n\t\t\t\t<div class=\"elementor-widget-container\">\n\t\t\t\t\t<h2 class=\"elementor-heading-title elementor-size-default\">MESOTERAPIA FACIAL: REJUVENECIMIENTO E HIDRATACI\u00d3N PROFUNDA EN VALENCIA<\/h2>\t\t\t\t<\/div>\n\t\t\t\t<\/div>\n\t\t\t\t<div class=\"elementor-element elementor-element-4d092e9 elementor-widget elementor-widget-text-editor\" data-id=\"4d092e9\" data-element_type=\"widget\" data-e-type=\"widget\" data-widget_type=\"text-editor.default\">\n\t\t\t\t<div class=\"elementor-widget-container\">\n\t\t\t\t\t\t\t\t\t<p data-start=\"79\" data-end=\"446\">La mesoterapia facial es un tratamiento innovador y m\u00ednimamente invasivo dise\u00f1ado para rejuvenecer, hidratar y revitalizar la piel desde el interior. Mediante la aplicaci\u00f3n de microinyecciones con vitaminas, \u00e1cido hialur\u00f3nico, antioxidantes y otros principios activos, se logra mejorar la luminosidad, elasticidad y firmeza del rostro de forma natural y progresiva.<\/p><p data-start=\"448\" data-end=\"652\">Ideal para prevenir y tratar los signos del envejecimiento, la mesoterapia es una excelente opci\u00f3n para quienes buscan una piel m\u00e1s joven, hidratada y radiante sin necesidad de procedimientos agresivos.<\/p>\t\t\t\t\t\t\t\t<\/div>\n\t\t\t\t<\/div>\n\t\t\t\t<\/div>\n\t\t\t\t\t<\/div>\n\t\t\t\t<\/div>\n\t\t<div class=\"elementor-element elementor-element-1f5ab4ff e-flex e-con-boxed e-con e-parent\" data-id=\"1f5ab4ff\" data-element_type=\"container\" data-e-type=\"container\">\n\t\t\t\t\t<div class=\"e-con-inner\">\n\t\t\t\t<div class=\"elementor-element elementor-element-311eadaa elementor-widget elementor-widget-heading\" data-id=\"311eadaa\" data-element_type=\"widget\" data-e-type=\"widget\" data-widget_type=\"heading.default\">\n\t\t\t\t<div class=\"elementor-widget-container\">\n\t\t\t\t\t<h2 class=\"elementor-heading-title elementor-size-default\">\u00bfC\u00f3mo funciona la mesoterapia facial?<\/h2>\t\t\t\t<\/div>\n\t\t\t\t<\/div>\n\t\t\t\t<div class=\"elementor-element elementor-element-2cb7c9fd elementor-widget elementor-widget-text-editor\" data-id=\"2cb7c9fd\" data-element_type=\"widget\" data-e-type=\"widget\" data-widget_type=\"text-editor.default\">\n\t\t\t\t<div class=\"elementor-widget-container\">\n\t\t\t\t\t\t\t\t\t<p data-start=\"702\" data-end=\"1027\">Este tratamiento consiste en la aplicaci\u00f3n de microinyecciones superficiales en la piel, depositando sustancias altamente beneficiosas que estimulan la producci\u00f3n de col\u00e1geno y elastina. Al actuar desde las capas m\u00e1s profundas, la piel recibe una hidrataci\u00f3n intensa y los nutrientes necesarios para recuperar su vitalidad.<\/p><p data-start=\"1029\" data-end=\"1155\">Los resultados son progresivos y visibles desde las primeras sesiones, logrando una piel m\u00e1s firme, luminosa y rejuvenecida.<\/p>\t\t\t\t\t\t\t\t<\/div>\n\t\t\t\t<\/div>\n\t\t\t\t<div class=\"elementor-element elementor-element-2fd88ee elementor-widget elementor-widget-heading\" data-id=\"2fd88ee\" data-element_type=\"widget\" data-e-type=\"widget\" data-widget_type=\"heading.default\">\n\t\t\t\t<div class=\"elementor-widget-container\">\n\t\t\t\t\t<h2 class=\"elementor-heading-title elementor-size-default\">Beneficios de la mesoterapia\n<\/h2>\t\t\t\t<\/div>\n\t\t\t\t<\/div>\n\t\t\t\t<div class=\"elementor-element elementor-element-5c49d475 elementor-widget elementor-widget-text-editor\" data-id=\"5c49d475\" data-element_type=\"widget\" data-e-type=\"widget\" data-widget_type=\"text-editor.default\">\n\t\t\t\t<div class=\"elementor-widget-container\">\n\t\t\t\t\t\t\t\t\t<p data-start=\"1196\" data-end=\"1310\">La mesoterapia facial ofrece m\u00faltiples ventajas para mejorar la calidad de la piel y combatir el envejecimiento:<\/p><ul data-start=\"1312\" data-end=\"1905\"><li data-start=\"1312\" data-end=\"1400\"><strong data-start=\"1314\" data-end=\"1351\">Hidrataci\u00f3n profunda y prolongada<\/strong>, restaurando el equilibrio natural de la piel.<\/li><li data-start=\"1401\" data-end=\"1493\"><strong data-start=\"1403\" data-end=\"1449\">Reducci\u00f3n de arrugas y l\u00edneas de expresi\u00f3n<\/strong>, suavizando los signos de envejecimiento.<\/li><li data-start=\"1494\" data-end=\"1587\"><strong data-start=\"1496\" data-end=\"1534\">Mejora de la elasticidad y firmeza<\/strong>, gracias a la estimulaci\u00f3n de col\u00e1geno y elastina.<\/li><li data-start=\"1588\" data-end=\"1675\"><strong data-start=\"1590\" data-end=\"1631\">Aumento de la luminosidad y vitalidad<\/strong>, dejando la piel m\u00e1s radiante y uniforme.<\/li><li data-start=\"1676\" data-end=\"1797\"><strong data-start=\"1678\" data-end=\"1721\">Prevenci\u00f3n del envejecimiento prematuro<\/strong>, protegiendo la piel de factores externos como el sol y la contaminaci\u00f3n.<\/li><li data-start=\"1798\" data-end=\"1905\"><strong data-start=\"1800\" data-end=\"1851\">Tratamiento seguro y sin tiempo de recuperaci\u00f3n<\/strong>, permitiendo retomar la rutina diaria de inmediato.<\/li><\/ul>\t\t\t\t\t\t\t\t<\/div>\n\t\t\t\t<\/div>\n\t\t\t\t<div class=\"elementor-element elementor-element-532a87a2 elementor-widget elementor-widget-heading\" data-id=\"532a87a2\" data-element_type=\"widget\" data-e-type=\"widget\" data-widget_type=\"heading.default\">\n\t\t\t\t<div class=\"elementor-widget-container\">\n\t\t\t\t\t<h2 class=\"elementor-heading-title elementor-size-default\">\u00bfPara qui\u00e9n est\u00e1 indicada la mesoterapia facial?<\/h2>\t\t\t\t<\/div>\n\t\t\t\t<\/div>\n\t\t\t\t<div class=\"elementor-element elementor-element-3af630a0 elementor-widget elementor-widget-text-editor\" data-id=\"3af630a0\" data-element_type=\"widget\" data-e-type=\"widget\" data-widget_type=\"text-editor.default\">\n\t\t\t\t<div class=\"elementor-widget-container\">\n\t\t\t\t\t\t\t\t\t<p data-start=\"1966\" data-end=\"2158\">Este tratamiento es ideal para personas que desean mejorar la calidad de su piel, ya sea para prevenir el envejecimiento o tratar signos ya visibles. Se recomienda especialmente en casos de:<\/p><ul data-start=\"2160\" data-end=\"2426\"><li data-start=\"2160\" data-end=\"2200\">Piel apagada o con signos de fatiga.<\/li><li data-start=\"2201\" data-end=\"2245\">Deshidrataci\u00f3n y p\u00e9rdida de elasticidad.<\/li><li data-start=\"2246\" data-end=\"2295\">Arrugas finas y primeras l\u00edneas de expresi\u00f3n.<\/li><li data-start=\"2296\" data-end=\"2333\">Falta de firmeza y flacidez leve.<\/li><li data-start=\"2334\" data-end=\"2426\">Exposici\u00f3n frecuente a factores que aceleran el envejecimiento, como el sol o el estr\u00e9s.<\/li><\/ul><h4 data-start=\"2428\" data-end=\"2477\">\u00a0<\/h4>\t\t\t\t\t\t\t\t<\/div>\n\t\t\t\t<\/div>\n\t\t\t\t<div class=\"elementor-element elementor-element-efeb676 elementor-widget elementor-widget-heading\" data-id=\"efeb676\" data-element_type=\"widget\" data-e-type=\"widget\" data-widget_type=\"heading.default\">\n\t\t\t\t<div class=\"elementor-widget-container\">\n\t\t\t\t\t<h2 class=\"elementor-heading-title elementor-size-default\">Programa tu sesi\u00f3n y revitaliza tu piel<\/h2>\t\t\t\t<\/div>\n\t\t\t\t<\/div>\n\t\t\t\t<div class=\"elementor-element elementor-element-7b2a6e76 elementor-widget elementor-widget-text-editor\" data-id=\"7b2a6e76\" data-element_type=\"widget\" data-e-type=\"widget\" data-widget_type=\"text-editor.default\">\n\t\t\t\t<div class=\"elementor-widget-container\">\n\t\t\t\t\t\t\t\t\t<p data-start=\"2478\" data-end=\"2794\">Si deseas mejorar la apariencia y salud de tu piel con un tratamiento seguro, natural y efectivo, la mesoterapia facial es una excelente opci\u00f3n. Agenda tu consulta con nuestros especialistas y descubre c\u00f3mo este procedimiento puede ayudarte a lucir una piel m\u00e1s joven, luminosa e hidratada desde la primera sesi\u00f3n.<\/p><p data-start=\"2796\" data-end=\"2883\">Descubre el poder de la mesoterapia facial y dale a tu piel el cuidado que se merece.<\/p>\t\t\t\t\t\t\t\t<\/div>\n\t\t\t\t<\/div>\n\t\t\t\t<div class=\"elementor-element elementor-element-757c0ad8 elementor-align-center elementor-widget elementor-widget-button\" data-id=\"757c0ad8\" data-element_type=\"widget\" data-e-type=\"widget\" data-widget_type=\"button.default\">\n\t\t\t\t<div class=\"elementor-widget-container\">\n\t\t\t\t\t\t\t\t\t<div class=\"elementor-button-wrapper\">\n\t\t\t\t\t<a class=\"elementor-button elementor-button-link elementor-size-sm\" href=\"https:\/\/wa.me\/34634708634\">\n\t\t\t\t\t\t<span class=\"elementor-button-content-wrapper\">\n\t\t\t\t\t\t\t\t\t<span class=\"elementor-button-text\">PIDE CITA<\/span>\n\t\t\t\t\t<\/span>\n\t\t\t\t\t<\/a>\n\t\t\t\t<\/div>\n\t\t\t\t\t\t\t\t<\/div>\n\t\t\t\t<\/div>\n\t\t\t\t\t<\/div>\n\t\t\t\t<\/div>\n\t\t<div class=\"elementor-element elementor-element-e788d9b e-flex e-con-boxed e-con e-parent\" data-id=\"e788d9b\" data-element_type=\"container\" data-e-type=\"container\">\n\t\t\t\t\t<div class=\"e-con-inner\">\n\t\t\t\t\t<\/div>\n\t\t\t\t<\/div>\n\t\t\t\t<\/div>\n\t\t","protected":false},"excerpt":{"rendered":"<p>PIDE CITA MESOTERAPIA FACIAL: REJUVENECIMIENTO E HIDRATACI\u00d3N PROFUNDA EN VALENCIA La mesoterapia facial es un tratamiento innovador y m\u00ednimamente invasivo dise\u00f1ado para rejuvenecer, hidratar y revitalizar la piel desde el interior. Mediante la aplicaci\u00f3n de microinyecciones con vitaminas, \u00e1cido hialur\u00f3nico, antioxidantes y otros principios activos, se logra mejorar la luminosidad, elasticidad y firmeza del rostro [&hellip;]<\/p>\n","protected":false},"author":1,"featured_media":0,"parent":0,"menu_order":0,"comment_status":"closed","ping_status":"closed","template":"","meta":{"footnotes":""},"class_list":["post-401","page","type-page","status-publish","hentry"],"yoast_head":"<!-- This site is optimized with the Yoast SEO plugin v27.1.1 - https:\/\/yoast.com\/product\/yoast-seo-wordpress\/ -->\n<title>Mesoterapia - Rejuvenecimiento e hidrataci\u00f3n profunda de la piel\u200b - Ginecologa Cristina Garcia<\/title>\n<meta name=\"robots\" content=\"index, follow, max-snippet:-1, max-image-preview:large, max-video-preview:-1\" \/>\n<link rel=\"canonical\" href=\"https:\/\/ginecologacristinagarcia.com\/index.php\/mesoterapia-rejuvenecimiento-e-hidratacion-profunda-de-la-piel\/\" \/>\n<meta property=\"og:locale\" content=\"es_ES\" \/>\n<meta property=\"og:type\" content=\"article\" \/>\n<meta property=\"og:title\" content=\"Mesoterapia - Rejuvenecimiento e hidrataci\u00f3n profunda de la piel\u200b - Ginecologa Cristina Garcia\" \/>\n<meta property=\"og:description\" content=\"PIDE CITA MESOTERAPIA FACIAL: REJUVENECIMIENTO E HIDRATACI\u00d3N PROFUNDA EN VALENCIA La mesoterapia facial es un tratamiento innovador y m\u00ednimamente invasivo dise\u00f1ado para rejuvenecer, hidratar y revitalizar la piel desde el interior. Mediante la aplicaci\u00f3n de microinyecciones con vitaminas, \u00e1cido hialur\u00f3nico, antioxidantes y otros principios activos, se logra mejorar la luminosidad, elasticidad y firmeza del rostro [&hellip;]\" \/>\n<meta property=\"og:url\" content=\"https:\/\/ginecologacristinagarcia.com\/index.php\/mesoterapia-rejuvenecimiento-e-hidratacion-profunda-de-la-piel\/\" \/>\n<meta property=\"og:site_name\" content=\"Ginecologa Cristina Garcia\" \/>\n<meta property=\"article:modified_time\" content=\"2025-05-08T10:42:23+00:00\" \/>\n<meta property=\"og:image\" content=\"https:\/\/ginecologacristinagarcia.com\/wp-content\/uploads\/2025\/02\/MESOTERAPIA-FACIAL-EN-VALENCIA.webp\" \/>\n\t<meta property=\"og:image:width\" content=\"1280\" \/>\n\t<meta property=\"og:image:height\" content=\"740\" \/>\n\t<meta property=\"og:image:type\" content=\"image\/webp\" \/>\n<meta name=\"twitter:card\" content=\"summary_large_image\" \/>\n<meta name=\"twitter:label1\" content=\"Tiempo de lectura\" \/>\n\t<meta name=\"twitter:data1\" content=\"3 minutos\" \/>\n<script type=\"application\/ld+json\" class=\"yoast-schema-graph\">{\"@context\":\"https:\/\/schema.org\",\"@graph\":[{\"@type\":\"WebPage\",\"@id\":\"https:\/\/ginecologacristinagarcia.com\/index.php\/mesoterapia-rejuvenecimiento-e-hidratacion-profunda-de-la-piel\/\",\"url\":\"https:\/\/ginecologacristinagarcia.com\/index.php\/mesoterapia-rejuvenecimiento-e-hidratacion-profunda-de-la-piel\/\",\"name\":\"Mesoterapia - Rejuvenecimiento e hidrataci\u00f3n profunda de la piel\u200b - Ginecologa Cristina Garcia\",\"isPartOf\":{\"@id\":\"https:\/\/ginecologacristinagarcia.com\/#website\"},\"primaryImageOfPage\":{\"@id\":\"https:\/\/ginecologacristinagarcia.com\/index.php\/mesoterapia-rejuvenecimiento-e-hidratacion-profunda-de-la-piel\/#primaryimage\"},\"image\":{\"@id\":\"https:\/\/ginecologacristinagarcia.com\/index.php\/mesoterapia-rejuvenecimiento-e-hidratacion-profunda-de-la-piel\/#primaryimage\"},\"thumbnailUrl\":\"https:\/\/ginecologacristinagarcia.com\/wp-content\/uploads\/2025\/02\/MESOTERAPIA-FACIAL-EN-VALENCIA-1024x592.webp\",\"datePublished\":\"2025-02-16T20:22:08+00:00\",\"dateModified\":\"2025-05-08T10:42:23+00:00\",\"breadcrumb\":{\"@id\":\"https:\/\/ginecologacristinagarcia.com\/index.php\/mesoterapia-rejuvenecimiento-e-hidratacion-profunda-de-la-piel\/#breadcrumb\"},\"inLanguage\":\"es\",\"potentialAction\":[{\"@type\":\"ReadAction\",\"target\":[\"https:\/\/ginecologacristinagarcia.com\/index.php\/mesoterapia-rejuvenecimiento-e-hidratacion-profunda-de-la-piel\/\"]}]},{\"@type\":\"ImageObject\",\"inLanguage\":\"es\",\"@id\":\"https:\/\/ginecologacristinagarcia.com\/index.php\/mesoterapia-rejuvenecimiento-e-hidratacion-profunda-de-la-piel\/#primaryimage\",\"url\":\"https:\/\/ginecologacristinagarcia.com\/wp-content\/uploads\/2025\/02\/MESOTERAPIA-FACIAL-EN-VALENCIA.webp\",\"contentUrl\":\"https:\/\/ginecologacristinagarcia.com\/wp-content\/uploads\/2025\/02\/MESOTERAPIA-FACIAL-EN-VALENCIA.webp\",\"width\":1280,\"height\":740},{\"@type\":\"BreadcrumbList\",\"@id\":\"https:\/\/ginecologacristinagarcia.com\/index.php\/mesoterapia-rejuvenecimiento-e-hidratacion-profunda-de-la-piel\/#breadcrumb\",\"itemListElement\":[{\"@type\":\"ListItem\",\"position\":1,\"name\":\"Portada\",\"item\":\"https:\/\/ginecologacristinagarcia.com\/\"},{\"@type\":\"ListItem\",\"position\":2,\"name\":\"Mesoterapia &#8211; Rejuvenecimiento e hidrataci\u00f3n profunda de la piel\u200b\"}]},{\"@type\":\"WebSite\",\"@id\":\"https:\/\/ginecologacristinagarcia.com\/#website\",\"url\":\"https:\/\/ginecologacristinagarcia.com\/\",\"name\":\"Ginecologa Cristina Garcia\",\"description\":\"\",\"publisher\":{\"@id\":\"https:\/\/ginecologacristinagarcia.com\/#organization\"},\"potentialAction\":[{\"@type\":\"SearchAction\",\"target\":{\"@type\":\"EntryPoint\",\"urlTemplate\":\"https:\/\/ginecologacristinagarcia.com\/?s={search_term_string}\"},\"query-input\":{\"@type\":\"PropertyValueSpecification\",\"valueRequired\":true,\"valueName\":\"search_term_string\"}}],\"inLanguage\":\"es\"},{\"@type\":\"Organization\",\"@id\":\"https:\/\/ginecologacristinagarcia.com\/#organization\",\"name\":\"Ginecologa Cristina Garcia\",\"url\":\"https:\/\/ginecologacristinagarcia.com\/\",\"logo\":{\"@type\":\"ImageObject\",\"inLanguage\":\"es\",\"@id\":\"https:\/\/ginecologacristinagarcia.com\/#\/schema\/logo\/image\/\",\"url\":\"https:\/\/ginecologacristinagarcia.com\/wp-content\/uploads\/2025\/02\/cropped-logo-06.png\",\"contentUrl\":\"https:\/\/ginecologacristinagarcia.com\/wp-content\/uploads\/2025\/02\/cropped-logo-06.png\",\"width\":2001,\"height\":509,\"caption\":\"Ginecologa Cristina Garcia\"},\"image\":{\"@id\":\"https:\/\/ginecologacristinagarcia.com\/#\/schema\/logo\/image\/\"}}]}<\/script>\n<!-- \/ Yoast SEO plugin. -->","yoast_head_json":{"title":"Mesoterapia - Rejuvenecimiento e hidrataci\u00f3n profunda de la piel\u200b - Ginecologa Cristina Garcia","robots":{"index":"index","follow":"follow","max-snippet":"max-snippet:-1","max-image-preview":"max-image-preview:large","max-video-preview":"max-video-preview:-1"},"canonical":"https:\/\/ginecologacristinagarcia.com\/index.php\/mesoterapia-rejuvenecimiento-e-hidratacion-profunda-de-la-piel\/","og_locale":"es_ES","og_type":"article","og_title":"Mesoterapia - Rejuvenecimiento e hidrataci\u00f3n profunda de la piel\u200b - Ginecologa Cristina Garcia","og_description":"PIDE CITA MESOTERAPIA FACIAL: REJUVENECIMIENTO E HIDRATACI\u00d3N PROFUNDA EN VALENCIA La mesoterapia facial es un tratamiento innovador y m\u00ednimamente invasivo dise\u00f1ado para rejuvenecer, hidratar y revitalizar la piel desde el interior. Mediante la aplicaci\u00f3n de microinyecciones con vitaminas, \u00e1cido hialur\u00f3nico, antioxidantes y otros principios activos, se logra mejorar la luminosidad, elasticidad y firmeza del rostro [&hellip;]","og_url":"https:\/\/ginecologacristinagarcia.com\/index.php\/mesoterapia-rejuvenecimiento-e-hidratacion-profunda-de-la-piel\/","og_site_name":"Ginecologa Cristina Garcia","article_modified_time":"2025-05-08T10:42:23+00:00","og_image":[{"width":1280,"height":740,"url":"https:\/\/ginecologacristinagarcia.com\/wp-content\/uploads\/2025\/02\/MESOTERAPIA-FACIAL-EN-VALENCIA.webp","type":"image\/webp"}],"twitter_card":"summary_large_image","twitter_misc":{"Tiempo de lectura":"3 minutos"},"schema":{"@context":"https:\/\/schema.org","@graph":[{"@type":"WebPage","@id":"https:\/\/ginecologacristinagarcia.com\/index.php\/mesoterapia-rejuvenecimiento-e-hidratacion-profunda-de-la-piel\/","url":"https:\/\/ginecologacristinagarcia.com\/index.php\/mesoterapia-rejuvenecimiento-e-hidratacion-profunda-de-la-piel\/","name":"Mesoterapia - Rejuvenecimiento e hidrataci\u00f3n profunda de la piel\u200b - Ginecologa Cristina Garcia","isPartOf":{"@id":"https:\/\/ginecologacristinagarcia.com\/#website"},"primaryImageOfPage":{"@id":"https:\/\/ginecologacristinagarcia.com\/index.php\/mesoterapia-rejuvenecimiento-e-hidratacion-profunda-de-la-piel\/#primaryimage"},"image":{"@id":"https:\/\/ginecologacristinagarcia.com\/index.php\/mesoterapia-rejuvenecimiento-e-hidratacion-profunda-de-la-piel\/#primaryimage"},"thumbnailUrl":"https:\/\/ginecologacristinagarcia.com\/wp-content\/uploads\/2025\/02\/MESOTERAPIA-FACIAL-EN-VALENCIA-1024x592.webp","datePublished":"2025-02-16T20:22:08+00:00","dateModified":"2025-05-08T10:42:23+00:00","breadcrumb":{"@id":"https:\/\/ginecologacristinagarcia.com\/index.php\/mesoterapia-rejuvenecimiento-e-hidratacion-profunda-de-la-piel\/#breadcrumb"},"inLanguage":"es","potentialAction":[{"@type":"ReadAction","target":["https:\/\/ginecologacristinagarcia.com\/index.php\/mesoterapia-rejuvenecimiento-e-hidratacion-profunda-de-la-piel\/"]}]},{"@type":"ImageObject","inLanguage":"es","@id":"https:\/\/ginecologacristinagarcia.com\/index.php\/mesoterapia-rejuvenecimiento-e-hidratacion-profunda-de-la-piel\/#primaryimage","url":"https:\/\/ginecologacristinagarcia.com\/wp-content\/uploads\/2025\/02\/MESOTERAPIA-FACIAL-EN-VALENCIA.webp","contentUrl":"https:\/\/ginecologacristinagarcia.com\/wp-content\/uploads\/2025\/02\/MESOTERAPIA-FACIAL-EN-VALENCIA.webp","width":1280,"height":740},{"@type":"BreadcrumbList","@id":"https:\/\/ginecologacristinagarcia.com\/index.php\/mesoterapia-rejuvenecimiento-e-hidratacion-profunda-de-la-piel\/#breadcrumb","itemListElement":[{"@type":"ListItem","position":1,"name":"Portada","item":"https:\/\/ginecologacristinagarcia.com\/"},{"@type":"ListItem","position":2,"name":"Mesoterapia &#8211; Rejuvenecimiento e hidrataci\u00f3n profunda de la piel\u200b"}]},{"@type":"WebSite","@id":"https:\/\/ginecologacristinagarcia.com\/#website","url":"https:\/\/ginecologacristinagarcia.com\/","name":"Ginecologa Cristina Garcia","description":"","publisher":{"@id":"https:\/\/ginecologacristinagarcia.com\/#organization"},"potentialAction":[{"@type":"SearchAction","target":{"@type":"EntryPoint","urlTemplate":"https:\/\/ginecologacristinagarcia.com\/?s={search_term_string}"},"query-input":{"@type":"PropertyValueSpecification","valueRequired":true,"valueName":"search_term_string"}}],"inLanguage":"es"},{"@type":"Organization","@id":"https:\/\/ginecologacristinagarcia.com\/#organization","name":"Ginecologa Cristina Garcia","url":"https:\/\/ginecologacristinagarcia.com\/","logo":{"@type":"ImageObject","inLanguage":"es","@id":"https:\/\/ginecologacristinagarcia.com\/#\/schema\/logo\/image\/","url":"https:\/\/ginecologacristinagarcia.com\/wp-content\/uploads\/2025\/02\/cropped-logo-06.png","contentUrl":"https:\/\/ginecologacristinagarcia.com\/wp-content\/uploads\/2025\/02\/cropped-logo-06.png","width":2001,"height":509,"caption":"Ginecologa Cristina Garcia"},"image":{"@id":"https:\/\/ginecologacristinagarcia.com\/#\/schema\/logo\/image\/"}}]}},"_links":{"self":[{"href":"https:\/\/ginecologacristinagarcia.com\/index.php\/wp-json\/wp\/v2\/pages\/401","targetHints":{"allow":["GET"]}}],"collection":[{"href":"https:\/\/ginecologacristinagarcia.com\/index.php\/wp-json\/wp\/v2\/pages"}],"about":[{"href":"https:\/\/ginecologacristinagarcia.com\/index.php\/wp-json\/wp\/v2\/types\/page"}],"author":[{"embeddable":true,"href":"https:\/\/ginecologacristinagarcia.com\/index.php\/wp-json\/wp\/v2\/users\/1"}],"replies":[{"embeddable":true,"href":"https:\/\/ginecologacristinagarcia.com\/index.php\/wp-json\/wp\/v2\/comments?post=401"}],"version-history":[{"count":10,"href":"https:\/\/ginecologacristinagarcia.com\/index.php\/wp-json\/wp\/v2\/pages\/401\/revisions"}],"predecessor-version":[{"id":743,"href":"https:\/\/ginecologacristinagarcia.com\/index.php\/wp-json\/wp\/v2\/pages\/401\/revisions\/743"}],"wp:attachment":[{"href":"https:\/\/ginecologacristinagarcia.com\/index.php\/wp-json\/wp\/v2\/media?parent=401"}],"curies":[{"name":"wp","href":"https:\/\/api.w.org\/{rel}","templated":true}]}}