{"id":361,"date":"2025-02-16T19:59:39","date_gmt":"2025-02-16T19:59:39","guid":{"rendered":"https:\/\/ginecologacristinagarcia.com\/?page_id=361"},"modified":"2025-05-08T10:41:48","modified_gmt":"2025-05-08T10:41:48","slug":"neuromoduladores-reduccion-de-arrugas","status":"publish","type":"page","link":"https:\/\/ginecologacristinagarcia.com\/index.php\/neuromoduladores-reduccion-de-arrugas\/","title":{"rendered":"Neuromoduladores &#8211; Reduccion de arrugas"},"content":{"rendered":"\t\t<div data-elementor-type=\"wp-page\" data-elementor-id=\"361\" class=\"elementor elementor-361\" data-elementor-post-type=\"page\">\n\t\t\t\t<div class=\"elementor-element elementor-element-74422e6 e-flex e-con-boxed e-con e-parent\" data-id=\"74422e6\" data-element_type=\"container\" data-e-type=\"container\">\n\t\t\t\t\t<div class=\"e-con-inner\">\n\t\t<div class=\"elementor-element elementor-element-88702bd e-con-full e-flex e-con e-child\" data-id=\"88702bd\" data-element_type=\"container\" data-e-type=\"container\">\n\t\t\t\t<div class=\"elementor-element elementor-element-3f96c63 elementor-widget elementor-widget-heading\" data-id=\"3f96c63\" data-element_type=\"widget\" data-e-type=\"widget\" data-widget_type=\"heading.default\">\n\t\t\t\t<div class=\"elementor-widget-container\">\n\t\t\t\t\t<h2 class=\"elementor-heading-title elementor-size-default\">REJUVENECIMIENTO FACIAL CON NEUROMODULADORES EN VALENCIA<\/h2>\t\t\t\t<\/div>\n\t\t\t\t<\/div>\n\t\t\t\t<div class=\"elementor-element elementor-element-9acbed7 elementor-widget elementor-widget-text-editor\" data-id=\"9acbed7\" data-element_type=\"widget\" data-e-type=\"widget\" data-widget_type=\"text-editor.default\">\n\t\t\t\t<div class=\"elementor-widget-container\">\n\t\t\t\t\t\t\t\t\t<p>El paso del tiempo, el estr\u00e9s y la exposici\u00f3n a factores ambientales pueden causar la aparici\u00f3n de arrugas y l\u00edneas de expresi\u00f3n en el rostro. Los neuromoduladores son una soluci\u00f3n efectiva y segura para suavizar estos signos de envejecimiento, proporcionando una apariencia m\u00e1s fresca, descansada y rejuvenecida sin necesidad de cirug\u00eda.<\/p>\t\t\t\t\t\t\t\t<\/div>\n\t\t\t\t<\/div>\n\t\t\t\t<div class=\"elementor-element elementor-element-0faf688 elementor-align-center elementor-widget elementor-widget-button\" data-id=\"0faf688\" data-element_type=\"widget\" data-e-type=\"widget\" data-widget_type=\"button.default\">\n\t\t\t\t<div class=\"elementor-widget-container\">\n\t\t\t\t\t\t\t\t\t<div class=\"elementor-button-wrapper\">\n\t\t\t\t\t<a class=\"elementor-button elementor-button-link elementor-size-sm\" href=\"https:\/\/wa.me\/34634708634\">\n\t\t\t\t\t\t<span class=\"elementor-button-content-wrapper\">\n\t\t\t\t\t\t\t\t\t<span class=\"elementor-button-text\">PIDE CITA<\/span>\n\t\t\t\t\t<\/span>\n\t\t\t\t\t<\/a>\n\t\t\t\t<\/div>\n\t\t\t\t\t\t\t\t<\/div>\n\t\t\t\t<\/div>\n\t\t\t\t<\/div>\n\t\t<div class=\"elementor-element elementor-element-9e4988c e-con-full e-flex e-con e-child\" data-id=\"9e4988c\" data-element_type=\"container\" data-e-type=\"container\">\n\t\t\t\t<div class=\"elementor-element elementor-element-32b3aa8 elementor-widget elementor-widget-image\" data-id=\"32b3aa8\" data-element_type=\"widget\" data-e-type=\"widget\" data-widget_type=\"image.default\">\n\t\t\t\t<div class=\"elementor-widget-container\">\n\t\t\t\t\t\t\t\t\t\t\t\t\t\t\t<img fetchpriority=\"high\" decoding=\"async\" width=\"800\" height=\"450\" src=\"https:\/\/ginecologacristinagarcia.com\/wp-content\/uploads\/2025\/02\/Rejuvenecimiento-facial-Valencia-1024x576.jpg\" class=\"attachment-large size-large wp-image-366\" alt=\"\" srcset=\"https:\/\/ginecologacristinagarcia.com\/wp-content\/uploads\/2025\/02\/Rejuvenecimiento-facial-Valencia-1024x576.jpg 1024w, https:\/\/ginecologacristinagarcia.com\/wp-content\/uploads\/2025\/02\/Rejuvenecimiento-facial-Valencia-300x169.jpg 300w, https:\/\/ginecologacristinagarcia.com\/wp-content\/uploads\/2025\/02\/Rejuvenecimiento-facial-Valencia-768x432.jpg 768w, https:\/\/ginecologacristinagarcia.com\/wp-content\/uploads\/2025\/02\/Rejuvenecimiento-facial-Valencia.jpg 1280w\" sizes=\"(max-width: 800px) 100vw, 800px\" \/>\t\t\t\t\t\t\t\t\t\t\t\t\t\t\t<\/div>\n\t\t\t\t<\/div>\n\t\t\t\t<\/div>\n\t\t\t\t\t<\/div>\n\t\t\t\t<\/div>\n\t\t<div class=\"elementor-element elementor-element-eaf752b e-flex e-con-boxed e-con e-parent\" data-id=\"eaf752b\" data-element_type=\"container\" data-e-type=\"container\">\n\t\t\t\t\t<div class=\"e-con-inner\">\n\t\t\t\t<div class=\"elementor-element elementor-element-08d4171 elementor-widget elementor-widget-heading\" data-id=\"08d4171\" data-element_type=\"widget\" data-e-type=\"widget\" data-widget_type=\"heading.default\">\n\t\t\t\t<div class=\"elementor-widget-container\">\n\t\t\t\t\t<h2 class=\"elementor-heading-title elementor-size-default\">\u00bfQu\u00e9 son los neuromoduladores y c\u00f3mo act\u00faan?<\/h2>\t\t\t\t<\/div>\n\t\t\t\t<\/div>\n\t\t\t\t<div class=\"elementor-element elementor-element-ccb1093 elementor-widget elementor-widget-text-editor\" data-id=\"ccb1093\" data-element_type=\"widget\" data-e-type=\"widget\" data-widget_type=\"text-editor.default\">\n\t\t\t\t<div class=\"elementor-widget-container\">\n\t\t\t\t\t\t\t\t\t<p data-start=\"461\" data-end=\"752\">Los neuromoduladores son sustancias que relajan temporalmente los m\u00fasculos responsables de las arrugas din\u00e1micas, aquellas que aparecen con la gesticulaci\u00f3n facial. Al bloquear suavemente la contracci\u00f3n muscular, la piel luce m\u00e1s lisa y tersa, manteniendo una expresi\u00f3n natural y arm\u00f3nica.<\/p><p data-start=\"754\" data-end=\"931\">Este tratamiento es r\u00e1pido, m\u00ednimamente invasivo y con resultados visibles en pocos d\u00edas, convirti\u00e9ndose en una de las opciones m\u00e1s demandadas para el rejuvenecimiento facial.<\/p>\t\t\t\t\t\t\t\t<\/div>\n\t\t\t\t<\/div>\n\t\t\t\t<div class=\"elementor-element elementor-element-be8c3b9 elementor-widget elementor-widget-heading\" data-id=\"be8c3b9\" data-element_type=\"widget\" data-e-type=\"widget\" data-widget_type=\"heading.default\">\n\t\t\t\t<div class=\"elementor-widget-container\">\n\t\t\t\t\t<h2 class=\"elementor-heading-title elementor-size-default\">Beneficios del tratamiento con neuromoduladores<\/h2>\t\t\t\t<\/div>\n\t\t\t\t<\/div>\n\t\t\t\t<div class=\"elementor-element elementor-element-c0a7412 elementor-widget elementor-widget-text-editor\" data-id=\"c0a7412\" data-element_type=\"widget\" data-e-type=\"widget\" data-widget_type=\"text-editor.default\">\n\t\t\t\t<div class=\"elementor-widget-container\">\n\t\t\t\t\t\t\t\t\t<p data-start=\"991\" data-end=\"1128\">El uso de neuromoduladores ofrece m\u00faltiples ventajas para quienes buscan mejorar su apariencia sin recurrir a procedimientos agresivos:<\/p><ul data-start=\"1130\" data-end=\"1542\"><li data-start=\"1130\" data-end=\"1228\"><strong data-start=\"1132\" data-end=\"1169\">Reducci\u00f3n de arrugas en el rostro<\/strong>, especialmente en la frente, entrecejo y patas de gallo.<\/li><li data-start=\"1229\" data-end=\"1340\"><strong data-start=\"1231\" data-end=\"1274\">Prevenci\u00f3n del envejecimiento prematuro<\/strong>, evitando que las l\u00edneas de expresi\u00f3n se marquen con el tiempo.<\/li><li data-start=\"1341\" data-end=\"1432\"><strong data-start=\"1343\" data-end=\"1384\">Aspecto m\u00e1s descansado y rejuvenecido<\/strong>, sin alterar la expresi\u00f3n natural del rostro.<\/li><li data-start=\"1433\" data-end=\"1542\"><strong data-start=\"1435\" data-end=\"1488\">Procedimiento r\u00e1pido y sin tiempo de recuperaci\u00f3n<\/strong>, permitiendo retomar la rutina diaria de inmediato.<\/li><\/ul>\t\t\t\t\t\t\t\t<\/div>\n\t\t\t\t<\/div>\n\t\t\t\t<div class=\"elementor-element elementor-element-9f6ad3e elementor-widget elementor-widget-heading\" data-id=\"9f6ad3e\" data-element_type=\"widget\" data-e-type=\"widget\" data-widget_type=\"heading.default\">\n\t\t\t\t<div class=\"elementor-widget-container\">\n\t\t\t\t\t<h2 class=\"elementor-heading-title elementor-size-default\">\u00c1reas de aplicaci\u00f3n m\u00e1s comunes<\/h2>\t\t\t\t<\/div>\n\t\t\t\t<\/div>\n\t\t\t\t<div class=\"elementor-element elementor-element-6eecb3f elementor-widget elementor-widget-text-editor\" data-id=\"6eecb3f\" data-element_type=\"widget\" data-e-type=\"widget\" data-widget_type=\"text-editor.default\">\n\t\t\t\t<div class=\"elementor-widget-container\">\n\t\t\t\t\t\t\t\t\t<p data-start=\"1586\" data-end=\"1707\">Los neuromoduladores se pueden aplicar en distintas zonas del rostro para suavizar arrugas y mejorar la armon\u00eda facial:<\/p><ul data-start=\"1709\" data-end=\"2088\"><li data-start=\"1709\" data-end=\"1792\"><strong data-start=\"1711\" data-end=\"1722\">Frente:<\/strong> Reducci\u00f3n de l\u00edneas horizontales que aparecen con la gesticulaci\u00f3n.<\/li><li data-start=\"1793\" data-end=\"1891\"><strong data-start=\"1795\" data-end=\"1809\">Entrecejo:<\/strong> Atenuaci\u00f3n de arrugas verticales que pueden dar un aspecto de enfado o tensi\u00f3n.<\/li><li data-start=\"1892\" data-end=\"1987\"><strong data-start=\"1894\" data-end=\"1913\">Patas de gallo:<\/strong> Disminuci\u00f3n de l\u00edneas alrededor de los ojos para una mirada m\u00e1s fresca.<\/li><li data-start=\"1988\" data-end=\"2088\"><strong data-start=\"1990\" data-end=\"2020\">L\u00ednea mandibular y cuello:<\/strong> Relajaci\u00f3n de ciertos m\u00fasculos para redefinir el contorno facial.<\/li><\/ul>\t\t\t\t\t\t\t\t<\/div>\n\t\t\t\t<\/div>\n\t\t\t\t<div class=\"elementor-element elementor-element-e8e87f9 elementor-widget elementor-widget-heading\" data-id=\"e8e87f9\" data-element_type=\"widget\" data-e-type=\"widget\" data-widget_type=\"heading.default\">\n\t\t\t\t<div class=\"elementor-widget-container\">\n\t\t\t\t\t<h2 class=\"elementor-heading-title elementor-size-default\">Programa tu consulta y recupera la frescura de tu piel<\/h2>\t\t\t\t<\/div>\n\t\t\t\t<\/div>\n\t\t\t\t<div class=\"elementor-element elementor-element-ceed772 elementor-widget elementor-widget-text-editor\" data-id=\"ceed772\" data-element_type=\"widget\" data-e-type=\"widget\" data-widget_type=\"text-editor.default\">\n\t\t\t\t<div class=\"elementor-widget-container\">\n\t\t\t\t\t\t\t\t\t<p data-start=\"2155\" data-end=\"2376\">Si deseas mejorar tu apariencia y reducir las arrugas de forma segura y efectiva, te invitamos a agendar una consulta. Evaluaremos tu caso de manera personalizada y dise\u00f1aremos un tratamiento adaptado a tus necesidades.<\/p><p data-start=\"2378\" data-end=\"2508\">Descubre c\u00f3mo los neuromoduladores pueden ayudarte a lograr una piel m\u00e1s joven y luminosa con resultados naturales y armoniosos.<\/p>\t\t\t\t\t\t\t\t<\/div>\n\t\t\t\t<\/div>\n\t\t\t\t<div class=\"elementor-element elementor-element-42a19b2 elementor-align-center elementor-widget elementor-widget-button\" data-id=\"42a19b2\" data-element_type=\"widget\" data-e-type=\"widget\" data-widget_type=\"button.default\">\n\t\t\t\t<div class=\"elementor-widget-container\">\n\t\t\t\t\t\t\t\t\t<div class=\"elementor-button-wrapper\">\n\t\t\t\t\t<a class=\"elementor-button elementor-button-link elementor-size-sm\" href=\"https:\/\/wa.me\/34634708634\">\n\t\t\t\t\t\t<span class=\"elementor-button-content-wrapper\">\n\t\t\t\t\t\t\t\t\t<span class=\"elementor-button-text\">PIDE CITA<\/span>\n\t\t\t\t\t<\/span>\n\t\t\t\t\t<\/a>\n\t\t\t\t<\/div>\n\t\t\t\t\t\t\t\t<\/div>\n\t\t\t\t<\/div>\n\t\t\t\t\t<\/div>\n\t\t\t\t<\/div>\n\t\t\t\t<\/div>\n\t\t","protected":false},"excerpt":{"rendered":"<p>REJUVENECIMIENTO FACIAL CON NEUROMODULADORES EN VALENCIA El paso del tiempo, el estr\u00e9s y la exposici\u00f3n a factores ambientales pueden causar la aparici\u00f3n de arrugas y l\u00edneas de expresi\u00f3n en el rostro. Los neuromoduladores son una soluci\u00f3n efectiva y segura para suavizar estos signos de envejecimiento, proporcionando una apariencia m\u00e1s fresca, descansada y rejuvenecida sin necesidad [&hellip;]<\/p>\n","protected":false},"author":1,"featured_media":0,"parent":0,"menu_order":0,"comment_status":"closed","ping_status":"closed","template":"","meta":{"footnotes":""},"class_list":["post-361","page","type-page","status-publish","hentry"],"yoast_head":"<!-- This site is optimized with the Yoast SEO plugin v27.1.1 - https:\/\/yoast.com\/product\/yoast-seo-wordpress\/ -->\n<title>Neuromoduladores - Reduccion de arrugas - Ginecologa Cristina Garcia<\/title>\n<meta name=\"robots\" content=\"index, follow, max-snippet:-1, max-image-preview:large, max-video-preview:-1\" \/>\n<link rel=\"canonical\" href=\"https:\/\/ginecologacristinagarcia.com\/index.php\/neuromoduladores-reduccion-de-arrugas\/\" \/>\n<meta property=\"og:locale\" content=\"es_ES\" \/>\n<meta property=\"og:type\" content=\"article\" \/>\n<meta property=\"og:title\" content=\"Neuromoduladores - Reduccion de arrugas - Ginecologa Cristina Garcia\" \/>\n<meta property=\"og:description\" content=\"REJUVENECIMIENTO FACIAL CON NEUROMODULADORES EN VALENCIA El paso del tiempo, el estr\u00e9s y la exposici\u00f3n a factores ambientales pueden causar la aparici\u00f3n de arrugas y l\u00edneas de expresi\u00f3n en el rostro. Los neuromoduladores son una soluci\u00f3n efectiva y segura para suavizar estos signos de envejecimiento, proporcionando una apariencia m\u00e1s fresca, descansada y rejuvenecida sin necesidad [&hellip;]\" \/>\n<meta property=\"og:url\" content=\"https:\/\/ginecologacristinagarcia.com\/index.php\/neuromoduladores-reduccion-de-arrugas\/\" \/>\n<meta property=\"og:site_name\" content=\"Ginecologa Cristina Garcia\" \/>\n<meta property=\"article:modified_time\" content=\"2025-05-08T10:41:48+00:00\" \/>\n<meta property=\"og:image\" content=\"https:\/\/ginecologacristinagarcia.com\/wp-content\/uploads\/2025\/02\/Rejuvenecimiento-facial-Valencia.jpg\" \/>\n\t<meta property=\"og:image:width\" content=\"1280\" \/>\n\t<meta property=\"og:image:height\" content=\"720\" \/>\n\t<meta property=\"og:image:type\" content=\"image\/jpeg\" \/>\n<meta name=\"twitter:card\" content=\"summary_large_image\" \/>\n<meta name=\"twitter:label1\" content=\"Tiempo de lectura\" \/>\n\t<meta name=\"twitter:data1\" content=\"2 minutos\" \/>\n<script type=\"application\/ld+json\" class=\"yoast-schema-graph\">{\"@context\":\"https:\/\/schema.org\",\"@graph\":[{\"@type\":\"WebPage\",\"@id\":\"https:\/\/ginecologacristinagarcia.com\/index.php\/neuromoduladores-reduccion-de-arrugas\/\",\"url\":\"https:\/\/ginecologacristinagarcia.com\/index.php\/neuromoduladores-reduccion-de-arrugas\/\",\"name\":\"Neuromoduladores - Reduccion de arrugas - Ginecologa Cristina Garcia\",\"isPartOf\":{\"@id\":\"https:\/\/ginecologacristinagarcia.com\/#website\"},\"primaryImageOfPage\":{\"@id\":\"https:\/\/ginecologacristinagarcia.com\/index.php\/neuromoduladores-reduccion-de-arrugas\/#primaryimage\"},\"image\":{\"@id\":\"https:\/\/ginecologacristinagarcia.com\/index.php\/neuromoduladores-reduccion-de-arrugas\/#primaryimage\"},\"thumbnailUrl\":\"https:\/\/ginecologacristinagarcia.com\/wp-content\/uploads\/2025\/02\/Rejuvenecimiento-facial-Valencia-1024x576.jpg\",\"datePublished\":\"2025-02-16T19:59:39+00:00\",\"dateModified\":\"2025-05-08T10:41:48+00:00\",\"breadcrumb\":{\"@id\":\"https:\/\/ginecologacristinagarcia.com\/index.php\/neuromoduladores-reduccion-de-arrugas\/#breadcrumb\"},\"inLanguage\":\"es\",\"potentialAction\":[{\"@type\":\"ReadAction\",\"target\":[\"https:\/\/ginecologacristinagarcia.com\/index.php\/neuromoduladores-reduccion-de-arrugas\/\"]}]},{\"@type\":\"ImageObject\",\"inLanguage\":\"es\",\"@id\":\"https:\/\/ginecologacristinagarcia.com\/index.php\/neuromoduladores-reduccion-de-arrugas\/#primaryimage\",\"url\":\"https:\/\/ginecologacristinagarcia.com\/wp-content\/uploads\/2025\/02\/Rejuvenecimiento-facial-Valencia.jpg\",\"contentUrl\":\"https:\/\/ginecologacristinagarcia.com\/wp-content\/uploads\/2025\/02\/Rejuvenecimiento-facial-Valencia.jpg\",\"width\":1280,\"height\":720},{\"@type\":\"BreadcrumbList\",\"@id\":\"https:\/\/ginecologacristinagarcia.com\/index.php\/neuromoduladores-reduccion-de-arrugas\/#breadcrumb\",\"itemListElement\":[{\"@type\":\"ListItem\",\"position\":1,\"name\":\"Portada\",\"item\":\"https:\/\/ginecologacristinagarcia.com\/\"},{\"@type\":\"ListItem\",\"position\":2,\"name\":\"Neuromoduladores &#8211; Reduccion de arrugas\"}]},{\"@type\":\"WebSite\",\"@id\":\"https:\/\/ginecologacristinagarcia.com\/#website\",\"url\":\"https:\/\/ginecologacristinagarcia.com\/\",\"name\":\"Ginecologa Cristina Garcia\",\"description\":\"\",\"publisher\":{\"@id\":\"https:\/\/ginecologacristinagarcia.com\/#organization\"},\"potentialAction\":[{\"@type\":\"SearchAction\",\"target\":{\"@type\":\"EntryPoint\",\"urlTemplate\":\"https:\/\/ginecologacristinagarcia.com\/?s={search_term_string}\"},\"query-input\":{\"@type\":\"PropertyValueSpecification\",\"valueRequired\":true,\"valueName\":\"search_term_string\"}}],\"inLanguage\":\"es\"},{\"@type\":\"Organization\",\"@id\":\"https:\/\/ginecologacristinagarcia.com\/#organization\",\"name\":\"Ginecologa Cristina Garcia\",\"url\":\"https:\/\/ginecologacristinagarcia.com\/\",\"logo\":{\"@type\":\"ImageObject\",\"inLanguage\":\"es\",\"@id\":\"https:\/\/ginecologacristinagarcia.com\/#\/schema\/logo\/image\/\",\"url\":\"https:\/\/ginecologacristinagarcia.com\/wp-content\/uploads\/2025\/02\/cropped-logo-06.png\",\"contentUrl\":\"https:\/\/ginecologacristinagarcia.com\/wp-content\/uploads\/2025\/02\/cropped-logo-06.png\",\"width\":2001,\"height\":509,\"caption\":\"Ginecologa Cristina Garcia\"},\"image\":{\"@id\":\"https:\/\/ginecologacristinagarcia.com\/#\/schema\/logo\/image\/\"}}]}<\/script>\n<!-- \/ Yoast SEO plugin. -->","yoast_head_json":{"title":"Neuromoduladores - Reduccion de arrugas - Ginecologa Cristina Garcia","robots":{"index":"index","follow":"follow","max-snippet":"max-snippet:-1","max-image-preview":"max-image-preview:large","max-video-preview":"max-video-preview:-1"},"canonical":"https:\/\/ginecologacristinagarcia.com\/index.php\/neuromoduladores-reduccion-de-arrugas\/","og_locale":"es_ES","og_type":"article","og_title":"Neuromoduladores - Reduccion de arrugas - Ginecologa Cristina Garcia","og_description":"REJUVENECIMIENTO FACIAL CON NEUROMODULADORES EN VALENCIA El paso del tiempo, el estr\u00e9s y la exposici\u00f3n a factores ambientales pueden causar la aparici\u00f3n de arrugas y l\u00edneas de expresi\u00f3n en el rostro. Los neuromoduladores son una soluci\u00f3n efectiva y segura para suavizar estos signos de envejecimiento, proporcionando una apariencia m\u00e1s fresca, descansada y rejuvenecida sin necesidad [&hellip;]","og_url":"https:\/\/ginecologacristinagarcia.com\/index.php\/neuromoduladores-reduccion-de-arrugas\/","og_site_name":"Ginecologa Cristina Garcia","article_modified_time":"2025-05-08T10:41:48+00:00","og_image":[{"width":1280,"height":720,"url":"https:\/\/ginecologacristinagarcia.com\/wp-content\/uploads\/2025\/02\/Rejuvenecimiento-facial-Valencia.jpg","type":"image\/jpeg"}],"twitter_card":"summary_large_image","twitter_misc":{"Tiempo de lectura":"2 minutos"},"schema":{"@context":"https:\/\/schema.org","@graph":[{"@type":"WebPage","@id":"https:\/\/ginecologacristinagarcia.com\/index.php\/neuromoduladores-reduccion-de-arrugas\/","url":"https:\/\/ginecologacristinagarcia.com\/index.php\/neuromoduladores-reduccion-de-arrugas\/","name":"Neuromoduladores - Reduccion de arrugas - Ginecologa Cristina Garcia","isPartOf":{"@id":"https:\/\/ginecologacristinagarcia.com\/#website"},"primaryImageOfPage":{"@id":"https:\/\/ginecologacristinagarcia.com\/index.php\/neuromoduladores-reduccion-de-arrugas\/#primaryimage"},"image":{"@id":"https:\/\/ginecologacristinagarcia.com\/index.php\/neuromoduladores-reduccion-de-arrugas\/#primaryimage"},"thumbnailUrl":"https:\/\/ginecologacristinagarcia.com\/wp-content\/uploads\/2025\/02\/Rejuvenecimiento-facial-Valencia-1024x576.jpg","datePublished":"2025-02-16T19:59:39+00:00","dateModified":"2025-05-08T10:41:48+00:00","breadcrumb":{"@id":"https:\/\/ginecologacristinagarcia.com\/index.php\/neuromoduladores-reduccion-de-arrugas\/#breadcrumb"},"inLanguage":"es","potentialAction":[{"@type":"ReadAction","target":["https:\/\/ginecologacristinagarcia.com\/index.php\/neuromoduladores-reduccion-de-arrugas\/"]}]},{"@type":"ImageObject","inLanguage":"es","@id":"https:\/\/ginecologacristinagarcia.com\/index.php\/neuromoduladores-reduccion-de-arrugas\/#primaryimage","url":"https:\/\/ginecologacristinagarcia.com\/wp-content\/uploads\/2025\/02\/Rejuvenecimiento-facial-Valencia.jpg","contentUrl":"https:\/\/ginecologacristinagarcia.com\/wp-content\/uploads\/2025\/02\/Rejuvenecimiento-facial-Valencia.jpg","width":1280,"height":720},{"@type":"BreadcrumbList","@id":"https:\/\/ginecologacristinagarcia.com\/index.php\/neuromoduladores-reduccion-de-arrugas\/#breadcrumb","itemListElement":[{"@type":"ListItem","position":1,"name":"Portada","item":"https:\/\/ginecologacristinagarcia.com\/"},{"@type":"ListItem","position":2,"name":"Neuromoduladores &#8211; Reduccion de arrugas"}]},{"@type":"WebSite","@id":"https:\/\/ginecologacristinagarcia.com\/#website","url":"https:\/\/ginecologacristinagarcia.com\/","name":"Ginecologa Cristina Garcia","description":"","publisher":{"@id":"https:\/\/ginecologacristinagarcia.com\/#organization"},"potentialAction":[{"@type":"SearchAction","target":{"@type":"EntryPoint","urlTemplate":"https:\/\/ginecologacristinagarcia.com\/?s={search_term_string}"},"query-input":{"@type":"PropertyValueSpecification","valueRequired":true,"valueName":"search_term_string"}}],"inLanguage":"es"},{"@type":"Organization","@id":"https:\/\/ginecologacristinagarcia.com\/#organization","name":"Ginecologa Cristina Garcia","url":"https:\/\/ginecologacristinagarcia.com\/","logo":{"@type":"ImageObject","inLanguage":"es","@id":"https:\/\/ginecologacristinagarcia.com\/#\/schema\/logo\/image\/","url":"https:\/\/ginecologacristinagarcia.com\/wp-content\/uploads\/2025\/02\/cropped-logo-06.png","contentUrl":"https:\/\/ginecologacristinagarcia.com\/wp-content\/uploads\/2025\/02\/cropped-logo-06.png","width":2001,"height":509,"caption":"Ginecologa Cristina Garcia"},"image":{"@id":"https:\/\/ginecologacristinagarcia.com\/#\/schema\/logo\/image\/"}}]}},"_links":{"self":[{"href":"https:\/\/ginecologacristinagarcia.com\/index.php\/wp-json\/wp\/v2\/pages\/361","targetHints":{"allow":["GET"]}}],"collection":[{"href":"https:\/\/ginecologacristinagarcia.com\/index.php\/wp-json\/wp\/v2\/pages"}],"about":[{"href":"https:\/\/ginecologacristinagarcia.com\/index.php\/wp-json\/wp\/v2\/types\/page"}],"author":[{"embeddable":true,"href":"https:\/\/ginecologacristinagarcia.com\/index.php\/wp-json\/wp\/v2\/users\/1"}],"replies":[{"embeddable":true,"href":"https:\/\/ginecologacristinagarcia.com\/index.php\/wp-json\/wp\/v2\/comments?post=361"}],"version-history":[{"count":10,"href":"https:\/\/ginecologacristinagarcia.com\/index.php\/wp-json\/wp\/v2\/pages\/361\/revisions"}],"predecessor-version":[{"id":737,"href":"https:\/\/ginecologacristinagarcia.com\/index.php\/wp-json\/wp\/v2\/pages\/361\/revisions\/737"}],"wp:attachment":[{"href":"https:\/\/ginecologacristinagarcia.com\/index.php\/wp-json\/wp\/v2\/media?parent=361"}],"curies":[{"name":"wp","href":"https:\/\/api.w.org\/{rel}","templated":true}]}}