{"id":323,"date":"2025-02-16T19:30:16","date_gmt":"2025-02-16T19:30:16","guid":{"rendered":"https:\/\/ginecologacristinagarcia.com\/?page_id=323"},"modified":"2025-05-08T10:39:53","modified_gmt":"2025-05-08T10:39:53","slug":"ginecologia-general","status":"publish","type":"page","link":"https:\/\/ginecologacristinagarcia.com\/index.php\/ginecologia-general\/","title":{"rendered":"Ginecolog\u00eda general"},"content":{"rendered":"\t\t<div data-elementor-type=\"wp-page\" data-elementor-id=\"323\" class=\"elementor elementor-323\" data-elementor-post-type=\"page\">\n\t\t\t\t<div class=\"elementor-element elementor-element-f714cdf e-flex e-con-boxed e-con e-parent\" data-id=\"f714cdf\" data-element_type=\"container\" data-e-type=\"container\">\n\t\t\t\t\t<div class=\"e-con-inner\">\n\t\t\t\t<div class=\"elementor-element elementor-element-4eb1e7e elementor-widget elementor-widget-heading\" data-id=\"4eb1e7e\" data-element_type=\"widget\" data-e-type=\"widget\" data-widget_type=\"heading.default\">\n\t\t\t\t<div class=\"elementor-widget-container\">\n\t\t\t\t\t<h2 class=\"elementor-heading-title elementor-size-default\">GINECOLOG\u00cdA GENERAL EN VALENCIA<\/h2>\t\t\t\t<\/div>\n\t\t\t\t<\/div>\n\t\t\t\t\t<\/div>\n\t\t\t\t<\/div>\n\t\t<div class=\"elementor-element elementor-element-e396b63 e-flex e-con-boxed e-con e-parent\" data-id=\"e396b63\" data-element_type=\"container\" data-e-type=\"container\">\n\t\t\t\t\t<div class=\"e-con-inner\">\n\t\t<div class=\"elementor-element elementor-element-5daea3a e-con-full e-flex e-con e-child\" data-id=\"5daea3a\" data-element_type=\"container\" data-e-type=\"container\">\n\t\t\t\t<div class=\"elementor-element elementor-element-87fd81b elementor-widget elementor-widget-text-editor\" data-id=\"87fd81b\" data-element_type=\"widget\" data-e-type=\"widget\" data-widget_type=\"text-editor.default\">\n\t\t\t\t<div class=\"elementor-widget-container\">\n\t\t\t\t\t\t\t\t\t<p data-start=\"60\" data-end=\"341\">La salud ginecol\u00f3gica es un pilar fundamental en el bienestar de cada mujer, desde la adolescencia hasta la etapa adulta y la menopausia. Un adecuado seguimiento m\u00e9dico permite prevenir, diagnosticar y tratar a tiempo cualquier alteraci\u00f3n, garantizando una mejor calidad de vida.<\/p><p data-start=\"343\" data-end=\"522\">Nuestro equipo de especialistas ofrece una atenci\u00f3n integral y personalizada, abordando todas las necesidades relacionadas con la salud reproductiva y el bienestar ginecol\u00f3gico.<\/p>\t\t\t\t\t\t\t\t<\/div>\n\t\t\t\t<\/div>\n\t\t\t\t<div class=\"elementor-element elementor-element-fbdae36 elementor-align-center elementor-widget elementor-widget-button\" data-id=\"fbdae36\" data-element_type=\"widget\" data-e-type=\"widget\" data-widget_type=\"button.default\">\n\t\t\t\t<div class=\"elementor-widget-container\">\n\t\t\t\t\t\t\t\t\t<div class=\"elementor-button-wrapper\">\n\t\t\t\t\t<a class=\"elementor-button elementor-button-link elementor-size-sm\" href=\"https:\/\/wa.me\/34634708634\">\n\t\t\t\t\t\t<span class=\"elementor-button-content-wrapper\">\n\t\t\t\t\t\t\t\t\t<span class=\"elementor-button-text\">PIDE CITA<\/span>\n\t\t\t\t\t<\/span>\n\t\t\t\t\t<\/a>\n\t\t\t\t<\/div>\n\t\t\t\t\t\t\t\t<\/div>\n\t\t\t\t<\/div>\n\t\t\t\t<\/div>\n\t\t<div class=\"elementor-element elementor-element-eddc12a e-con-full e-flex e-con e-child\" data-id=\"eddc12a\" data-element_type=\"container\" data-e-type=\"container\">\n\t\t\t\t<div class=\"elementor-element elementor-element-b1f8380 elementor-widget elementor-widget-image\" data-id=\"b1f8380\" data-element_type=\"widget\" data-e-type=\"widget\" data-widget_type=\"image.default\">\n\t\t\t\t<div class=\"elementor-widget-container\">\n\t\t\t\t\t\t\t\t\t\t\t\t\t\t\t<img fetchpriority=\"high\" decoding=\"async\" width=\"800\" height=\"534\" src=\"https:\/\/ginecologacristinagarcia.com\/wp-content\/uploads\/2025\/02\/a-young-woman-at-a-gynecologist-s-consultation-wom-2025-01-09-09-38-28-utc-min-1024x683.jpg\" class=\"attachment-large size-large wp-image-448\" alt=\"\" srcset=\"https:\/\/ginecologacristinagarcia.com\/wp-content\/uploads\/2025\/02\/a-young-woman-at-a-gynecologist-s-consultation-wom-2025-01-09-09-38-28-utc-min-1024x683.jpg 1024w, https:\/\/ginecologacristinagarcia.com\/wp-content\/uploads\/2025\/02\/a-young-woman-at-a-gynecologist-s-consultation-wom-2025-01-09-09-38-28-utc-min-300x200.jpg 300w, https:\/\/ginecologacristinagarcia.com\/wp-content\/uploads\/2025\/02\/a-young-woman-at-a-gynecologist-s-consultation-wom-2025-01-09-09-38-28-utc-min-768x512.jpg 768w, https:\/\/ginecologacristinagarcia.com\/wp-content\/uploads\/2025\/02\/a-young-woman-at-a-gynecologist-s-consultation-wom-2025-01-09-09-38-28-utc-min-1536x1024.jpg 1536w, https:\/\/ginecologacristinagarcia.com\/wp-content\/uploads\/2025\/02\/a-young-woman-at-a-gynecologist-s-consultation-wom-2025-01-09-09-38-28-utc-min-2048x1366.jpg 2048w\" sizes=\"(max-width: 800px) 100vw, 800px\" \/>\t\t\t\t\t\t\t\t\t\t\t\t\t\t\t<\/div>\n\t\t\t\t<\/div>\n\t\t\t\t<\/div>\n\t\t\t\t\t<\/div>\n\t\t\t\t<\/div>\n\t\t<div class=\"elementor-element elementor-element-fdc73ee e-flex e-con-boxed e-con e-parent\" data-id=\"fdc73ee\" data-element_type=\"container\" data-e-type=\"container\">\n\t\t\t\t\t<div class=\"e-con-inner\">\n\t\t\t\t<div class=\"elementor-element elementor-element-0c317bb elementor-widget elementor-widget-heading\" data-id=\"0c317bb\" data-element_type=\"widget\" data-e-type=\"widget\" data-widget_type=\"heading.default\">\n\t\t\t\t<div class=\"elementor-widget-container\">\n\t\t\t\t\t<h2 class=\"elementor-heading-title elementor-size-default\">Revisi\u00f3n ginecol\u00f3gica y prevenci\u00f3n<\/h2>\t\t\t\t<\/div>\n\t\t\t\t<\/div>\n\t\t\t\t<div class=\"elementor-element elementor-element-2a10b75 elementor-widget elementor-widget-text-editor\" data-id=\"2a10b75\" data-element_type=\"widget\" data-e-type=\"widget\" data-widget_type=\"text-editor.default\">\n\t\t\t\t<div class=\"elementor-widget-container\">\n\t\t\t\t\t\t\t\t\t<p data-start=\"569\" data-end=\"748\">Las revisiones peri\u00f3dicas son esenciales para detectar posibles afecciones antes de que se conviertan en un problema mayor. Durante una consulta ginecol\u00f3gica se pueden realizar:<\/p><ul data-start=\"750\" data-end=\"1239\"><li data-start=\"750\" data-end=\"844\"><strong data-start=\"752\" data-end=\"789\">Exploraci\u00f3n ginecol\u00f3gica completa<\/strong> para evaluar el estado de los \u00f3rganos reproductivos.<\/li><li data-start=\"845\" data-end=\"968\"><strong data-start=\"847\" data-end=\"885\">Citolog\u00eda o prueba de Papanicolaou<\/strong>, para detectar alteraciones en el cuello uterino y prevenir el c\u00e1ncer de c\u00e9rvix.<\/li><li data-start=\"969\" data-end=\"1038\"><strong data-start=\"971\" data-end=\"997\">Ecograf\u00eda ginecol\u00f3gica<\/strong>, para examinar el \u00fatero y los ovarios.<\/li><li data-start=\"1039\" data-end=\"1116\"><strong data-start=\"1041\" data-end=\"1076\">Asesoramiento en anticoncepci\u00f3n<\/strong>, con opciones adaptadas a cada mujer.<\/li><li data-start=\"1117\" data-end=\"1239\"><strong data-start=\"1119\" data-end=\"1159\">Control de infecciones ginecol\u00f3gicas<\/strong>, incluyendo pruebas de detecci\u00f3n de enfermedades de transmisi\u00f3n sexual (ETS).<\/li><\/ul>\t\t\t\t\t\t\t\t<\/div>\n\t\t\t\t<\/div>\n\t\t\t\t<div class=\"elementor-element elementor-element-dcb1a69 elementor-widget elementor-widget-heading\" data-id=\"dcb1a69\" data-element_type=\"widget\" data-e-type=\"widget\" data-widget_type=\"heading.default\">\n\t\t\t\t<div class=\"elementor-widget-container\">\n\t\t\t\t\t<h2 class=\"elementor-heading-title elementor-size-default\">Diagn\u00f3stico y tratamiento de patolog\u00edas ginecol\u00f3gicas<\/h2>\t\t\t\t<\/div>\n\t\t\t\t<\/div>\n\t\t\t\t<div class=\"elementor-element elementor-element-9d5fd79 elementor-widget elementor-widget-text-editor\" data-id=\"9d5fd79\" data-element_type=\"widget\" data-e-type=\"widget\" data-widget_type=\"text-editor.default\">\n\t\t\t\t<div class=\"elementor-widget-container\">\n\t\t\t\t\t\t\t\t\t<p data-start=\"1305\" data-end=\"1432\">Existen m\u00faltiples afecciones que pueden afectar la salud femenina a lo largo de la vida. Algunas de las m\u00e1s comunes incluyen:<\/p><ul data-start=\"1434\" data-end=\"2069\"><li data-start=\"1434\" data-end=\"1567\"><strong data-start=\"1436\" data-end=\"1477\">S\u00edndrome de ovario poliqu\u00edstico (SOP)<\/strong>: Trastorno hormonal que puede afectar la ovulaci\u00f3n, el ciclo menstrual y la fertilidad.<\/li><li data-start=\"1568\" data-end=\"1704\"><strong data-start=\"1570\" data-end=\"1587\">Endometriosis<\/strong>: Crecimiento anormal del tejido endometrial fuera del \u00fatero, causando dolor y posibles dificultades reproductivas.<\/li><li data-start=\"1705\" data-end=\"1812\"><strong data-start=\"1707\" data-end=\"1726\">Miomas uterinos<\/strong>: Tumores benignos en el \u00fatero que pueden provocar sangrados abundantes y molestias.<\/li><li data-start=\"1813\" data-end=\"1948\"><strong data-start=\"1815\" data-end=\"1840\">Infecciones vaginales<\/strong>: Vaginosis bacteriana, candidiasis y otras alteraciones que requieren diagn\u00f3stico y tratamiento adecuado.<\/li><li data-start=\"1949\" data-end=\"2069\"><strong data-start=\"1951\" data-end=\"1977\">Trastornos menstruales<\/strong>: Ciclos irregulares, reglas abundantes o dolorosas que pueden afectar la calidad de vida.<\/li><\/ul>\t\t\t\t\t\t\t\t<\/div>\n\t\t\t\t<\/div>\n\t\t\t\t<div class=\"elementor-element elementor-element-d7c909e elementor-widget elementor-widget-heading\" data-id=\"d7c909e\" data-element_type=\"widget\" data-e-type=\"widget\" data-widget_type=\"heading.default\">\n\t\t\t\t<div class=\"elementor-widget-container\">\n\t\t\t\t\t<h2 class=\"elementor-heading-title elementor-size-default\">Salud \u00edntima y bienestar de la mujer<\/h2>\t\t\t\t<\/div>\n\t\t\t\t<\/div>\n\t\t\t\t<div class=\"elementor-element elementor-element-2a68dc8 elementor-widget elementor-widget-text-editor\" data-id=\"2a68dc8\" data-element_type=\"widget\" data-e-type=\"widget\" data-widget_type=\"text-editor.default\">\n\t\t\t\t<div class=\"elementor-widget-container\">\n\t\t\t\t\t\t\t\t\t<p data-start=\"2118\" data-end=\"2275\">M\u00e1s all\u00e1 del diagn\u00f3stico y tratamiento de enfermedades, la ginecolog\u00eda general tambi\u00e9n se centra en mejorar el bienestar femenino en cada etapa de la vida:<\/p><ul data-start=\"2277\" data-end=\"2598\"><li data-start=\"2277\" data-end=\"2367\"><strong data-start=\"2279\" data-end=\"2295\">Salud sexual<\/strong>: Asesoramiento sobre anticoncepci\u00f3n, deseo sexual y bienestar \u00edntimo.<\/li><li data-start=\"2368\" data-end=\"2471\"><strong data-start=\"2370\" data-end=\"2397\">Menopausia y climaterio<\/strong>: Control de s\u00edntomas y prevenci\u00f3n de afecciones asociadas a esta etapa.<\/li><li data-start=\"2472\" data-end=\"2598\"><strong data-start=\"2474\" data-end=\"2491\">Suelo p\u00e9lvico<\/strong>: Evaluaci\u00f3n y tratamiento de problemas como la incontinencia urinaria y el prolapso de \u00f3rganos p\u00e9lvicos.<\/li><\/ul>\t\t\t\t\t\t\t\t<\/div>\n\t\t\t\t<\/div>\n\t\t\t\t<div class=\"elementor-element elementor-element-260f577 elementor-widget elementor-widget-heading\" data-id=\"260f577\" data-element_type=\"widget\" data-e-type=\"widget\" data-widget_type=\"heading.default\">\n\t\t\t\t<div class=\"elementor-widget-container\">\n\t\t\t\t\t<h2 class=\"elementor-heading-title elementor-size-default\">Programa tu consulta ginecol\u00f3gica<\/h2>\t\t\t\t<\/div>\n\t\t\t\t<\/div>\n\t\t\t\t<div class=\"elementor-element elementor-element-9e9069f elementor-widget elementor-widget-text-editor\" data-id=\"9e9069f\" data-element_type=\"widget\" data-e-type=\"widget\" data-widget_type=\"text-editor.default\">\n\t\t\t\t<div class=\"elementor-widget-container\">\n\t\t\t\t\t\t\t\t\t<p data-start=\"2644\" data-end=\"2821\">Si necesitas una revisi\u00f3n, tienes dudas sobre tu salud ginecol\u00f3gica o deseas recibir asesoramiento personalizado, te invitamos a programar una cita con nuestros especialistas.<\/p><p data-start=\"2823\" data-end=\"2956\">Priorizar tu bienestar es clave para una vida saludable y plena. Conf\u00eda en el cuidado profesional y recibe la atenci\u00f3n que mereces.<\/p>\t\t\t\t\t\t\t\t<\/div>\n\t\t\t\t<\/div>\n\t\t\t\t<div class=\"elementor-element elementor-element-7938cef elementor-align-center elementor-widget elementor-widget-button\" data-id=\"7938cef\" data-element_type=\"widget\" data-e-type=\"widget\" data-widget_type=\"button.default\">\n\t\t\t\t<div class=\"elementor-widget-container\">\n\t\t\t\t\t\t\t\t\t<div class=\"elementor-button-wrapper\">\n\t\t\t\t\t<a class=\"elementor-button elementor-button-link elementor-size-sm\" href=\"https:\/\/wa.me\/34634708634\">\n\t\t\t\t\t\t<span class=\"elementor-button-content-wrapper\">\n\t\t\t\t\t\t\t\t\t<span class=\"elementor-button-text\">PIDE CITA<\/span>\n\t\t\t\t\t<\/span>\n\t\t\t\t\t<\/a>\n\t\t\t\t<\/div>\n\t\t\t\t\t\t\t\t<\/div>\n\t\t\t\t<\/div>\n\t\t\t\t\t<\/div>\n\t\t\t\t<\/div>\n\t\t\t\t<\/div>\n\t\t","protected":false},"excerpt":{"rendered":"<p>GINECOLOG\u00cdA GENERAL EN VALENCIA La salud ginecol\u00f3gica es un pilar fundamental en el bienestar de cada mujer, desde la adolescencia hasta la etapa adulta y la menopausia. Un adecuado seguimiento m\u00e9dico permite prevenir, diagnosticar y tratar a tiempo cualquier alteraci\u00f3n, garantizando una mejor calidad de vida. Nuestro equipo de especialistas ofrece una atenci\u00f3n integral y [&hellip;]<\/p>\n","protected":false},"author":1,"featured_media":0,"parent":0,"menu_order":0,"comment_status":"closed","ping_status":"closed","template":"","meta":{"footnotes":""},"class_list":["post-323","page","type-page","status-publish","hentry"],"yoast_head":"<!-- This site is optimized with the Yoast SEO plugin v27.1.1 - https:\/\/yoast.com\/product\/yoast-seo-wordpress\/ -->\n<title>Ginecolog\u00eda general - Ginecologa Cristina Garcia<\/title>\n<meta name=\"robots\" content=\"index, follow, max-snippet:-1, max-image-preview:large, max-video-preview:-1\" \/>\n<link rel=\"canonical\" href=\"https:\/\/ginecologacristinagarcia.com\/index.php\/ginecologia-general\/\" \/>\n<meta property=\"og:locale\" content=\"es_ES\" \/>\n<meta property=\"og:type\" content=\"article\" \/>\n<meta property=\"og:title\" content=\"Ginecolog\u00eda general - Ginecologa Cristina Garcia\" \/>\n<meta property=\"og:description\" content=\"GINECOLOG\u00cdA GENERAL EN VALENCIA La salud ginecol\u00f3gica es un pilar fundamental en el bienestar de cada mujer, desde la adolescencia hasta la etapa adulta y la menopausia. Un adecuado seguimiento m\u00e9dico permite prevenir, diagnosticar y tratar a tiempo cualquier alteraci\u00f3n, garantizando una mejor calidad de vida. Nuestro equipo de especialistas ofrece una atenci\u00f3n integral y [&hellip;]\" \/>\n<meta property=\"og:url\" content=\"https:\/\/ginecologacristinagarcia.com\/index.php\/ginecologia-general\/\" \/>\n<meta property=\"og:site_name\" content=\"Ginecologa Cristina Garcia\" \/>\n<meta property=\"article:modified_time\" content=\"2025-05-08T10:39:53+00:00\" \/>\n<meta property=\"og:image\" content=\"https:\/\/ginecologacristinagarcia.com\/wp-content\/uploads\/2025\/02\/a-young-woman-at-a-gynecologist-s-consultation-wom-2025-01-09-09-38-28-utc-min.jpg\" \/>\n\t<meta property=\"og:image:width\" content=\"2560\" \/>\n\t<meta property=\"og:image:height\" content=\"1707\" \/>\n\t<meta property=\"og:image:type\" content=\"image\/jpeg\" \/>\n<meta name=\"twitter:card\" content=\"summary_large_image\" \/>\n<meta name=\"twitter:label1\" content=\"Tiempo de lectura\" \/>\n\t<meta name=\"twitter:data1\" content=\"2 minutos\" \/>\n<script type=\"application\/ld+json\" class=\"yoast-schema-graph\">{\"@context\":\"https:\/\/schema.org\",\"@graph\":[{\"@type\":\"WebPage\",\"@id\":\"https:\/\/ginecologacristinagarcia.com\/index.php\/ginecologia-general\/\",\"url\":\"https:\/\/ginecologacristinagarcia.com\/index.php\/ginecologia-general\/\",\"name\":\"Ginecolog\u00eda general - Ginecologa Cristina Garcia\",\"isPartOf\":{\"@id\":\"https:\/\/ginecologacristinagarcia.com\/#website\"},\"primaryImageOfPage\":{\"@id\":\"https:\/\/ginecologacristinagarcia.com\/index.php\/ginecologia-general\/#primaryimage\"},\"image\":{\"@id\":\"https:\/\/ginecologacristinagarcia.com\/index.php\/ginecologia-general\/#primaryimage\"},\"thumbnailUrl\":\"https:\/\/ginecologacristinagarcia.com\/wp-content\/uploads\/2025\/02\/a-young-woman-at-a-gynecologist-s-consultation-wom-2025-01-09-09-38-28-utc-min-1024x683.jpg\",\"datePublished\":\"2025-02-16T19:30:16+00:00\",\"dateModified\":\"2025-05-08T10:39:53+00:00\",\"breadcrumb\":{\"@id\":\"https:\/\/ginecologacristinagarcia.com\/index.php\/ginecologia-general\/#breadcrumb\"},\"inLanguage\":\"es\",\"potentialAction\":[{\"@type\":\"ReadAction\",\"target\":[\"https:\/\/ginecologacristinagarcia.com\/index.php\/ginecologia-general\/\"]}]},{\"@type\":\"ImageObject\",\"inLanguage\":\"es\",\"@id\":\"https:\/\/ginecologacristinagarcia.com\/index.php\/ginecologia-general\/#primaryimage\",\"url\":\"https:\/\/ginecologacristinagarcia.com\/wp-content\/uploads\/2025\/02\/a-young-woman-at-a-gynecologist-s-consultation-wom-2025-01-09-09-38-28-utc-min.jpg\",\"contentUrl\":\"https:\/\/ginecologacristinagarcia.com\/wp-content\/uploads\/2025\/02\/a-young-woman-at-a-gynecologist-s-consultation-wom-2025-01-09-09-38-28-utc-min.jpg\",\"width\":2560,\"height\":1707},{\"@type\":\"BreadcrumbList\",\"@id\":\"https:\/\/ginecologacristinagarcia.com\/index.php\/ginecologia-general\/#breadcrumb\",\"itemListElement\":[{\"@type\":\"ListItem\",\"position\":1,\"name\":\"Portada\",\"item\":\"https:\/\/ginecologacristinagarcia.com\/\"},{\"@type\":\"ListItem\",\"position\":2,\"name\":\"Ginecolog\u00eda general\"}]},{\"@type\":\"WebSite\",\"@id\":\"https:\/\/ginecologacristinagarcia.com\/#website\",\"url\":\"https:\/\/ginecologacristinagarcia.com\/\",\"name\":\"Ginecologa Cristina Garcia\",\"description\":\"\",\"publisher\":{\"@id\":\"https:\/\/ginecologacristinagarcia.com\/#organization\"},\"potentialAction\":[{\"@type\":\"SearchAction\",\"target\":{\"@type\":\"EntryPoint\",\"urlTemplate\":\"https:\/\/ginecologacristinagarcia.com\/?s={search_term_string}\"},\"query-input\":{\"@type\":\"PropertyValueSpecification\",\"valueRequired\":true,\"valueName\":\"search_term_string\"}}],\"inLanguage\":\"es\"},{\"@type\":\"Organization\",\"@id\":\"https:\/\/ginecologacristinagarcia.com\/#organization\",\"name\":\"Ginecologa Cristina Garcia\",\"url\":\"https:\/\/ginecologacristinagarcia.com\/\",\"logo\":{\"@type\":\"ImageObject\",\"inLanguage\":\"es\",\"@id\":\"https:\/\/ginecologacristinagarcia.com\/#\/schema\/logo\/image\/\",\"url\":\"https:\/\/ginecologacristinagarcia.com\/wp-content\/uploads\/2025\/02\/cropped-logo-06.png\",\"contentUrl\":\"https:\/\/ginecologacristinagarcia.com\/wp-content\/uploads\/2025\/02\/cropped-logo-06.png\",\"width\":2001,\"height\":509,\"caption\":\"Ginecologa Cristina Garcia\"},\"image\":{\"@id\":\"https:\/\/ginecologacristinagarcia.com\/#\/schema\/logo\/image\/\"}}]}<\/script>\n<!-- \/ Yoast SEO plugin. -->","yoast_head_json":{"title":"Ginecolog\u00eda general - Ginecologa Cristina Garcia","robots":{"index":"index","follow":"follow","max-snippet":"max-snippet:-1","max-image-preview":"max-image-preview:large","max-video-preview":"max-video-preview:-1"},"canonical":"https:\/\/ginecologacristinagarcia.com\/index.php\/ginecologia-general\/","og_locale":"es_ES","og_type":"article","og_title":"Ginecolog\u00eda general - Ginecologa Cristina Garcia","og_description":"GINECOLOG\u00cdA GENERAL EN VALENCIA La salud ginecol\u00f3gica es un pilar fundamental en el bienestar de cada mujer, desde la adolescencia hasta la etapa adulta y la menopausia. Un adecuado seguimiento m\u00e9dico permite prevenir, diagnosticar y tratar a tiempo cualquier alteraci\u00f3n, garantizando una mejor calidad de vida. Nuestro equipo de especialistas ofrece una atenci\u00f3n integral y [&hellip;]","og_url":"https:\/\/ginecologacristinagarcia.com\/index.php\/ginecologia-general\/","og_site_name":"Ginecologa Cristina Garcia","article_modified_time":"2025-05-08T10:39:53+00:00","og_image":[{"width":2560,"height":1707,"url":"https:\/\/ginecologacristinagarcia.com\/wp-content\/uploads\/2025\/02\/a-young-woman-at-a-gynecologist-s-consultation-wom-2025-01-09-09-38-28-utc-min.jpg","type":"image\/jpeg"}],"twitter_card":"summary_large_image","twitter_misc":{"Tiempo de lectura":"2 minutos"},"schema":{"@context":"https:\/\/schema.org","@graph":[{"@type":"WebPage","@id":"https:\/\/ginecologacristinagarcia.com\/index.php\/ginecologia-general\/","url":"https:\/\/ginecologacristinagarcia.com\/index.php\/ginecologia-general\/","name":"Ginecolog\u00eda general - Ginecologa Cristina Garcia","isPartOf":{"@id":"https:\/\/ginecologacristinagarcia.com\/#website"},"primaryImageOfPage":{"@id":"https:\/\/ginecologacristinagarcia.com\/index.php\/ginecologia-general\/#primaryimage"},"image":{"@id":"https:\/\/ginecologacristinagarcia.com\/index.php\/ginecologia-general\/#primaryimage"},"thumbnailUrl":"https:\/\/ginecologacristinagarcia.com\/wp-content\/uploads\/2025\/02\/a-young-woman-at-a-gynecologist-s-consultation-wom-2025-01-09-09-38-28-utc-min-1024x683.jpg","datePublished":"2025-02-16T19:30:16+00:00","dateModified":"2025-05-08T10:39:53+00:00","breadcrumb":{"@id":"https:\/\/ginecologacristinagarcia.com\/index.php\/ginecologia-general\/#breadcrumb"},"inLanguage":"es","potentialAction":[{"@type":"ReadAction","target":["https:\/\/ginecologacristinagarcia.com\/index.php\/ginecologia-general\/"]}]},{"@type":"ImageObject","inLanguage":"es","@id":"https:\/\/ginecologacristinagarcia.com\/index.php\/ginecologia-general\/#primaryimage","url":"https:\/\/ginecologacristinagarcia.com\/wp-content\/uploads\/2025\/02\/a-young-woman-at-a-gynecologist-s-consultation-wom-2025-01-09-09-38-28-utc-min.jpg","contentUrl":"https:\/\/ginecologacristinagarcia.com\/wp-content\/uploads\/2025\/02\/a-young-woman-at-a-gynecologist-s-consultation-wom-2025-01-09-09-38-28-utc-min.jpg","width":2560,"height":1707},{"@type":"BreadcrumbList","@id":"https:\/\/ginecologacristinagarcia.com\/index.php\/ginecologia-general\/#breadcrumb","itemListElement":[{"@type":"ListItem","position":1,"name":"Portada","item":"https:\/\/ginecologacristinagarcia.com\/"},{"@type":"ListItem","position":2,"name":"Ginecolog\u00eda general"}]},{"@type":"WebSite","@id":"https:\/\/ginecologacristinagarcia.com\/#website","url":"https:\/\/ginecologacristinagarcia.com\/","name":"Ginecologa Cristina Garcia","description":"","publisher":{"@id":"https:\/\/ginecologacristinagarcia.com\/#organization"},"potentialAction":[{"@type":"SearchAction","target":{"@type":"EntryPoint","urlTemplate":"https:\/\/ginecologacristinagarcia.com\/?s={search_term_string}"},"query-input":{"@type":"PropertyValueSpecification","valueRequired":true,"valueName":"search_term_string"}}],"inLanguage":"es"},{"@type":"Organization","@id":"https:\/\/ginecologacristinagarcia.com\/#organization","name":"Ginecologa Cristina Garcia","url":"https:\/\/ginecologacristinagarcia.com\/","logo":{"@type":"ImageObject","inLanguage":"es","@id":"https:\/\/ginecologacristinagarcia.com\/#\/schema\/logo\/image\/","url":"https:\/\/ginecologacristinagarcia.com\/wp-content\/uploads\/2025\/02\/cropped-logo-06.png","contentUrl":"https:\/\/ginecologacristinagarcia.com\/wp-content\/uploads\/2025\/02\/cropped-logo-06.png","width":2001,"height":509,"caption":"Ginecologa Cristina Garcia"},"image":{"@id":"https:\/\/ginecologacristinagarcia.com\/#\/schema\/logo\/image\/"}}]}},"_links":{"self":[{"href":"https:\/\/ginecologacristinagarcia.com\/index.php\/wp-json\/wp\/v2\/pages\/323","targetHints":{"allow":["GET"]}}],"collection":[{"href":"https:\/\/ginecologacristinagarcia.com\/index.php\/wp-json\/wp\/v2\/pages"}],"about":[{"href":"https:\/\/ginecologacristinagarcia.com\/index.php\/wp-json\/wp\/v2\/types\/page"}],"author":[{"embeddable":true,"href":"https:\/\/ginecologacristinagarcia.com\/index.php\/wp-json\/wp\/v2\/users\/1"}],"replies":[{"embeddable":true,"href":"https:\/\/ginecologacristinagarcia.com\/index.php\/wp-json\/wp\/v2\/comments?post=323"}],"version-history":[{"count":16,"href":"https:\/\/ginecologacristinagarcia.com\/index.php\/wp-json\/wp\/v2\/pages\/323\/revisions"}],"predecessor-version":[{"id":722,"href":"https:\/\/ginecologacristinagarcia.com\/index.php\/wp-json\/wp\/v2\/pages\/323\/revisions\/722"}],"wp:attachment":[{"href":"https:\/\/ginecologacristinagarcia.com\/index.php\/wp-json\/wp\/v2\/media?parent=323"}],"curies":[{"name":"wp","href":"https:\/\/api.w.org\/{rel}","templated":true}]}}