{"id":295,"date":"2025-02-16T19:16:04","date_gmt":"2025-02-16T19:16:04","guid":{"rendered":"https:\/\/ginecologacristinagarcia.com\/?page_id=295"},"modified":"2025-05-08T10:40:34","modified_gmt":"2025-05-08T10:40:34","slug":"menopausia","status":"publish","type":"page","link":"https:\/\/ginecologacristinagarcia.com\/index.php\/menopausia\/","title":{"rendered":"MENOPAUSIA"},"content":{"rendered":"\t\t<div data-elementor-type=\"wp-page\" data-elementor-id=\"295\" class=\"elementor elementor-295\" data-elementor-post-type=\"page\">\n\t\t\t\t<div class=\"elementor-element elementor-element-8e7d412 e-flex e-con-boxed e-con e-parent\" data-id=\"8e7d412\" data-element_type=\"container\" data-e-type=\"container\">\n\t\t\t\t\t<div class=\"e-con-inner\">\n\t\t<div class=\"elementor-element elementor-element-c5e1bb7 e-con-full e-flex e-con e-child\" data-id=\"c5e1bb7\" data-element_type=\"container\" data-e-type=\"container\">\n\t\t\t\t<div class=\"elementor-element elementor-element-3a21e18 elementor-widget elementor-widget-heading\" data-id=\"3a21e18\" data-element_type=\"widget\" data-e-type=\"widget\" data-widget_type=\"heading.default\">\n\t\t\t\t<div class=\"elementor-widget-container\">\n\t\t\t\t\t<h2 class=\"elementor-heading-title elementor-size-default\">CUIDADO Y BIENESTAR DURANTE LA MENOPAUSIA EN VALENCIA<\/h2>\t\t\t\t<\/div>\n\t\t\t\t<\/div>\n\t\t\t\t<div class=\"elementor-element elementor-element-297b2bb elementor-widget elementor-widget-text-editor\" data-id=\"297b2bb\" data-element_type=\"widget\" data-e-type=\"widget\" data-widget_type=\"text-editor.default\">\n\t\t\t\t<div class=\"elementor-widget-container\">\n\t\t\t\t\t\t\t\t\t<p data-start=\"61\" data-end=\"410\">La menopausia es una etapa natural en la vida de toda mujer, marcada por el fin de la menstruaci\u00f3n y cambios hormonales que pueden afectar tanto el bienestar f\u00edsico como emocional. Aunque es un proceso inevitable, cada mujer lo vive de manera diferente, y contar con el apoyo adecuado puede hacer que esta transici\u00f3n sea m\u00e1s llevadera y saludable.<\/p><p data-start=\"412\" data-end=\"555\">Nuestro enfoque est\u00e1 centrado en ofrecerte soluciones personalizadas para ayudarte a mantener una calidad de vida \u00f3ptima en esta nueva etapa.<\/p>\t\t\t\t\t\t\t\t<\/div>\n\t\t\t\t<\/div>\n\t\t\t\t<\/div>\n\t\t<div class=\"elementor-element elementor-element-3e3b6ee e-con-full e-flex e-con e-child\" data-id=\"3e3b6ee\" data-element_type=\"container\" data-e-type=\"container\">\n\t\t\t\t<div class=\"elementor-element elementor-element-f92bb12 elementor-widget elementor-widget-image\" data-id=\"f92bb12\" data-element_type=\"widget\" data-e-type=\"widget\" data-widget_type=\"image.default\">\n\t\t\t\t<div class=\"elementor-widget-container\">\n\t\t\t\t\t\t\t\t\t\t\t\t\t\t\t<img fetchpriority=\"high\" decoding=\"async\" width=\"480\" height=\"270\" src=\"https:\/\/ginecologacristinagarcia.com\/wp-content\/uploads\/2025\/02\/Menopausia-Valencia.webp\" class=\"attachment-large size-large wp-image-298\" alt=\"\" srcset=\"https:\/\/ginecologacristinagarcia.com\/wp-content\/uploads\/2025\/02\/Menopausia-Valencia.webp 480w, https:\/\/ginecologacristinagarcia.com\/wp-content\/uploads\/2025\/02\/Menopausia-Valencia-300x169.webp 300w\" sizes=\"(max-width: 480px) 100vw, 480px\" \/>\t\t\t\t\t\t\t\t\t\t\t\t\t\t\t<\/div>\n\t\t\t\t<\/div>\n\t\t\t\t<div class=\"elementor-element elementor-element-8eb6055 elementor-align-center elementor-widget elementor-widget-button\" data-id=\"8eb6055\" data-element_type=\"widget\" data-e-type=\"widget\" data-widget_type=\"button.default\">\n\t\t\t\t<div class=\"elementor-widget-container\">\n\t\t\t\t\t\t\t\t\t<div class=\"elementor-button-wrapper\">\n\t\t\t\t\t<a class=\"elementor-button elementor-button-link elementor-size-sm\" href=\"https:\/\/wa.me\/34634708634\">\n\t\t\t\t\t\t<span class=\"elementor-button-content-wrapper\">\n\t\t\t\t\t\t\t\t\t<span class=\"elementor-button-text\">PIDE CITA<\/span>\n\t\t\t\t\t<\/span>\n\t\t\t\t\t<\/a>\n\t\t\t\t<\/div>\n\t\t\t\t\t\t\t\t<\/div>\n\t\t\t\t<\/div>\n\t\t\t\t<\/div>\n\t\t\t\t\t<\/div>\n\t\t\t\t<\/div>\n\t\t<div class=\"elementor-element elementor-element-caf7df8 e-flex e-con-boxed e-con e-parent\" data-id=\"caf7df8\" data-element_type=\"container\" data-e-type=\"container\">\n\t\t\t\t\t<div class=\"e-con-inner\">\n\t\t\t\t<div class=\"elementor-element elementor-element-7acf0b3 elementor-widget elementor-widget-heading\" data-id=\"7acf0b3\" data-element_type=\"widget\" data-e-type=\"widget\" data-widget_type=\"heading.default\">\n\t\t\t\t<div class=\"elementor-widget-container\">\n\t\t\t\t\t<h2 class=\"elementor-heading-title elementor-size-default\">S\u00edntomas y cambios en la menopausia<\/h2>\t\t\t\t<\/div>\n\t\t\t\t<\/div>\n\t\t\t\t<div class=\"elementor-element elementor-element-22a0897 elementor-widget elementor-widget-text-editor\" data-id=\"22a0897\" data-element_type=\"widget\" data-e-type=\"widget\" data-widget_type=\"text-editor.default\">\n\t\t\t\t<div class=\"elementor-widget-container\">\n\t\t\t\t\t\t\t\t\t<p data-start=\"603\" data-end=\"747\">Los cambios hormonales durante la menopausia pueden generar s\u00edntomas que var\u00edan en intensidad y duraci\u00f3n. Algunos de los m\u00e1s comunes incluyen:<\/p><ul data-start=\"749\" data-end=\"1050\"><li data-start=\"749\" data-end=\"781\">Sofocos y sudores nocturnos.<\/li><li data-start=\"782\" data-end=\"809\">Alteraciones del sue\u00f1o.<\/li><li data-start=\"810\" data-end=\"866\">Cambios en el estado de \u00e1nimo, ansiedad o depresi\u00f3n.<\/li><li data-start=\"867\" data-end=\"934\">Disminuci\u00f3n de la densidad \u00f3sea y mayor riesgo de osteoporosis.<\/li><li data-start=\"935\" data-end=\"979\">Sequedad vaginal y cambios en la libido.<\/li><li data-start=\"980\" data-end=\"1050\">Aumento de peso y cambios en la distribuci\u00f3n de la grasa corporal.<\/li><\/ul><p>\u00a0<\/p><p>Cada mujer experimenta estos cambios de forma distinta, por lo que es importante recibir una evaluaci\u00f3n individualizada para encontrar el mejor tratamiento.<\/p>\t\t\t\t\t\t\t\t<\/div>\n\t\t\t\t<\/div>\n\t\t\t\t<div class=\"elementor-element elementor-element-aa14147 elementor-widget elementor-widget-heading\" data-id=\"aa14147\" data-element_type=\"widget\" data-e-type=\"widget\" data-widget_type=\"heading.default\">\n\t\t\t\t<div class=\"elementor-widget-container\">\n\t\t\t\t\t<h2 class=\"elementor-heading-title elementor-size-default\">Opciones de tratamiento y bienestar<\/h2>\t\t\t\t<\/div>\n\t\t\t\t<\/div>\n\t\t\t\t<div class=\"elementor-element elementor-element-799fabd elementor-widget elementor-widget-text-editor\" data-id=\"799fabd\" data-element_type=\"widget\" data-e-type=\"widget\" data-widget_type=\"text-editor.default\">\n\t\t\t\t<div class=\"elementor-widget-container\">\n\t\t\t\t\t\t\t\t\t<p data-start=\"1258\" data-end=\"1362\">Existen m\u00faltiples estrategias para aliviar los s\u00edntomas de la menopausia y mejorar la calidad de vida:<\/p><ul data-start=\"1364\" data-end=\"1999\"><li data-start=\"1364\" data-end=\"1534\"><strong data-start=\"1366\" data-end=\"1404\">Terapia hormonal sustitutiva (THS)<\/strong>: Indicada en algunos casos para equilibrar los niveles hormonales y reducir s\u00edntomas como sofocos, insomnio o sequedad vaginal.<\/li><li data-start=\"1535\" data-end=\"1691\"><strong data-start=\"1537\" data-end=\"1570\">Suplementaci\u00f3n y cuidado \u00f3seo<\/strong>: Evaluaci\u00f3n de la densidad \u00f3sea y recomendaci\u00f3n de suplementos como calcio y vitamina D para prevenir la osteoporosis.<\/li><li data-start=\"1692\" data-end=\"1859\"><strong data-start=\"1694\" data-end=\"1747\">Terapias naturales y cambios en el estilo de vida<\/strong>: Alimentaci\u00f3n equilibrada, ejercicio f\u00edsico y t\u00e9cnicas de relajaci\u00f3n pueden ser clave para reducir molestias.<\/li><li data-start=\"1860\" data-end=\"1999\"><strong data-start=\"1862\" data-end=\"1897\">Salud \u00edntima y bienestar sexual<\/strong>: Existen tratamientos para mejorar la lubricaci\u00f3n y mantener una vida sexual plena y sin molestias.<\/li><\/ul>\t\t\t\t\t\t\t\t<\/div>\n\t\t\t\t<\/div>\n\t\t\t\t<div class=\"elementor-element elementor-element-80fa723 elementor-widget elementor-widget-heading\" data-id=\"80fa723\" data-element_type=\"widget\" data-e-type=\"widget\" data-widget_type=\"heading.default\">\n\t\t\t\t<div class=\"elementor-widget-container\">\n\t\t\t\t\t<h2 class=\"elementor-heading-title elementor-size-default\">Programa una consulta y recibe orientaci\u00f3n profesional<\/h2>\t\t\t\t<\/div>\n\t\t\t\t<\/div>\n\t\t\t\t<div class=\"elementor-element elementor-element-ea54581 elementor-widget elementor-widget-text-editor\" data-id=\"ea54581\" data-element_type=\"widget\" data-e-type=\"widget\" data-widget_type=\"text-editor.default\">\n\t\t\t\t<div class=\"elementor-widget-container\">\n\t\t\t\t\t\t\t\t\t<p data-start=\"2066\" data-end=\"2258\">Cada mujer vive la menopausia de manera diferente, por lo que es fundamental contar con una atenci\u00f3n personalizada que ayude a gestionar los cambios de esta etapa de la mejor manera posible.<\/p><p data-start=\"2260\" data-end=\"2528\">Si tienes dudas o deseas recibir asesoramiento sobre s\u00edntomas, prevenci\u00f3n y bienestar en la menopausia, te invitamos a solicitar una consulta con nuestros especialistas. Estamos aqu\u00ed para acompa\u00f1arte en este proceso con informaci\u00f3n clara y soluciones adaptadas a ti.<\/p>\t\t\t\t\t\t\t\t<\/div>\n\t\t\t\t<\/div>\n\t\t\t\t<div class=\"elementor-element elementor-element-5ab2ff6 elementor-align-center elementor-widget elementor-widget-button\" data-id=\"5ab2ff6\" data-element_type=\"widget\" data-e-type=\"widget\" data-widget_type=\"button.default\">\n\t\t\t\t<div class=\"elementor-widget-container\">\n\t\t\t\t\t\t\t\t\t<div class=\"elementor-button-wrapper\">\n\t\t\t\t\t<a class=\"elementor-button elementor-button-link elementor-size-sm\" href=\"https:\/\/wa.me\/34634708634\">\n\t\t\t\t\t\t<span class=\"elementor-button-content-wrapper\">\n\t\t\t\t\t\t\t\t\t<span class=\"elementor-button-text\">PIDE CITA<\/span>\n\t\t\t\t\t<\/span>\n\t\t\t\t\t<\/a>\n\t\t\t\t<\/div>\n\t\t\t\t\t\t\t\t<\/div>\n\t\t\t\t<\/div>\n\t\t\t\t\t<\/div>\n\t\t\t\t<\/div>\n\t\t\t\t<\/div>\n\t\t","protected":false},"excerpt":{"rendered":"<p>CUIDADO Y BIENESTAR DURANTE LA MENOPAUSIA EN VALENCIA La menopausia es una etapa natural en la vida de toda mujer, marcada por el fin de la menstruaci\u00f3n y cambios hormonales que pueden afectar tanto el bienestar f\u00edsico como emocional. Aunque es un proceso inevitable, cada mujer lo vive de manera diferente, y contar con el [&hellip;]<\/p>\n","protected":false},"author":1,"featured_media":0,"parent":0,"menu_order":0,"comment_status":"closed","ping_status":"closed","template":"","meta":{"footnotes":""},"class_list":["post-295","page","type-page","status-publish","hentry"],"yoast_head":"<!-- This site is optimized with the Yoast SEO plugin v27.1.1 - https:\/\/yoast.com\/product\/yoast-seo-wordpress\/ -->\n<title>MENOPAUSIA - Ginecologa Cristina Garcia<\/title>\n<meta name=\"robots\" content=\"index, follow, max-snippet:-1, max-image-preview:large, max-video-preview:-1\" \/>\n<link rel=\"canonical\" href=\"https:\/\/ginecologacristinagarcia.com\/index.php\/menopausia\/\" \/>\n<meta property=\"og:locale\" content=\"es_ES\" \/>\n<meta property=\"og:type\" content=\"article\" \/>\n<meta property=\"og:title\" content=\"MENOPAUSIA - Ginecologa Cristina Garcia\" \/>\n<meta property=\"og:description\" content=\"CUIDADO Y BIENESTAR DURANTE LA MENOPAUSIA EN VALENCIA La menopausia es una etapa natural en la vida de toda mujer, marcada por el fin de la menstruaci\u00f3n y cambios hormonales que pueden afectar tanto el bienestar f\u00edsico como emocional. Aunque es un proceso inevitable, cada mujer lo vive de manera diferente, y contar con el [&hellip;]\" \/>\n<meta property=\"og:url\" content=\"https:\/\/ginecologacristinagarcia.com\/index.php\/menopausia\/\" \/>\n<meta property=\"og:site_name\" content=\"Ginecologa Cristina Garcia\" \/>\n<meta property=\"article:modified_time\" content=\"2025-05-08T10:40:34+00:00\" \/>\n<meta property=\"og:image\" content=\"https:\/\/ginecologacristinagarcia.com\/wp-content\/uploads\/2025\/02\/Menopausia-Valencia.webp\" \/>\n\t<meta property=\"og:image:width\" content=\"480\" \/>\n\t<meta property=\"og:image:height\" content=\"270\" \/>\n\t<meta property=\"og:image:type\" content=\"image\/webp\" \/>\n<meta name=\"twitter:card\" content=\"summary_large_image\" \/>\n<meta name=\"twitter:label1\" content=\"Tiempo de lectura\" \/>\n\t<meta name=\"twitter:data1\" content=\"2 minutos\" \/>\n<script type=\"application\/ld+json\" class=\"yoast-schema-graph\">{\"@context\":\"https:\/\/schema.org\",\"@graph\":[{\"@type\":\"WebPage\",\"@id\":\"https:\/\/ginecologacristinagarcia.com\/index.php\/menopausia\/\",\"url\":\"https:\/\/ginecologacristinagarcia.com\/index.php\/menopausia\/\",\"name\":\"MENOPAUSIA - Ginecologa Cristina Garcia\",\"isPartOf\":{\"@id\":\"https:\/\/ginecologacristinagarcia.com\/#website\"},\"primaryImageOfPage\":{\"@id\":\"https:\/\/ginecologacristinagarcia.com\/index.php\/menopausia\/#primaryimage\"},\"image\":{\"@id\":\"https:\/\/ginecologacristinagarcia.com\/index.php\/menopausia\/#primaryimage\"},\"thumbnailUrl\":\"https:\/\/ginecologacristinagarcia.com\/wp-content\/uploads\/2025\/02\/Menopausia-Valencia.webp\",\"datePublished\":\"2025-02-16T19:16:04+00:00\",\"dateModified\":\"2025-05-08T10:40:34+00:00\",\"breadcrumb\":{\"@id\":\"https:\/\/ginecologacristinagarcia.com\/index.php\/menopausia\/#breadcrumb\"},\"inLanguage\":\"es\",\"potentialAction\":[{\"@type\":\"ReadAction\",\"target\":[\"https:\/\/ginecologacristinagarcia.com\/index.php\/menopausia\/\"]}]},{\"@type\":\"ImageObject\",\"inLanguage\":\"es\",\"@id\":\"https:\/\/ginecologacristinagarcia.com\/index.php\/menopausia\/#primaryimage\",\"url\":\"https:\/\/ginecologacristinagarcia.com\/wp-content\/uploads\/2025\/02\/Menopausia-Valencia.webp\",\"contentUrl\":\"https:\/\/ginecologacristinagarcia.com\/wp-content\/uploads\/2025\/02\/Menopausia-Valencia.webp\",\"width\":480,\"height\":270},{\"@type\":\"BreadcrumbList\",\"@id\":\"https:\/\/ginecologacristinagarcia.com\/index.php\/menopausia\/#breadcrumb\",\"itemListElement\":[{\"@type\":\"ListItem\",\"position\":1,\"name\":\"Portada\",\"item\":\"https:\/\/ginecologacristinagarcia.com\/\"},{\"@type\":\"ListItem\",\"position\":2,\"name\":\"MENOPAUSIA\"}]},{\"@type\":\"WebSite\",\"@id\":\"https:\/\/ginecologacristinagarcia.com\/#website\",\"url\":\"https:\/\/ginecologacristinagarcia.com\/\",\"name\":\"Ginecologa Cristina Garcia\",\"description\":\"\",\"publisher\":{\"@id\":\"https:\/\/ginecologacristinagarcia.com\/#organization\"},\"potentialAction\":[{\"@type\":\"SearchAction\",\"target\":{\"@type\":\"EntryPoint\",\"urlTemplate\":\"https:\/\/ginecologacristinagarcia.com\/?s={search_term_string}\"},\"query-input\":{\"@type\":\"PropertyValueSpecification\",\"valueRequired\":true,\"valueName\":\"search_term_string\"}}],\"inLanguage\":\"es\"},{\"@type\":\"Organization\",\"@id\":\"https:\/\/ginecologacristinagarcia.com\/#organization\",\"name\":\"Ginecologa Cristina Garcia\",\"url\":\"https:\/\/ginecologacristinagarcia.com\/\",\"logo\":{\"@type\":\"ImageObject\",\"inLanguage\":\"es\",\"@id\":\"https:\/\/ginecologacristinagarcia.com\/#\/schema\/logo\/image\/\",\"url\":\"https:\/\/ginecologacristinagarcia.com\/wp-content\/uploads\/2025\/02\/cropped-logo-06.png\",\"contentUrl\":\"https:\/\/ginecologacristinagarcia.com\/wp-content\/uploads\/2025\/02\/cropped-logo-06.png\",\"width\":2001,\"height\":509,\"caption\":\"Ginecologa Cristina Garcia\"},\"image\":{\"@id\":\"https:\/\/ginecologacristinagarcia.com\/#\/schema\/logo\/image\/\"}}]}<\/script>\n<!-- \/ Yoast SEO plugin. -->","yoast_head_json":{"title":"MENOPAUSIA - Ginecologa Cristina Garcia","robots":{"index":"index","follow":"follow","max-snippet":"max-snippet:-1","max-image-preview":"max-image-preview:large","max-video-preview":"max-video-preview:-1"},"canonical":"https:\/\/ginecologacristinagarcia.com\/index.php\/menopausia\/","og_locale":"es_ES","og_type":"article","og_title":"MENOPAUSIA - Ginecologa Cristina Garcia","og_description":"CUIDADO Y BIENESTAR DURANTE LA MENOPAUSIA EN VALENCIA La menopausia es una etapa natural en la vida de toda mujer, marcada por el fin de la menstruaci\u00f3n y cambios hormonales que pueden afectar tanto el bienestar f\u00edsico como emocional. Aunque es un proceso inevitable, cada mujer lo vive de manera diferente, y contar con el [&hellip;]","og_url":"https:\/\/ginecologacristinagarcia.com\/index.php\/menopausia\/","og_site_name":"Ginecologa Cristina Garcia","article_modified_time":"2025-05-08T10:40:34+00:00","og_image":[{"width":480,"height":270,"url":"https:\/\/ginecologacristinagarcia.com\/wp-content\/uploads\/2025\/02\/Menopausia-Valencia.webp","type":"image\/webp"}],"twitter_card":"summary_large_image","twitter_misc":{"Tiempo de lectura":"2 minutos"},"schema":{"@context":"https:\/\/schema.org","@graph":[{"@type":"WebPage","@id":"https:\/\/ginecologacristinagarcia.com\/index.php\/menopausia\/","url":"https:\/\/ginecologacristinagarcia.com\/index.php\/menopausia\/","name":"MENOPAUSIA - Ginecologa Cristina Garcia","isPartOf":{"@id":"https:\/\/ginecologacristinagarcia.com\/#website"},"primaryImageOfPage":{"@id":"https:\/\/ginecologacristinagarcia.com\/index.php\/menopausia\/#primaryimage"},"image":{"@id":"https:\/\/ginecologacristinagarcia.com\/index.php\/menopausia\/#primaryimage"},"thumbnailUrl":"https:\/\/ginecologacristinagarcia.com\/wp-content\/uploads\/2025\/02\/Menopausia-Valencia.webp","datePublished":"2025-02-16T19:16:04+00:00","dateModified":"2025-05-08T10:40:34+00:00","breadcrumb":{"@id":"https:\/\/ginecologacristinagarcia.com\/index.php\/menopausia\/#breadcrumb"},"inLanguage":"es","potentialAction":[{"@type":"ReadAction","target":["https:\/\/ginecologacristinagarcia.com\/index.php\/menopausia\/"]}]},{"@type":"ImageObject","inLanguage":"es","@id":"https:\/\/ginecologacristinagarcia.com\/index.php\/menopausia\/#primaryimage","url":"https:\/\/ginecologacristinagarcia.com\/wp-content\/uploads\/2025\/02\/Menopausia-Valencia.webp","contentUrl":"https:\/\/ginecologacristinagarcia.com\/wp-content\/uploads\/2025\/02\/Menopausia-Valencia.webp","width":480,"height":270},{"@type":"BreadcrumbList","@id":"https:\/\/ginecologacristinagarcia.com\/index.php\/menopausia\/#breadcrumb","itemListElement":[{"@type":"ListItem","position":1,"name":"Portada","item":"https:\/\/ginecologacristinagarcia.com\/"},{"@type":"ListItem","position":2,"name":"MENOPAUSIA"}]},{"@type":"WebSite","@id":"https:\/\/ginecologacristinagarcia.com\/#website","url":"https:\/\/ginecologacristinagarcia.com\/","name":"Ginecologa Cristina Garcia","description":"","publisher":{"@id":"https:\/\/ginecologacristinagarcia.com\/#organization"},"potentialAction":[{"@type":"SearchAction","target":{"@type":"EntryPoint","urlTemplate":"https:\/\/ginecologacristinagarcia.com\/?s={search_term_string}"},"query-input":{"@type":"PropertyValueSpecification","valueRequired":true,"valueName":"search_term_string"}}],"inLanguage":"es"},{"@type":"Organization","@id":"https:\/\/ginecologacristinagarcia.com\/#organization","name":"Ginecologa Cristina Garcia","url":"https:\/\/ginecologacristinagarcia.com\/","logo":{"@type":"ImageObject","inLanguage":"es","@id":"https:\/\/ginecologacristinagarcia.com\/#\/schema\/logo\/image\/","url":"https:\/\/ginecologacristinagarcia.com\/wp-content\/uploads\/2025\/02\/cropped-logo-06.png","contentUrl":"https:\/\/ginecologacristinagarcia.com\/wp-content\/uploads\/2025\/02\/cropped-logo-06.png","width":2001,"height":509,"caption":"Ginecologa Cristina Garcia"},"image":{"@id":"https:\/\/ginecologacristinagarcia.com\/#\/schema\/logo\/image\/"}}]}},"_links":{"self":[{"href":"https:\/\/ginecologacristinagarcia.com\/index.php\/wp-json\/wp\/v2\/pages\/295","targetHints":{"allow":["GET"]}}],"collection":[{"href":"https:\/\/ginecologacristinagarcia.com\/index.php\/wp-json\/wp\/v2\/pages"}],"about":[{"href":"https:\/\/ginecologacristinagarcia.com\/index.php\/wp-json\/wp\/v2\/types\/page"}],"author":[{"embeddable":true,"href":"https:\/\/ginecologacristinagarcia.com\/index.php\/wp-json\/wp\/v2\/users\/1"}],"replies":[{"embeddable":true,"href":"https:\/\/ginecologacristinagarcia.com\/index.php\/wp-json\/wp\/v2\/comments?post=295"}],"version-history":[{"count":16,"href":"https:\/\/ginecologacristinagarcia.com\/index.php\/wp-json\/wp\/v2\/pages\/295\/revisions"}],"predecessor-version":[{"id":728,"href":"https:\/\/ginecologacristinagarcia.com\/index.php\/wp-json\/wp\/v2\/pages\/295\/revisions\/728"}],"wp:attachment":[{"href":"https:\/\/ginecologacristinagarcia.com\/index.php\/wp-json\/wp\/v2\/media?parent=295"}],"curies":[{"name":"wp","href":"https:\/\/api.w.org\/{rel}","templated":true}]}}