{"id":215,"date":"2025-02-16T18:37:45","date_gmt":"2025-02-16T18:37:45","guid":{"rendered":"https:\/\/ginecologacristinagarcia.com\/?page_id=215"},"modified":"2025-05-08T10:41:13","modified_gmt":"2025-05-08T10:41:13","slug":"virus-del-papiloma","status":"publish","type":"page","link":"https:\/\/ginecologacristinagarcia.com\/index.php\/virus-del-papiloma\/","title":{"rendered":"Virus del papiloma"},"content":{"rendered":"\t\t<div data-elementor-type=\"wp-page\" data-elementor-id=\"215\" class=\"elementor elementor-215\" data-elementor-post-type=\"page\">\n\t\t\t\t<div class=\"elementor-element elementor-element-f5d4336 e-flex e-con-boxed e-con e-parent\" data-id=\"f5d4336\" data-element_type=\"container\" data-e-type=\"container\">\n\t\t\t\t\t<div class=\"e-con-inner\">\n\t\t\t\t<div class=\"elementor-element elementor-element-7627a98 elementor-widget elementor-widget-heading\" data-id=\"7627a98\" data-element_type=\"widget\" data-e-type=\"widget\" data-widget_type=\"heading.default\">\n\t\t\t\t<div class=\"elementor-widget-container\">\n\t\t\t\t\t<h2 class=\"elementor-heading-title elementor-size-default\">Virus del Papiloma Humano (VPH)<\/h2>\t\t\t\t<\/div>\n\t\t\t\t<\/div>\n\t\t\t\t\t<\/div>\n\t\t\t\t<\/div>\n\t\t<div class=\"elementor-element elementor-element-ffebef4 e-flex e-con-boxed e-con e-parent\" data-id=\"ffebef4\" data-element_type=\"container\" data-e-type=\"container\">\n\t\t\t\t\t<div class=\"e-con-inner\">\n\t\t<div class=\"elementor-element elementor-element-06c1304 e-con-full e-flex e-con e-child\" data-id=\"06c1304\" data-element_type=\"container\" data-e-type=\"container\">\n\t\t\t\t<div class=\"elementor-element elementor-element-5ff8b04 elementor-widget elementor-widget-image\" data-id=\"5ff8b04\" data-element_type=\"widget\" data-e-type=\"widget\" data-widget_type=\"image.default\">\n\t\t\t\t<div class=\"elementor-widget-container\">\n\t\t\t\t\t\t\t\t\t\t\t\t\t\t\t<img fetchpriority=\"high\" decoding=\"async\" width=\"800\" height=\"600\" src=\"https:\/\/ginecologacristinagarcia.com\/wp-content\/uploads\/2025\/02\/VPH-valencia-1024x768.jpg\" class=\"attachment-large size-large wp-image-221\" alt=\"\" srcset=\"https:\/\/ginecologacristinagarcia.com\/wp-content\/uploads\/2025\/02\/VPH-valencia-1024x768.jpg 1024w, https:\/\/ginecologacristinagarcia.com\/wp-content\/uploads\/2025\/02\/VPH-valencia-300x225.jpg 300w, https:\/\/ginecologacristinagarcia.com\/wp-content\/uploads\/2025\/02\/VPH-valencia-768x576.jpg 768w, https:\/\/ginecologacristinagarcia.com\/wp-content\/uploads\/2025\/02\/VPH-valencia.jpg 1200w\" sizes=\"(max-width: 800px) 100vw, 800px\" \/>\t\t\t\t\t\t\t\t\t\t\t\t\t\t\t<\/div>\n\t\t\t\t<\/div>\n\t\t\t\t<\/div>\n\t\t<div class=\"elementor-element elementor-element-7826410 e-con-full e-flex e-con e-child\" data-id=\"7826410\" data-element_type=\"container\" data-e-type=\"container\">\n\t\t\t\t<div class=\"elementor-element elementor-element-f770af7 elementor-widget elementor-widget-heading\" data-id=\"f770af7\" data-element_type=\"widget\" data-e-type=\"widget\" data-widget_type=\"heading.default\">\n\t\t\t\t<div class=\"elementor-widget-container\">\n\t\t\t\t\t<h2 class=\"elementor-heading-title elementor-size-default\">PREVENCI\u00d3N Y TRATAMIENTO DEL VIRUS DEL PAPILOMA HUMANO (VPH) EN VALENCIA<\/h2>\t\t\t\t<\/div>\n\t\t\t\t<\/div>\n\t\t\t\t<div class=\"elementor-element elementor-element-583df57 elementor-widget elementor-widget-text-editor\" data-id=\"583df57\" data-element_type=\"widget\" data-e-type=\"widget\" data-widget_type=\"text-editor.default\">\n\t\t\t\t<div class=\"elementor-widget-container\">\n\t\t\t\t\t\t\t\t\t<p data-start=\"199\" data-end=\"579\">El Virus del Papiloma Humano (VPH) es una de las infecciones de transmisi\u00f3n sexual m\u00e1s comunes y puede afectar tanto a hombres como a mujeres. En la mayor\u00eda de los casos, el VPH no presenta s\u00edntomas y desaparece por s\u00ed solo, pero algunas variantes del virus pueden causar verrugas genitales o aumentar el riesgo de desarrollar ciertos tipos de c\u00e1ncer, como el de cuello uterino.<\/p><p data-start=\"581\" data-end=\"741\">Contar con una detecci\u00f3n temprana, un seguimiento adecuado y las herramientas necesarias para la prevenci\u00f3n es clave para proteger tu salud y la de tu pareja.<\/p>\t\t\t\t\t\t\t\t<\/div>\n\t\t\t\t<\/div>\n\t\t\t\t<div class=\"elementor-element elementor-element-d4c6610 elementor-align-center elementor-widget elementor-widget-button\" data-id=\"d4c6610\" data-element_type=\"widget\" data-e-type=\"widget\" data-widget_type=\"button.default\">\n\t\t\t\t<div class=\"elementor-widget-container\">\n\t\t\t\t\t\t\t\t\t<div class=\"elementor-button-wrapper\">\n\t\t\t\t\t<a class=\"elementor-button elementor-button-link elementor-size-sm\" href=\"https:\/\/wa.me\/34634708634\">\n\t\t\t\t\t\t<span class=\"elementor-button-content-wrapper\">\n\t\t\t\t\t\t\t\t\t<span class=\"elementor-button-text\">PIDE CITA<\/span>\n\t\t\t\t\t<\/span>\n\t\t\t\t\t<\/a>\n\t\t\t\t<\/div>\n\t\t\t\t\t\t\t\t<\/div>\n\t\t\t\t<\/div>\n\t\t\t\t<\/div>\n\t\t\t\t\t<\/div>\n\t\t\t\t<\/div>\n\t\t<div class=\"elementor-element elementor-element-0e86727 e-flex e-con-boxed e-con e-parent\" data-id=\"0e86727\" data-element_type=\"container\" data-e-type=\"container\">\n\t\t\t\t\t<div class=\"e-con-inner\">\n\t\t\t\t<div class=\"elementor-element elementor-element-e46d173 elementor-widget elementor-widget-heading\" data-id=\"e46d173\" data-element_type=\"widget\" data-e-type=\"widget\" data-widget_type=\"heading.default\">\n\t\t\t\t<div class=\"elementor-widget-container\">\n\t\t\t\t\t<h2 class=\"elementor-heading-title elementor-size-default\">Detecci\u00f3n y diagn\u00f3stico precoz<\/h2>\t\t\t\t<\/div>\n\t\t\t\t<\/div>\n\t\t\t\t<div class=\"elementor-element elementor-element-4bb3b0f elementor-widget elementor-widget-text-editor\" data-id=\"4bb3b0f\" data-element_type=\"widget\" data-e-type=\"widget\" data-widget_type=\"text-editor.default\">\n\t\t\t\t<div class=\"elementor-widget-container\">\n\t\t\t\t\t\t\t\t\t<p data-start=\"784\" data-end=\"1074\">El VPH puede no mostrar signos visibles durante mucho tiempo, por lo que realizar controles m\u00e9dicos peri\u00f3dicos es fundamental. A trav\u00e9s de pruebas como la citolog\u00eda (Papanicolaou) y la prueba del VPH, podemos detectar la presencia del virus y evaluar si existe alg\u00fan riesgo para la salud.<\/p><p data-start=\"1076\" data-end=\"1253\">Si se identifican alteraciones, se pueden realizar estudios complementarios como la colposcopia o biopsia, lo que permite un diagn\u00f3stico m\u00e1s preciso y un tratamiento oportuno.<\/p>\t\t\t\t\t\t\t\t<\/div>\n\t\t\t\t<\/div>\n\t\t\t\t<div class=\"elementor-element elementor-element-3f0c3e8 elementor-widget elementor-widget-heading\" data-id=\"3f0c3e8\" data-element_type=\"widget\" data-e-type=\"widget\" data-widget_type=\"heading.default\">\n\t\t\t\t<div class=\"elementor-widget-container\">\n\t\t\t\t\t<h2 class=\"elementor-heading-title elementor-size-default\">Opciones de tratamiento y seguimiento<\/h2>\t\t\t\t<\/div>\n\t\t\t\t<\/div>\n\t\t\t\t<div class=\"elementor-element elementor-element-3fb9977 elementor-widget elementor-widget-text-editor\" data-id=\"3fb9977\" data-element_type=\"widget\" data-e-type=\"widget\" data-widget_type=\"text-editor.default\">\n\t\t\t\t<div class=\"elementor-widget-container\">\n\t\t\t\t\t\t\t\t\t<p data-start=\"1303\" data-end=\"1562\">No existe un tratamiento espec\u00edfico para eliminar el VPH, pero s\u00ed hay opciones para tratar sus efectos en el organismo. En los casos en los que el virus cause verrugas genitales, existen tratamientos como crioterapia, l\u00e1ser o aplicaci\u00f3n de f\u00e1rmacos t\u00f3picos.<\/p><p data-start=\"1564\" data-end=\"1829\">Cuando el VPH genera alteraciones en el cuello uterino u otras zonas del cuerpo, es fundamental un seguimiento m\u00e9dico cercano para evitar complicaciones a largo plazo. Nuestro equipo de especialistas te asesorar\u00e1 sobre la mejor estrategia para tu caso particular.<\/p>\t\t\t\t\t\t\t\t<\/div>\n\t\t\t\t<\/div>\n\t\t\t\t<div class=\"elementor-element elementor-element-187abeb elementor-widget elementor-widget-heading\" data-id=\"187abeb\" data-element_type=\"widget\" data-e-type=\"widget\" data-widget_type=\"heading.default\">\n\t\t\t\t<div class=\"elementor-widget-container\">\n\t\t\t\t\t<h2 class=\"elementor-heading-title elementor-size-default\">Prevenci\u00f3n y educaci\u00f3n en salud<\/h2>\t\t\t\t<\/div>\n\t\t\t\t<\/div>\n\t\t\t\t<div class=\"elementor-element elementor-element-00ec6bf elementor-widget elementor-widget-text-editor\" data-id=\"00ec6bf\" data-element_type=\"widget\" data-e-type=\"widget\" data-widget_type=\"text-editor.default\">\n\t\t\t\t<div class=\"elementor-widget-container\">\n\t\t\t\t\t\t\t\t\t<p data-start=\"1873\" data-end=\"2083\">La mejor forma de reducir el riesgo de infecci\u00f3n por VPH es a trav\u00e9s de la prevenci\u00f3n. La vacunaci\u00f3n es altamente efectiva y se recomienda tanto para mujeres como para hombres antes de iniciar su vida sexual.<\/p><p data-start=\"2085\" data-end=\"2270\">Adem\u00e1s, el uso de preservativos y la realizaci\u00f3n de controles ginecol\u00f3gicos o urol\u00f3gicos peri\u00f3dicos ayudan a detectar cualquier anomal\u00eda a tiempo y a prevenir posibles complicaciones.<\/p>\t\t\t\t\t\t\t\t<\/div>\n\t\t\t\t<\/div>\n\t\t\t\t<div class=\"elementor-element elementor-element-761c194 elementor-widget elementor-widget-heading\" data-id=\"761c194\" data-element_type=\"widget\" data-e-type=\"widget\" data-widget_type=\"heading.default\">\n\t\t\t\t<div class=\"elementor-widget-container\">\n\t\t\t\t\t<h2 class=\"elementor-heading-title elementor-size-default\">Programa una consulta con especialistas<\/h2>\t\t\t\t<\/div>\n\t\t\t\t<\/div>\n\t\t\t\t<div class=\"elementor-element elementor-element-d5adcf0 elementor-widget elementor-widget-text-editor\" data-id=\"d5adcf0\" data-element_type=\"widget\" data-e-type=\"widget\" data-widget_type=\"text-editor.default\">\n\t\t\t\t<div class=\"elementor-widget-container\">\n\t\t\t\t\t\t\t\t\t<p data-start=\"2322\" data-end=\"2568\">Si tienes dudas sobre el VPH, deseas realizarte pruebas de detecci\u00f3n o necesitas orientaci\u00f3n sobre prevenci\u00f3n y tratamiento, ponemos a tu disposici\u00f3n un equipo de expertos que te brindar\u00e1 informaci\u00f3n clara y soluciones adaptadas a tu situaci\u00f3n.<\/p><p data-start=\"2570\" data-end=\"2648\">Solicita tu cita y toma el control de tu salud con informaci\u00f3n y prevenci\u00f3n.<\/p>\t\t\t\t\t\t\t\t<\/div>\n\t\t\t\t<\/div>\n\t\t\t\t<div class=\"elementor-element elementor-element-e35ef09 elementor-align-center elementor-widget elementor-widget-button\" data-id=\"e35ef09\" data-element_type=\"widget\" data-e-type=\"widget\" data-widget_type=\"button.default\">\n\t\t\t\t<div class=\"elementor-widget-container\">\n\t\t\t\t\t\t\t\t\t<div class=\"elementor-button-wrapper\">\n\t\t\t\t\t<a class=\"elementor-button elementor-button-link elementor-size-sm\" href=\"https:\/\/wa.me\/34634708634\">\n\t\t\t\t\t\t<span class=\"elementor-button-content-wrapper\">\n\t\t\t\t\t\t\t\t\t<span class=\"elementor-button-text\">PIDE CITA<\/span>\n\t\t\t\t\t<\/span>\n\t\t\t\t\t<\/a>\n\t\t\t\t<\/div>\n\t\t\t\t\t\t\t\t<\/div>\n\t\t\t\t<\/div>\n\t\t\t\t\t<\/div>\n\t\t\t\t<\/div>\n\t\t\t\t<\/div>\n\t\t","protected":false},"excerpt":{"rendered":"<p>Virus del Papiloma Humano (VPH) PREVENCI\u00d3N Y TRATAMIENTO DEL VIRUS DEL PAPILOMA HUMANO (VPH) EN VALENCIA El Virus del Papiloma Humano (VPH) es una de las infecciones de transmisi\u00f3n sexual m\u00e1s comunes y puede afectar tanto a hombres como a mujeres. En la mayor\u00eda de los casos, el VPH no presenta s\u00edntomas y desaparece por [&hellip;]<\/p>\n","protected":false},"author":1,"featured_media":0,"parent":0,"menu_order":0,"comment_status":"closed","ping_status":"closed","template":"","meta":{"footnotes":""},"class_list":["post-215","page","type-page","status-publish","hentry"],"yoast_head":"<!-- This site is optimized with the Yoast SEO plugin v27.1.1 - https:\/\/yoast.com\/product\/yoast-seo-wordpress\/ -->\n<title>Virus del papiloma - Ginecologa Cristina Garcia<\/title>\n<meta name=\"robots\" content=\"index, follow, max-snippet:-1, max-image-preview:large, max-video-preview:-1\" \/>\n<link rel=\"canonical\" href=\"https:\/\/ginecologacristinagarcia.com\/index.php\/virus-del-papiloma\/\" \/>\n<meta property=\"og:locale\" content=\"es_ES\" \/>\n<meta property=\"og:type\" content=\"article\" \/>\n<meta property=\"og:title\" content=\"Virus del papiloma - Ginecologa Cristina Garcia\" \/>\n<meta property=\"og:description\" content=\"Virus del Papiloma Humano (VPH) PREVENCI\u00d3N Y TRATAMIENTO DEL VIRUS DEL PAPILOMA HUMANO (VPH) EN VALENCIA El Virus del Papiloma Humano (VPH) es una de las infecciones de transmisi\u00f3n sexual m\u00e1s comunes y puede afectar tanto a hombres como a mujeres. En la mayor\u00eda de los casos, el VPH no presenta s\u00edntomas y desaparece por [&hellip;]\" \/>\n<meta property=\"og:url\" content=\"https:\/\/ginecologacristinagarcia.com\/index.php\/virus-del-papiloma\/\" \/>\n<meta property=\"og:site_name\" content=\"Ginecologa Cristina Garcia\" \/>\n<meta property=\"article:modified_time\" content=\"2025-05-08T10:41:13+00:00\" \/>\n<meta property=\"og:image\" content=\"https:\/\/ginecologacristinagarcia.com\/wp-content\/uploads\/2025\/02\/VPH-valencia.jpg\" \/>\n\t<meta property=\"og:image:width\" content=\"1200\" \/>\n\t<meta property=\"og:image:height\" content=\"900\" \/>\n\t<meta property=\"og:image:type\" content=\"image\/jpeg\" \/>\n<meta name=\"twitter:card\" content=\"summary_large_image\" \/>\n<meta name=\"twitter:label1\" content=\"Tiempo de lectura\" \/>\n\t<meta name=\"twitter:data1\" content=\"3 minutos\" \/>\n<script type=\"application\/ld+json\" class=\"yoast-schema-graph\">{\"@context\":\"https:\/\/schema.org\",\"@graph\":[{\"@type\":\"WebPage\",\"@id\":\"https:\/\/ginecologacristinagarcia.com\/index.php\/virus-del-papiloma\/\",\"url\":\"https:\/\/ginecologacristinagarcia.com\/index.php\/virus-del-papiloma\/\",\"name\":\"Virus del papiloma - Ginecologa Cristina Garcia\",\"isPartOf\":{\"@id\":\"https:\/\/ginecologacristinagarcia.com\/#website\"},\"primaryImageOfPage\":{\"@id\":\"https:\/\/ginecologacristinagarcia.com\/index.php\/virus-del-papiloma\/#primaryimage\"},\"image\":{\"@id\":\"https:\/\/ginecologacristinagarcia.com\/index.php\/virus-del-papiloma\/#primaryimage\"},\"thumbnailUrl\":\"https:\/\/ginecologacristinagarcia.com\/wp-content\/uploads\/2025\/02\/VPH-valencia-1024x768.jpg\",\"datePublished\":\"2025-02-16T18:37:45+00:00\",\"dateModified\":\"2025-05-08T10:41:13+00:00\",\"breadcrumb\":{\"@id\":\"https:\/\/ginecologacristinagarcia.com\/index.php\/virus-del-papiloma\/#breadcrumb\"},\"inLanguage\":\"es\",\"potentialAction\":[{\"@type\":\"ReadAction\",\"target\":[\"https:\/\/ginecologacristinagarcia.com\/index.php\/virus-del-papiloma\/\"]}]},{\"@type\":\"ImageObject\",\"inLanguage\":\"es\",\"@id\":\"https:\/\/ginecologacristinagarcia.com\/index.php\/virus-del-papiloma\/#primaryimage\",\"url\":\"https:\/\/ginecologacristinagarcia.com\/wp-content\/uploads\/2025\/02\/VPH-valencia.jpg\",\"contentUrl\":\"https:\/\/ginecologacristinagarcia.com\/wp-content\/uploads\/2025\/02\/VPH-valencia.jpg\",\"width\":1200,\"height\":900},{\"@type\":\"BreadcrumbList\",\"@id\":\"https:\/\/ginecologacristinagarcia.com\/index.php\/virus-del-papiloma\/#breadcrumb\",\"itemListElement\":[{\"@type\":\"ListItem\",\"position\":1,\"name\":\"Portada\",\"item\":\"https:\/\/ginecologacristinagarcia.com\/\"},{\"@type\":\"ListItem\",\"position\":2,\"name\":\"Virus del papiloma\"}]},{\"@type\":\"WebSite\",\"@id\":\"https:\/\/ginecologacristinagarcia.com\/#website\",\"url\":\"https:\/\/ginecologacristinagarcia.com\/\",\"name\":\"Ginecologa Cristina Garcia\",\"description\":\"\",\"publisher\":{\"@id\":\"https:\/\/ginecologacristinagarcia.com\/#organization\"},\"potentialAction\":[{\"@type\":\"SearchAction\",\"target\":{\"@type\":\"EntryPoint\",\"urlTemplate\":\"https:\/\/ginecologacristinagarcia.com\/?s={search_term_string}\"},\"query-input\":{\"@type\":\"PropertyValueSpecification\",\"valueRequired\":true,\"valueName\":\"search_term_string\"}}],\"inLanguage\":\"es\"},{\"@type\":\"Organization\",\"@id\":\"https:\/\/ginecologacristinagarcia.com\/#organization\",\"name\":\"Ginecologa Cristina Garcia\",\"url\":\"https:\/\/ginecologacristinagarcia.com\/\",\"logo\":{\"@type\":\"ImageObject\",\"inLanguage\":\"es\",\"@id\":\"https:\/\/ginecologacristinagarcia.com\/#\/schema\/logo\/image\/\",\"url\":\"https:\/\/ginecologacristinagarcia.com\/wp-content\/uploads\/2025\/02\/cropped-logo-06.png\",\"contentUrl\":\"https:\/\/ginecologacristinagarcia.com\/wp-content\/uploads\/2025\/02\/cropped-logo-06.png\",\"width\":2001,\"height\":509,\"caption\":\"Ginecologa Cristina Garcia\"},\"image\":{\"@id\":\"https:\/\/ginecologacristinagarcia.com\/#\/schema\/logo\/image\/\"}}]}<\/script>\n<!-- \/ Yoast SEO plugin. -->","yoast_head_json":{"title":"Virus del papiloma - Ginecologa Cristina Garcia","robots":{"index":"index","follow":"follow","max-snippet":"max-snippet:-1","max-image-preview":"max-image-preview:large","max-video-preview":"max-video-preview:-1"},"canonical":"https:\/\/ginecologacristinagarcia.com\/index.php\/virus-del-papiloma\/","og_locale":"es_ES","og_type":"article","og_title":"Virus del papiloma - Ginecologa Cristina Garcia","og_description":"Virus del Papiloma Humano (VPH) PREVENCI\u00d3N Y TRATAMIENTO DEL VIRUS DEL PAPILOMA HUMANO (VPH) EN VALENCIA El Virus del Papiloma Humano (VPH) es una de las infecciones de transmisi\u00f3n sexual m\u00e1s comunes y puede afectar tanto a hombres como a mujeres. En la mayor\u00eda de los casos, el VPH no presenta s\u00edntomas y desaparece por [&hellip;]","og_url":"https:\/\/ginecologacristinagarcia.com\/index.php\/virus-del-papiloma\/","og_site_name":"Ginecologa Cristina Garcia","article_modified_time":"2025-05-08T10:41:13+00:00","og_image":[{"width":1200,"height":900,"url":"https:\/\/ginecologacristinagarcia.com\/wp-content\/uploads\/2025\/02\/VPH-valencia.jpg","type":"image\/jpeg"}],"twitter_card":"summary_large_image","twitter_misc":{"Tiempo de lectura":"3 minutos"},"schema":{"@context":"https:\/\/schema.org","@graph":[{"@type":"WebPage","@id":"https:\/\/ginecologacristinagarcia.com\/index.php\/virus-del-papiloma\/","url":"https:\/\/ginecologacristinagarcia.com\/index.php\/virus-del-papiloma\/","name":"Virus del papiloma - Ginecologa Cristina Garcia","isPartOf":{"@id":"https:\/\/ginecologacristinagarcia.com\/#website"},"primaryImageOfPage":{"@id":"https:\/\/ginecologacristinagarcia.com\/index.php\/virus-del-papiloma\/#primaryimage"},"image":{"@id":"https:\/\/ginecologacristinagarcia.com\/index.php\/virus-del-papiloma\/#primaryimage"},"thumbnailUrl":"https:\/\/ginecologacristinagarcia.com\/wp-content\/uploads\/2025\/02\/VPH-valencia-1024x768.jpg","datePublished":"2025-02-16T18:37:45+00:00","dateModified":"2025-05-08T10:41:13+00:00","breadcrumb":{"@id":"https:\/\/ginecologacristinagarcia.com\/index.php\/virus-del-papiloma\/#breadcrumb"},"inLanguage":"es","potentialAction":[{"@type":"ReadAction","target":["https:\/\/ginecologacristinagarcia.com\/index.php\/virus-del-papiloma\/"]}]},{"@type":"ImageObject","inLanguage":"es","@id":"https:\/\/ginecologacristinagarcia.com\/index.php\/virus-del-papiloma\/#primaryimage","url":"https:\/\/ginecologacristinagarcia.com\/wp-content\/uploads\/2025\/02\/VPH-valencia.jpg","contentUrl":"https:\/\/ginecologacristinagarcia.com\/wp-content\/uploads\/2025\/02\/VPH-valencia.jpg","width":1200,"height":900},{"@type":"BreadcrumbList","@id":"https:\/\/ginecologacristinagarcia.com\/index.php\/virus-del-papiloma\/#breadcrumb","itemListElement":[{"@type":"ListItem","position":1,"name":"Portada","item":"https:\/\/ginecologacristinagarcia.com\/"},{"@type":"ListItem","position":2,"name":"Virus del papiloma"}]},{"@type":"WebSite","@id":"https:\/\/ginecologacristinagarcia.com\/#website","url":"https:\/\/ginecologacristinagarcia.com\/","name":"Ginecologa Cristina Garcia","description":"","publisher":{"@id":"https:\/\/ginecologacristinagarcia.com\/#organization"},"potentialAction":[{"@type":"SearchAction","target":{"@type":"EntryPoint","urlTemplate":"https:\/\/ginecologacristinagarcia.com\/?s={search_term_string}"},"query-input":{"@type":"PropertyValueSpecification","valueRequired":true,"valueName":"search_term_string"}}],"inLanguage":"es"},{"@type":"Organization","@id":"https:\/\/ginecologacristinagarcia.com\/#organization","name":"Ginecologa Cristina Garcia","url":"https:\/\/ginecologacristinagarcia.com\/","logo":{"@type":"ImageObject","inLanguage":"es","@id":"https:\/\/ginecologacristinagarcia.com\/#\/schema\/logo\/image\/","url":"https:\/\/ginecologacristinagarcia.com\/wp-content\/uploads\/2025\/02\/cropped-logo-06.png","contentUrl":"https:\/\/ginecologacristinagarcia.com\/wp-content\/uploads\/2025\/02\/cropped-logo-06.png","width":2001,"height":509,"caption":"Ginecologa Cristina Garcia"},"image":{"@id":"https:\/\/ginecologacristinagarcia.com\/#\/schema\/logo\/image\/"}}]}},"_links":{"self":[{"href":"https:\/\/ginecologacristinagarcia.com\/index.php\/wp-json\/wp\/v2\/pages\/215","targetHints":{"allow":["GET"]}}],"collection":[{"href":"https:\/\/ginecologacristinagarcia.com\/index.php\/wp-json\/wp\/v2\/pages"}],"about":[{"href":"https:\/\/ginecologacristinagarcia.com\/index.php\/wp-json\/wp\/v2\/types\/page"}],"author":[{"embeddable":true,"href":"https:\/\/ginecologacristinagarcia.com\/index.php\/wp-json\/wp\/v2\/users\/1"}],"replies":[{"embeddable":true,"href":"https:\/\/ginecologacristinagarcia.com\/index.php\/wp-json\/wp\/v2\/comments?post=215"}],"version-history":[{"count":19,"href":"https:\/\/ginecologacristinagarcia.com\/index.php\/wp-json\/wp\/v2\/pages\/215\/revisions"}],"predecessor-version":[{"id":734,"href":"https:\/\/ginecologacristinagarcia.com\/index.php\/wp-json\/wp\/v2\/pages\/215\/revisions\/734"}],"wp:attachment":[{"href":"https:\/\/ginecologacristinagarcia.com\/index.php\/wp-json\/wp\/v2\/media?parent=215"}],"curies":[{"name":"wp","href":"https:\/\/api.w.org\/{rel}","templated":true}]}}