{"id":192,"date":"2025-02-16T18:15:47","date_gmt":"2025-02-16T18:15:47","guid":{"rendered":"https:\/\/ginecologacristinagarcia.com\/?page_id=192"},"modified":"2025-05-08T10:40:51","modified_gmt":"2025-05-08T10:40:51","slug":"embarazo-parto-y-postparto","status":"publish","type":"page","link":"https:\/\/ginecologacristinagarcia.com\/index.php\/embarazo-parto-y-postparto\/","title":{"rendered":"Embarazo, Parto y Postparto"},"content":{"rendered":"\t\t<div data-elementor-type=\"wp-page\" data-elementor-id=\"192\" class=\"elementor elementor-192\" data-elementor-post-type=\"page\">\n\t\t\t\t<div class=\"elementor-element elementor-element-2e8f10b e-flex e-con-boxed e-con e-parent\" data-id=\"2e8f10b\" data-element_type=\"container\" data-e-type=\"container\">\n\t\t\t\t\t<div class=\"e-con-inner\">\n\t\t\t\t<div class=\"elementor-element elementor-element-47752d7 elementor-widget elementor-widget-heading\" data-id=\"47752d7\" data-element_type=\"widget\" data-e-type=\"widget\" data-widget_type=\"heading.default\">\n\t\t\t\t<div class=\"elementor-widget-container\">\n\t\t\t\t\t<h2 class=\"elementor-heading-title elementor-size-default\">EMBARAZO, PARTO &amp; POSTPARTO<\/h2>\t\t\t\t<\/div>\n\t\t\t\t<\/div>\n\t\t\t\t\t<\/div>\n\t\t\t\t<\/div>\n\t\t<div class=\"elementor-element elementor-element-b0b945d e-flex e-con-boxed e-con e-parent\" data-id=\"b0b945d\" data-element_type=\"container\" data-e-type=\"container\">\n\t\t\t\t\t<div class=\"e-con-inner\">\n\t\t<div class=\"elementor-element elementor-element-51cc44c e-con-full e-flex e-con e-child\" data-id=\"51cc44c\" data-element_type=\"container\" data-e-type=\"container\">\n\t\t\t\t<div class=\"elementor-element elementor-element-c3a6d2e elementor-widget elementor-widget-heading\" data-id=\"c3a6d2e\" data-element_type=\"widget\" data-e-type=\"widget\" data-widget_type=\"heading.default\">\n\t\t\t\t<div class=\"elementor-widget-container\">\n\t\t\t\t\t<h2 class=\"elementor-heading-title elementor-size-default\">SEGUIMIENTO DEL EMBARAZO EN VALENCIA<\/h2>\t\t\t\t<\/div>\n\t\t\t\t<\/div>\n\t\t\t\t<div class=\"elementor-element elementor-element-a4a2895 elementor-widget elementor-widget-text-editor\" data-id=\"a4a2895\" data-element_type=\"widget\" data-e-type=\"widget\" data-widget_type=\"text-editor.default\">\n\t\t\t\t<div class=\"elementor-widget-container\">\n\t\t\t\t\t\t\t\t\t<p data-start=\"170\" data-end=\"457\">El embarazo es una etapa transformadora, llena de ilusi\u00f3n y cambios que requieren un acompa\u00f1amiento profesional y humano. Contar con un equipo de especialistas que te gu\u00ede y supervise tu bienestar y el de tu beb\u00e9 es fundamental para vivir esta experiencia con tranquilidad y confianza.<\/p><p data-start=\"459\" data-end=\"686\">En nuestro centro en Valencia, ofrecemos una atenci\u00f3n personalizada, basada en la m\u00e1s avanzada tecnolog\u00eda y en un trato cercano, para que disfrutes de cada etapa de la gestaci\u00f3n con la seguridad de estar en las mejores manos.<\/p>\t\t\t\t\t\t\t\t<\/div>\n\t\t\t\t<\/div>\n\t\t\t\t<\/div>\n\t\t<div class=\"elementor-element elementor-element-986e60f e-con-full e-flex e-con e-child\" data-id=\"986e60f\" data-element_type=\"container\" data-e-type=\"container\">\n\t\t\t\t<div class=\"elementor-element elementor-element-27f0916 elementor-widget elementor-widget-image\" data-id=\"27f0916\" data-element_type=\"widget\" data-e-type=\"widget\" data-widget_type=\"image.default\">\n\t\t\t\t<div class=\"elementor-widget-container\">\n\t\t\t\t\t\t\t\t\t\t\t\t\t\t\t<img fetchpriority=\"high\" decoding=\"async\" width=\"800\" height=\"472\" src=\"https:\/\/ginecologacristinagarcia.com\/wp-content\/uploads\/2025\/02\/Control-embarazo-Valencia.webp\" class=\"attachment-large size-large wp-image-201\" alt=\"\" srcset=\"https:\/\/ginecologacristinagarcia.com\/wp-content\/uploads\/2025\/02\/Control-embarazo-Valencia.webp 1024w, https:\/\/ginecologacristinagarcia.com\/wp-content\/uploads\/2025\/02\/Control-embarazo-Valencia-300x177.webp 300w, https:\/\/ginecologacristinagarcia.com\/wp-content\/uploads\/2025\/02\/Control-embarazo-Valencia-768x453.webp 768w\" sizes=\"(max-width: 800px) 100vw, 800px\" \/>\t\t\t\t\t\t\t\t\t\t\t\t\t\t\t<\/div>\n\t\t\t\t<\/div>\n\t\t\t\t<\/div>\n\t\t\t\t\t<\/div>\n\t\t\t\t<\/div>\n\t\t<div class=\"elementor-element elementor-element-b0cf06a e-flex e-con-boxed e-con e-parent\" data-id=\"b0cf06a\" data-element_type=\"container\" data-e-type=\"container\">\n\t\t\t\t\t<div class=\"e-con-inner\">\n\t\t<div class=\"elementor-element elementor-element-389ba90 e-con-full e-flex e-con e-child\" data-id=\"389ba90\" data-element_type=\"container\" data-e-type=\"container\">\n\t\t\t\t<div class=\"elementor-element elementor-element-bd73219 elementor-widget elementor-widget-heading\" data-id=\"bd73219\" data-element_type=\"widget\" data-e-type=\"widget\" data-widget_type=\"heading.default\">\n\t\t\t\t<div class=\"elementor-widget-container\">\n\t\t\t\t\t<h2 class=\"elementor-heading-title elementor-size-default\">Control del embarazo y seguimiento prenatal<\/h2>\t\t\t\t<\/div>\n\t\t\t\t<\/div>\n\t\t\t\t<div class=\"elementor-element elementor-element-5254d3a elementor-widget elementor-widget-text-editor\" data-id=\"5254d3a\" data-element_type=\"widget\" data-e-type=\"widget\" data-widget_type=\"text-editor.default\">\n\t\t\t\t<div class=\"elementor-widget-container\">\n\t\t\t\t\t\t\t\t\t<p data-start=\"742\" data-end=\"1046\">El bienestar de la madre y el beb\u00e9 es nuestra prioridad. Por ello, realizamos controles peri\u00f3dicos que incluyen revisiones m\u00e9dicas, an\u00e1lisis espec\u00edficos y ecograf\u00edas de alta resoluci\u00f3n. Estas pruebas permiten evaluar el desarrollo fetal, detectar posibles complicaciones y ofrecer soluciones oportunas.<\/p><p data-start=\"1048\" data-end=\"1203\">Adem\u00e1s, brindamos asesoramiento en alimentaci\u00f3n, h\u00e1bitos saludables y cuidados esenciales para que afrontes tu embarazo con la mejor preparaci\u00f3n posible.<\/p>\t\t\t\t\t\t\t\t<\/div>\n\t\t\t\t<\/div>\n\t\t\t\t<\/div>\n\t\t<div class=\"elementor-element elementor-element-f2d096f e-con-full e-flex e-con e-child\" data-id=\"f2d096f\" data-element_type=\"container\" data-e-type=\"container\">\n\t\t\t\t<div class=\"elementor-element elementor-element-2a32386 elementor-widget elementor-widget-heading\" data-id=\"2a32386\" data-element_type=\"widget\" data-e-type=\"widget\" data-widget_type=\"heading.default\">\n\t\t\t\t<div class=\"elementor-widget-container\">\n\t\t\t\t\t<h2 class=\"elementor-heading-title elementor-size-default\">Programar una cita con apoyo profesional<\/h2>\t\t\t\t<\/div>\n\t\t\t\t<\/div>\n\t\t\t\t<div class=\"elementor-element elementor-element-521cc36 elementor-widget elementor-widget-text-editor\" data-id=\"521cc36\" data-element_type=\"widget\" data-e-type=\"widget\" data-widget_type=\"text-editor.default\">\n\t\t\t\t<div class=\"elementor-widget-container\">\n\t\t\t\t\t\t\t\t\t<p data-start=\"1710\" data-end=\"1927\">Cada embarazo es diferente y puede generar muchas dudas. Si necesitas orientaci\u00f3n o deseas realizar un control personalizado, ponemos a tu disposici\u00f3n a nuestros especialistas para brindarte la atenci\u00f3n que mereces.<\/p><p data-start=\"1929\" data-end=\"2010\">Solicita tu cita y perm\u00edtenos acompa\u00f1arte en esta maravillosa etapa de tu vida.<\/p>\t\t\t\t\t\t\t\t<\/div>\n\t\t\t\t<\/div>\n\t\t\t\t<div class=\"elementor-element elementor-element-555a526 elementor-align-center elementor-widget elementor-widget-button\" data-id=\"555a526\" data-element_type=\"widget\" data-e-type=\"widget\" data-widget_type=\"button.default\">\n\t\t\t\t<div class=\"elementor-widget-container\">\n\t\t\t\t\t\t\t\t\t<div class=\"elementor-button-wrapper\">\n\t\t\t\t\t<a class=\"elementor-button elementor-button-link elementor-size-sm\" href=\"https:\/\/wa.me\/34634708634\">\n\t\t\t\t\t\t<span class=\"elementor-button-content-wrapper\">\n\t\t\t\t\t\t\t\t\t<span class=\"elementor-button-text\">Haz clic aqu\u00ed<\/span>\n\t\t\t\t\t<\/span>\n\t\t\t\t\t<\/a>\n\t\t\t\t<\/div>\n\t\t\t\t\t\t\t\t<\/div>\n\t\t\t\t<\/div>\n\t\t\t\t<\/div>\n\t\t<div class=\"elementor-element elementor-element-2c9387c e-con-full e-flex e-con e-child\" data-id=\"2c9387c\" data-element_type=\"container\" data-e-type=\"container\">\n\t\t\t\t<div class=\"elementor-element elementor-element-311103f elementor-widget elementor-widget-heading\" data-id=\"311103f\" data-element_type=\"widget\" data-e-type=\"widget\" data-widget_type=\"heading.default\">\n\t\t\t\t<div class=\"elementor-widget-container\">\n\t\t\t\t\t<h2 class=\"elementor-heading-title elementor-size-default\">Atenci\u00f3n y apoyo en el parto<\/h2>\t\t\t\t<\/div>\n\t\t\t\t<\/div>\n\t\t\t\t<div class=\"elementor-element elementor-element-e8a68d6 elementor-widget elementor-widget-text-editor\" data-id=\"e8a68d6\" data-element_type=\"widget\" data-e-type=\"widget\" data-widget_type=\"text-editor.default\">\n\t\t\t\t<div class=\"elementor-widget-container\">\n\t\t\t\t\t\t\t\t\t<p data-start=\"1244\" data-end=\"1487\">El nacimiento de tu beb\u00e9 es un momento \u00fanico que merece ser vivido con seguridad y confianza. Nuestro equipo te acompa\u00f1a en cada paso, ofreciendo orientaci\u00f3n sobre t\u00e9cnicas de relajaci\u00f3n, control del dolor y preparaci\u00f3n f\u00edsica para el parto.<\/p><p data-start=\"1489\" data-end=\"1657\">Adem\u00e1s, proporcionamos informaci\u00f3n detallada sobre las distintas opciones de parto, para que puedas tomar decisiones informadas y sentirte empoderada en todo momento.<\/p>\t\t\t\t\t\t\t\t<\/div>\n\t\t\t\t<\/div>\n\t\t\t\t<\/div>\n\t\t\t\t\t<\/div>\n\t\t\t\t<\/div>\n\t\t\t\t<\/div>\n\t\t","protected":false},"excerpt":{"rendered":"<p>EMBARAZO, PARTO &#038; POSTPARTO SEGUIMIENTO DEL EMBARAZO EN VALENCIA El embarazo es una etapa transformadora, llena de ilusi\u00f3n y cambios que requieren un acompa\u00f1amiento profesional y humano. Contar con un equipo de especialistas que te gu\u00ede y supervise tu bienestar y el de tu beb\u00e9 es fundamental para vivir esta experiencia con tranquilidad y confianza. [&hellip;]<\/p>\n","protected":false},"author":1,"featured_media":0,"parent":0,"menu_order":0,"comment_status":"closed","ping_status":"closed","template":"","meta":{"footnotes":""},"class_list":["post-192","page","type-page","status-publish","hentry"],"yoast_head":"<!-- This site is optimized with the Yoast SEO plugin v27.1.1 - https:\/\/yoast.com\/product\/yoast-seo-wordpress\/ -->\n<title>Embarazo, Parto y Postparto - Ginecologa Cristina Garcia<\/title>\n<meta name=\"robots\" content=\"index, follow, max-snippet:-1, max-image-preview:large, max-video-preview:-1\" \/>\n<link rel=\"canonical\" href=\"https:\/\/ginecologacristinagarcia.com\/index.php\/embarazo-parto-y-postparto\/\" \/>\n<meta property=\"og:locale\" content=\"es_ES\" \/>\n<meta property=\"og:type\" content=\"article\" \/>\n<meta property=\"og:title\" content=\"Embarazo, Parto y Postparto - Ginecologa Cristina Garcia\" \/>\n<meta property=\"og:description\" content=\"EMBARAZO, PARTO &#038; POSTPARTO SEGUIMIENTO DEL EMBARAZO EN VALENCIA El embarazo es una etapa transformadora, llena de ilusi\u00f3n y cambios que requieren un acompa\u00f1amiento profesional y humano. Contar con un equipo de especialistas que te gu\u00ede y supervise tu bienestar y el de tu beb\u00e9 es fundamental para vivir esta experiencia con tranquilidad y confianza. [&hellip;]\" \/>\n<meta property=\"og:url\" content=\"https:\/\/ginecologacristinagarcia.com\/index.php\/embarazo-parto-y-postparto\/\" \/>\n<meta property=\"og:site_name\" content=\"Ginecologa Cristina Garcia\" \/>\n<meta property=\"article:modified_time\" content=\"2025-05-08T10:40:51+00:00\" \/>\n<meta property=\"og:image\" content=\"https:\/\/ginecologacristinagarcia.com\/wp-content\/uploads\/2025\/02\/Control-embarazo-Valencia.webp\" \/>\n\t<meta property=\"og:image:width\" content=\"1024\" \/>\n\t<meta property=\"og:image:height\" content=\"604\" \/>\n\t<meta property=\"og:image:type\" content=\"image\/webp\" \/>\n<meta name=\"twitter:card\" content=\"summary_large_image\" \/>\n<meta name=\"twitter:label1\" content=\"Tiempo de lectura\" \/>\n\t<meta name=\"twitter:data1\" content=\"2 minutos\" \/>\n<script type=\"application\/ld+json\" class=\"yoast-schema-graph\">{\"@context\":\"https:\/\/schema.org\",\"@graph\":[{\"@type\":\"WebPage\",\"@id\":\"https:\/\/ginecologacristinagarcia.com\/index.php\/embarazo-parto-y-postparto\/\",\"url\":\"https:\/\/ginecologacristinagarcia.com\/index.php\/embarazo-parto-y-postparto\/\",\"name\":\"Embarazo, Parto y Postparto - Ginecologa Cristina Garcia\",\"isPartOf\":{\"@id\":\"https:\/\/ginecologacristinagarcia.com\/#website\"},\"primaryImageOfPage\":{\"@id\":\"https:\/\/ginecologacristinagarcia.com\/index.php\/embarazo-parto-y-postparto\/#primaryimage\"},\"image\":{\"@id\":\"https:\/\/ginecologacristinagarcia.com\/index.php\/embarazo-parto-y-postparto\/#primaryimage\"},\"thumbnailUrl\":\"https:\/\/ginecologacristinagarcia.com\/wp-content\/uploads\/2025\/02\/Control-embarazo-Valencia.webp\",\"datePublished\":\"2025-02-16T18:15:47+00:00\",\"dateModified\":\"2025-05-08T10:40:51+00:00\",\"breadcrumb\":{\"@id\":\"https:\/\/ginecologacristinagarcia.com\/index.php\/embarazo-parto-y-postparto\/#breadcrumb\"},\"inLanguage\":\"es\",\"potentialAction\":[{\"@type\":\"ReadAction\",\"target\":[\"https:\/\/ginecologacristinagarcia.com\/index.php\/embarazo-parto-y-postparto\/\"]}]},{\"@type\":\"ImageObject\",\"inLanguage\":\"es\",\"@id\":\"https:\/\/ginecologacristinagarcia.com\/index.php\/embarazo-parto-y-postparto\/#primaryimage\",\"url\":\"https:\/\/ginecologacristinagarcia.com\/wp-content\/uploads\/2025\/02\/Control-embarazo-Valencia.webp\",\"contentUrl\":\"https:\/\/ginecologacristinagarcia.com\/wp-content\/uploads\/2025\/02\/Control-embarazo-Valencia.webp\",\"width\":1024,\"height\":604},{\"@type\":\"BreadcrumbList\",\"@id\":\"https:\/\/ginecologacristinagarcia.com\/index.php\/embarazo-parto-y-postparto\/#breadcrumb\",\"itemListElement\":[{\"@type\":\"ListItem\",\"position\":1,\"name\":\"Portada\",\"item\":\"https:\/\/ginecologacristinagarcia.com\/\"},{\"@type\":\"ListItem\",\"position\":2,\"name\":\"Embarazo, Parto y Postparto\"}]},{\"@type\":\"WebSite\",\"@id\":\"https:\/\/ginecologacristinagarcia.com\/#website\",\"url\":\"https:\/\/ginecologacristinagarcia.com\/\",\"name\":\"Ginecologa Cristina Garcia\",\"description\":\"\",\"publisher\":{\"@id\":\"https:\/\/ginecologacristinagarcia.com\/#organization\"},\"potentialAction\":[{\"@type\":\"SearchAction\",\"target\":{\"@type\":\"EntryPoint\",\"urlTemplate\":\"https:\/\/ginecologacristinagarcia.com\/?s={search_term_string}\"},\"query-input\":{\"@type\":\"PropertyValueSpecification\",\"valueRequired\":true,\"valueName\":\"search_term_string\"}}],\"inLanguage\":\"es\"},{\"@type\":\"Organization\",\"@id\":\"https:\/\/ginecologacristinagarcia.com\/#organization\",\"name\":\"Ginecologa Cristina Garcia\",\"url\":\"https:\/\/ginecologacristinagarcia.com\/\",\"logo\":{\"@type\":\"ImageObject\",\"inLanguage\":\"es\",\"@id\":\"https:\/\/ginecologacristinagarcia.com\/#\/schema\/logo\/image\/\",\"url\":\"https:\/\/ginecologacristinagarcia.com\/wp-content\/uploads\/2025\/02\/cropped-logo-06.png\",\"contentUrl\":\"https:\/\/ginecologacristinagarcia.com\/wp-content\/uploads\/2025\/02\/cropped-logo-06.png\",\"width\":2001,\"height\":509,\"caption\":\"Ginecologa Cristina Garcia\"},\"image\":{\"@id\":\"https:\/\/ginecologacristinagarcia.com\/#\/schema\/logo\/image\/\"}}]}<\/script>\n<!-- \/ Yoast SEO plugin. -->","yoast_head_json":{"title":"Embarazo, Parto y Postparto - Ginecologa Cristina Garcia","robots":{"index":"index","follow":"follow","max-snippet":"max-snippet:-1","max-image-preview":"max-image-preview:large","max-video-preview":"max-video-preview:-1"},"canonical":"https:\/\/ginecologacristinagarcia.com\/index.php\/embarazo-parto-y-postparto\/","og_locale":"es_ES","og_type":"article","og_title":"Embarazo, Parto y Postparto - Ginecologa Cristina Garcia","og_description":"EMBARAZO, PARTO &#038; POSTPARTO SEGUIMIENTO DEL EMBARAZO EN VALENCIA El embarazo es una etapa transformadora, llena de ilusi\u00f3n y cambios que requieren un acompa\u00f1amiento profesional y humano. Contar con un equipo de especialistas que te gu\u00ede y supervise tu bienestar y el de tu beb\u00e9 es fundamental para vivir esta experiencia con tranquilidad y confianza. [&hellip;]","og_url":"https:\/\/ginecologacristinagarcia.com\/index.php\/embarazo-parto-y-postparto\/","og_site_name":"Ginecologa Cristina Garcia","article_modified_time":"2025-05-08T10:40:51+00:00","og_image":[{"width":1024,"height":604,"url":"https:\/\/ginecologacristinagarcia.com\/wp-content\/uploads\/2025\/02\/Control-embarazo-Valencia.webp","type":"image\/webp"}],"twitter_card":"summary_large_image","twitter_misc":{"Tiempo de lectura":"2 minutos"},"schema":{"@context":"https:\/\/schema.org","@graph":[{"@type":"WebPage","@id":"https:\/\/ginecologacristinagarcia.com\/index.php\/embarazo-parto-y-postparto\/","url":"https:\/\/ginecologacristinagarcia.com\/index.php\/embarazo-parto-y-postparto\/","name":"Embarazo, Parto y Postparto - Ginecologa Cristina Garcia","isPartOf":{"@id":"https:\/\/ginecologacristinagarcia.com\/#website"},"primaryImageOfPage":{"@id":"https:\/\/ginecologacristinagarcia.com\/index.php\/embarazo-parto-y-postparto\/#primaryimage"},"image":{"@id":"https:\/\/ginecologacristinagarcia.com\/index.php\/embarazo-parto-y-postparto\/#primaryimage"},"thumbnailUrl":"https:\/\/ginecologacristinagarcia.com\/wp-content\/uploads\/2025\/02\/Control-embarazo-Valencia.webp","datePublished":"2025-02-16T18:15:47+00:00","dateModified":"2025-05-08T10:40:51+00:00","breadcrumb":{"@id":"https:\/\/ginecologacristinagarcia.com\/index.php\/embarazo-parto-y-postparto\/#breadcrumb"},"inLanguage":"es","potentialAction":[{"@type":"ReadAction","target":["https:\/\/ginecologacristinagarcia.com\/index.php\/embarazo-parto-y-postparto\/"]}]},{"@type":"ImageObject","inLanguage":"es","@id":"https:\/\/ginecologacristinagarcia.com\/index.php\/embarazo-parto-y-postparto\/#primaryimage","url":"https:\/\/ginecologacristinagarcia.com\/wp-content\/uploads\/2025\/02\/Control-embarazo-Valencia.webp","contentUrl":"https:\/\/ginecologacristinagarcia.com\/wp-content\/uploads\/2025\/02\/Control-embarazo-Valencia.webp","width":1024,"height":604},{"@type":"BreadcrumbList","@id":"https:\/\/ginecologacristinagarcia.com\/index.php\/embarazo-parto-y-postparto\/#breadcrumb","itemListElement":[{"@type":"ListItem","position":1,"name":"Portada","item":"https:\/\/ginecologacristinagarcia.com\/"},{"@type":"ListItem","position":2,"name":"Embarazo, Parto y Postparto"}]},{"@type":"WebSite","@id":"https:\/\/ginecologacristinagarcia.com\/#website","url":"https:\/\/ginecologacristinagarcia.com\/","name":"Ginecologa Cristina Garcia","description":"","publisher":{"@id":"https:\/\/ginecologacristinagarcia.com\/#organization"},"potentialAction":[{"@type":"SearchAction","target":{"@type":"EntryPoint","urlTemplate":"https:\/\/ginecologacristinagarcia.com\/?s={search_term_string}"},"query-input":{"@type":"PropertyValueSpecification","valueRequired":true,"valueName":"search_term_string"}}],"inLanguage":"es"},{"@type":"Organization","@id":"https:\/\/ginecologacristinagarcia.com\/#organization","name":"Ginecologa Cristina Garcia","url":"https:\/\/ginecologacristinagarcia.com\/","logo":{"@type":"ImageObject","inLanguage":"es","@id":"https:\/\/ginecologacristinagarcia.com\/#\/schema\/logo\/image\/","url":"https:\/\/ginecologacristinagarcia.com\/wp-content\/uploads\/2025\/02\/cropped-logo-06.png","contentUrl":"https:\/\/ginecologacristinagarcia.com\/wp-content\/uploads\/2025\/02\/cropped-logo-06.png","width":2001,"height":509,"caption":"Ginecologa Cristina Garcia"},"image":{"@id":"https:\/\/ginecologacristinagarcia.com\/#\/schema\/logo\/image\/"}}]}},"_links":{"self":[{"href":"https:\/\/ginecologacristinagarcia.com\/index.php\/wp-json\/wp\/v2\/pages\/192","targetHints":{"allow":["GET"]}}],"collection":[{"href":"https:\/\/ginecologacristinagarcia.com\/index.php\/wp-json\/wp\/v2\/pages"}],"about":[{"href":"https:\/\/ginecologacristinagarcia.com\/index.php\/wp-json\/wp\/v2\/types\/page"}],"author":[{"embeddable":true,"href":"https:\/\/ginecologacristinagarcia.com\/index.php\/wp-json\/wp\/v2\/users\/1"}],"replies":[{"embeddable":true,"href":"https:\/\/ginecologacristinagarcia.com\/index.php\/wp-json\/wp\/v2\/comments?post=192"}],"version-history":[{"count":16,"href":"https:\/\/ginecologacristinagarcia.com\/index.php\/wp-json\/wp\/v2\/pages\/192\/revisions"}],"predecessor-version":[{"id":731,"href":"https:\/\/ginecologacristinagarcia.com\/index.php\/wp-json\/wp\/v2\/pages\/192\/revisions\/731"}],"wp:attachment":[{"href":"https:\/\/ginecologacristinagarcia.com\/index.php\/wp-json\/wp\/v2\/media?parent=192"}],"curies":[{"name":"wp","href":"https:\/\/api.w.org\/{rel}","templated":true}]}}